{"id":8009,"date":"2023-03-01T18:33:15","date_gmt":"2023-03-01T18:33:15","guid":{"rendered":"https:\/\/bookandbilias.us\/?post_type=product&#038;p=8009"},"modified":"2023-08-18T14:15:01","modified_gmt":"2023-08-18T14:15:01","slug":"flowers-for-maria-sucel-english-edition","status":"publish","type":"product","link":"https:\/\/bookandbilias.us\/es\/product\/flowers-for-maria-sucel-english-edition\/","title":{"rendered":"Flowers for Maria Sucel \u2014English edition\u2014"},"content":{"rendered":"","protected":false},"excerpt":{"rendered":"<p><strong>EL EXILIO NO SIEMPRE ES FI\u0301SICO<\/strong>. En esta saga de amor, coraje y quebrantamiento, el autor reflexiona sobre el viaje de una familia repentinamente empobrecida que lucha por sobrevivir la migracio\u0301n a una fri\u0301a e indiferente capital del tercer mundo. Sus miembros, tratan desesperadamente de mantener el cuerpo y el alma juntos, mientras son destrozados por sus exilios internos: una mujer que tiene un hijo tras otro en silenciosa sumisio\u0301n a la tradicio\u0301n. Nin\u0303os desconcertados y desapegados por la agitacio\u0301n constante. La vida secreta de un padre y su amargo ostracismo que lo convierte en un extran\u0303o solitario bajo el techo familiar. En\u00a0<em>Flores para Mari\u0301a Sucel<\/em>, el amor es una cosa fra\u0301gil pero duradera que florece cuando menos se espera.<\/p>\n<p>&nbsp;<\/p>\n<p><a href=\"https:\/\/www.amazon.com\/Flowers-Maria-Sucel-William-Casta%C3%B1o-Bedoya\/dp\/1736916882?ref_=ast_author_dp\"><img decoding=\"async\" class=\"alignnone size-medium wp-image-7582\" src=\"https:\/\/bookandbilias.us\/wp-content\/uploads\/2020\/09\/amamzonbooksbutton-1-300x35.png\" alt=\"\" width=\"300\" height=\"35\" srcset=\"https:\/\/bookandbilias.us\/wp-content\/uploads\/2020\/09\/amamzonbooksbutton-1-300x35.png 300w, https:\/\/bookandbilias.us\/wp-content\/uploads\/2020\/09\/amamzonbooksbutton-1.png 400w\" sizes=\"(max-width: 300px) 100vw, 300px\" \/><\/a><\/p>\n<h4 class=\"product_meta_title\">Info:<\/h4>\n<div>\n<div>Paperback (Tapa blanda) ISBN: 9781736916889<\/div>\n<div>Hardcover (Tapa dura) ISBN: 9781736916896<br \/>\n<span class=\"a-text-bold\">e-Book ISBN:: 9780578266787<\/span><\/div>\n<div>G\u00e9nero: Ficci\u00f3n Hist\u00f3rica<\/div>\n<div>Idioma: Ingl\u00e9s<br \/>\nEditorial: Book&amp;Bilias<\/div>\n<\/div>\n","protected":false},"featured_media":7915,"template":"","meta":[],"product_brand":[],"product_cat":[80,200,202,196],"product_tag":[],"class_list":{"0":"post-8009","1":"product","2":"type-product","3":"status-publish","4":"has-post-thumbnail","6":"product_cat-hardcover","7":"product_cat-literature-fiction","8":"product_cat-psychological-fiction","9":"product_cat-spanish","11":"first","12":"instock","13":"product-type-simple"},"yoast_head":"<!-- This site is optimized with the Yoast SEO plugin v24.4 - https:\/\/yoast.com\/wordpress\/plugins\/seo\/ -->\n<title>Flowers for Maria Sucel \u2014English edition\u2014 - Book&amp;Bilias<\/title>\n<meta name=\"robots\" content=\"index, follow, max-snippet:-1, max-image-preview:large, max-video-preview:-1\" \/>\n<link rel=\"canonical\" href=\"https:\/\/bookandbilias.us\/es\/product\/flowers-for-maria-sucel-english-edition\/\" \/>\n<meta property=\"og:locale\" content=\"es_ES\" \/>\n<meta property=\"og:type\" content=\"article\" \/>\n<meta property=\"og:title\" content=\"Flowers for Maria Sucel \u2014English edition\u2014 - Book&amp;Bilias\" \/>\n<meta property=\"og:description\" content=\"EL EXILIO NO SIEMPRE ES FI\u0301SICO. En esta saga de amor, coraje y quebrantamiento, el autor reflexiona sobre el viaje de una familia repentinamente empobrecida que lucha por sobrevivir la migracio\u0301n a una fri\u0301a e indiferente capital del tercer mundo. Sus miembros, tratan desesperadamente de mantener el cuerpo y el alma juntos, mientras son destrozados por sus exilios internos: una mujer que tiene un hijo tras otro en silenciosa sumisio\u0301n a la tradicio\u0301n. Nin\u0303os desconcertados y desapegados por la agitacio\u0301n constante. La vida secreta de un padre y su amargo ostracismo que lo convierte en un extran\u0303o solitario bajo el techo familiar. En\u00a0Flores para Mari\u0301a Sucel, el amor es una cosa fra\u0301gil pero duradera que florece cuando menos se espera.  &nbsp;   Info:  Paperback (Tapa blanda) ISBN: 9781736916889 Hardcover (Tapa dura) ISBN: 9781736916896 e-Book ISBN:: 9780578266787 G\u00e9nero: Ficci\u00f3n Hist\u00f3rica Idioma: Ingl\u00e9s Editorial: Book&amp;Bilias\" \/>\n<meta property=\"og:url\" content=\"https:\/\/bookandbilias.us\/es\/product\/flowers-for-maria-sucel-english-edition\/\" \/>\n<meta property=\"og:site_name\" content=\"Book&amp;Bilias\" \/>\n<meta property=\"article:modified_time\" content=\"2023-08-18T14:15:01+00:00\" \/>\n<meta property=\"og:image\" content=\"https:\/\/bookandbilias.us\/wp-content\/uploads\/2023\/02\/FlowersEnglishshop.png\" \/>\n\t<meta property=\"og:image:width\" content=\"720\" \/>\n\t<meta property=\"og:image:height\" content=\"800\" \/>\n\t<meta property=\"og:image:type\" content=\"image\/png\" \/>\n<meta name=\"twitter:card\" content=\"summary_large_image\" \/>\n<script type=\"application\/ld+json\" class=\"yoast-schema-graph\">{\"@context\":\"https:\/\/schema.org\",\"@graph\":[{\"@type\":\"WebPage\",\"@id\":\"https:\/\/bookandbilias.us\/es\/product\/flowers-for-maria-sucel-english-edition\/\",\"url\":\"https:\/\/bookandbilias.us\/es\/product\/flowers-for-maria-sucel-english-edition\/\",\"name\":\"Flowers for Maria Sucel \u2014English edition\u2014 - Book&amp;Bilias\",\"isPartOf\":{\"@id\":\"https:\/\/bookandbilias.us\/es\/#website\"},\"primaryImageOfPage\":{\"@id\":\"https:\/\/bookandbilias.us\/es\/product\/flowers-for-maria-sucel-english-edition\/#primaryimage\"},\"image\":{\"@id\":\"https:\/\/bookandbilias.us\/es\/product\/flowers-for-maria-sucel-english-edition\/#primaryimage\"},\"thumbnailUrl\":\"https:\/\/bookandbilias.us\/wp-content\/uploads\/2023\/02\/FlowersEnglishshop.png\",\"datePublished\":\"2023-03-01T18:33:15+00:00\",\"dateModified\":\"2023-08-18T14:15:01+00:00\",\"breadcrumb\":{\"@id\":\"https:\/\/bookandbilias.us\/es\/product\/flowers-for-maria-sucel-english-edition\/#breadcrumb\"},\"inLanguage\":\"es\",\"potentialAction\":[{\"@type\":\"ReadAction\",\"target\":[\"https:\/\/bookandbilias.us\/es\/product\/flowers-for-maria-sucel-english-edition\/\"]}]},{\"@type\":\"ImageObject\",\"inLanguage\":\"es\",\"@id\":\"https:\/\/bookandbilias.us\/es\/product\/flowers-for-maria-sucel-english-edition\/#primaryimage\",\"url\":\"https:\/\/bookandbilias.us\/wp-content\/uploads\/2023\/02\/FlowersEnglishshop.png\",\"contentUrl\":\"https:\/\/bookandbilias.us\/wp-content\/uploads\/2023\/02\/FlowersEnglishshop.png\",\"width\":720,\"height\":800},{\"@type\":\"BreadcrumbList\",\"@id\":\"https:\/\/bookandbilias.us\/es\/product\/flowers-for-maria-sucel-english-edition\/#breadcrumb\",\"itemListElement\":[{\"@type\":\"ListItem\",\"position\":1,\"name\":\"Portada\",\"item\":\"https:\/\/bookandbilias.us\/es\/\"},{\"@type\":\"ListItem\",\"position\":2,\"name\":\"Novelas\",\"item\":\"https:\/\/bookandbilias.us\/novelas-2\/\"},{\"@type\":\"ListItem\",\"position\":3,\"name\":\"Flowers for Maria Sucel \u2014English edition\u2014\"}]},{\"@type\":\"WebSite\",\"@id\":\"https:\/\/bookandbilias.us\/es\/#website\",\"url\":\"https:\/\/bookandbilias.us\/es\/\",\"name\":\"Book&Bilias\",\"description\":\"\",\"publisher\":{\"@id\":\"https:\/\/bookandbilias.us\/es\/#organization\"},\"potentialAction\":[{\"@type\":\"SearchAction\",\"target\":{\"@type\":\"EntryPoint\",\"urlTemplate\":\"https:\/\/bookandbilias.us\/es\/?s={search_term_string}\"},\"query-input\":{\"@type\":\"PropertyValueSpecification\",\"valueRequired\":true,\"valueName\":\"search_term_string\"}}],\"inLanguage\":\"es\"},{\"@type\":\"Organization\",\"@id\":\"https:\/\/bookandbilias.us\/es\/#organization\",\"name\":\"Book&Bilias\",\"url\":\"https:\/\/bookandbilias.us\/es\/\",\"logo\":{\"@type\":\"ImageObject\",\"inLanguage\":\"es\",\"@id\":\"https:\/\/bookandbilias.us\/es\/#\/schema\/logo\/image\/\",\"url\":\"https:\/\/bookandbilias.us\/wp-content\/uploads\/2021\/05\/logo-01-light-copy.png\",\"contentUrl\":\"https:\/\/bookandbilias.us\/wp-content\/uploads\/2021\/05\/logo-01-light-copy.png\",\"width\":346,\"height\":52,\"caption\":\"Book&Bilias\"},\"image\":{\"@id\":\"https:\/\/bookandbilias.us\/es\/#\/schema\/logo\/image\/\"}}]}<\/script>\n<!-- \/ Yoast SEO plugin. -->","yoast_head_json":{"title":"Flowers for Maria Sucel \u2014English edition\u2014 - Book&amp;Bilias","robots":{"index":"index","follow":"follow","max-snippet":"max-snippet:-1","max-image-preview":"max-image-preview:large","max-video-preview":"max-video-preview:-1"},"canonical":"https:\/\/bookandbilias.us\/es\/product\/flowers-for-maria-sucel-english-edition\/","og_locale":"es_ES","og_type":"article","og_title":"Flowers for Maria Sucel \u2014English edition\u2014 - Book&amp;Bilias","og_description":"EL EXILIO NO SIEMPRE ES FI\u0301SICO. En esta saga de amor, coraje y quebrantamiento, el autor reflexiona sobre el viaje de una familia repentinamente empobrecida que lucha por sobrevivir la migracio\u0301n a una fri\u0301a e indiferente capital del tercer mundo. Sus miembros, tratan desesperadamente de mantener el cuerpo y el alma juntos, mientras son destrozados por sus exilios internos: una mujer que tiene un hijo tras otro en silenciosa sumisio\u0301n a la tradicio\u0301n. Nin\u0303os desconcertados y desapegados por la agitacio\u0301n constante. La vida secreta de un padre y su amargo ostracismo que lo convierte en un extran\u0303o solitario bajo el techo familiar. En\u00a0Flores para Mari\u0301a Sucel, el amor es una cosa fra\u0301gil pero duradera que florece cuando menos se espera.  &nbsp;   Info:  Paperback (Tapa blanda) ISBN: 9781736916889 Hardcover (Tapa dura) ISBN: 9781736916896 e-Book ISBN:: 9780578266787 G\u00e9nero: Ficci\u00f3n Hist\u00f3rica Idioma: Ingl\u00e9s Editorial: Book&amp;Bilias","og_url":"https:\/\/bookandbilias.us\/es\/product\/flowers-for-maria-sucel-english-edition\/","og_site_name":"Book&amp;Bilias","article_modified_time":"2023-08-18T14:15:01+00:00","og_image":[{"width":720,"height":800,"url":"https:\/\/bookandbilias.us\/wp-content\/uploads\/2023\/02\/FlowersEnglishshop.png","type":"image\/png"}],"twitter_card":"summary_large_image","schema":{"@context":"https:\/\/schema.org","@graph":[{"@type":"WebPage","@id":"https:\/\/bookandbilias.us\/es\/product\/flowers-for-maria-sucel-english-edition\/","url":"https:\/\/bookandbilias.us\/es\/product\/flowers-for-maria-sucel-english-edition\/","name":"Flowers for Maria Sucel \u2014English edition\u2014 - Book&amp;Bilias","isPartOf":{"@id":"https:\/\/bookandbilias.us\/es\/#website"},"primaryImageOfPage":{"@id":"https:\/\/bookandbilias.us\/es\/product\/flowers-for-maria-sucel-english-edition\/#primaryimage"},"image":{"@id":"https:\/\/bookandbilias.us\/es\/product\/flowers-for-maria-sucel-english-edition\/#primaryimage"},"thumbnailUrl":"https:\/\/bookandbilias.us\/wp-content\/uploads\/2023\/02\/FlowersEnglishshop.png","datePublished":"2023-03-01T18:33:15+00:00","dateModified":"2023-08-18T14:15:01+00:00","breadcrumb":{"@id":"https:\/\/bookandbilias.us\/es\/product\/flowers-for-maria-sucel-english-edition\/#breadcrumb"},"inLanguage":"es","potentialAction":[{"@type":"ReadAction","target":["https:\/\/bookandbilias.us\/es\/product\/flowers-for-maria-sucel-english-edition\/"]}]},{"@type":"ImageObject","inLanguage":"es","@id":"https:\/\/bookandbilias.us\/es\/product\/flowers-for-maria-sucel-english-edition\/#primaryimage","url":"https:\/\/bookandbilias.us\/wp-content\/uploads\/2023\/02\/FlowersEnglishshop.png","contentUrl":"https:\/\/bookandbilias.us\/wp-content\/uploads\/2023\/02\/FlowersEnglishshop.png","width":720,"height":800},{"@type":"BreadcrumbList","@id":"https:\/\/bookandbilias.us\/es\/product\/flowers-for-maria-sucel-english-edition\/#breadcrumb","itemListElement":[{"@type":"ListItem","position":1,"name":"Portada","item":"https:\/\/bookandbilias.us\/es\/"},{"@type":"ListItem","position":2,"name":"Novelas","item":"https:\/\/bookandbilias.us\/novelas-2\/"},{"@type":"ListItem","position":3,"name":"Flowers for Maria Sucel \u2014English edition\u2014"}]},{"@type":"WebSite","@id":"https:\/\/bookandbilias.us\/es\/#website","url":"https:\/\/bookandbilias.us\/es\/","name":"Book&Bilias","description":"","publisher":{"@id":"https:\/\/bookandbilias.us\/es\/#organization"},"potentialAction":[{"@type":"SearchAction","target":{"@type":"EntryPoint","urlTemplate":"https:\/\/bookandbilias.us\/es\/?s={search_term_string}"},"query-input":{"@type":"PropertyValueSpecification","valueRequired":true,"valueName":"search_term_string"}}],"inLanguage":"es"},{"@type":"Organization","@id":"https:\/\/bookandbilias.us\/es\/#organization","name":"Book&Bilias","url":"https:\/\/bookandbilias.us\/es\/","logo":{"@type":"ImageObject","inLanguage":"es","@id":"https:\/\/bookandbilias.us\/es\/#\/schema\/logo\/image\/","url":"https:\/\/bookandbilias.us\/wp-content\/uploads\/2021\/05\/logo-01-light-copy.png","contentUrl":"https:\/\/bookandbilias.us\/wp-content\/uploads\/2021\/05\/logo-01-light-copy.png","width":346,"height":52,"caption":"Book&Bilias"},"image":{"@id":"https:\/\/bookandbilias.us\/es\/#\/schema\/logo\/image\/"}}]}},"_links":{"self":[{"href":"https:\/\/bookandbilias.us\/es\/wp-json\/wp\/v2\/product\/8009","targetHints":{"allow":["GET"]}}],"collection":[{"href":"https:\/\/bookandbilias.us\/es\/wp-json\/wp\/v2\/product"}],"about":[{"href":"https:\/\/bookandbilias.us\/es\/wp-json\/wp\/v2\/types\/product"}],"version-history":[{"count":0,"href":"https:\/\/bookandbilias.us\/es\/wp-json\/wp\/v2\/product\/8009\/revisions"}],"wp:featuredmedia":[{"embeddable":true,"href":"https:\/\/bookandbilias.us\/es\/wp-json\/wp\/v2\/media\/7915"}],"wp:attachment":[{"href":"https:\/\/bookandbilias.us\/es\/wp-json\/wp\/v2\/media?parent=8009"}],"wp:term":[{"taxonomy":"product_brand","embeddable":true,"href":"https:\/\/bookandbilias.us\/es\/wp-json\/wp\/v2\/product_brand?post=8009"},{"taxonomy":"product_cat","embeddable":true,"href":"https:\/\/bookandbilias.us\/es\/wp-json\/wp\/v2\/product_cat?post=8009"},{"taxonomy":"product_tag","embeddable":true,"href":"https:\/\/bookandbilias.us\/es\/wp-json\/wp\/v2\/product_tag?post=8009"}],"curies":[{"name":"wp","href":"https:\/\/api.w.org\/{rel}","templated":true}]}}