{"id":8007,"date":"2023-07-15T18:26:48","date_gmt":"2023-07-15T18:26:48","guid":{"rendered":"https:\/\/bookandbilias.us\/?post_type=product&#038;p=8007"},"modified":"2023-08-18T13:48:09","modified_gmt":"2023-08-18T13:48:09","slug":"los-mendigos-de-la-luz-de-mercurio-we-the-other-people-spanish-edition","status":"publish","type":"product","link":"https:\/\/bookandbilias.us\/es\/product\/los-mendigos-de-la-luz-de-mercurio-we-the-other-people-spanish-edition\/","title":{"rendered":"Los Mendigos de la Luz de Mercurio \u2014We the other People\u2014"},"content":{"rendered":"","protected":false},"excerpt":{"rendered":"<p class=\"p1\"><em>Los mendigos de la luz de mercurio \u2014We the other people\u2014<\/em> hace su debut como novela social dentro de la literatura norteamericana. Narra la fusi\u00f3n del poder pol\u00edtico y la pobreza invisible en medio de la crisis de los valores conservadores de la sociedad, la injusticia social, los excesos de los extremismos y la politizaci\u00f3n del sufrimiento como herramienta de poder.<\/p>\n<p class=\"p1\">La historia se enfoca en una familia, los Newman, ca\u00eddos en una desgracia econ\u00f3mica que sume a su patriarca en estado depresivo en los a\u00f1os previos a la crisis de salud global, que, a la postre, termina siendo el tel\u00f3n de fondo de la novela. Steve Newman representa al patriarca que lucha por superarse, creando juegos imaginarios en los que mezcla vivencias y ficciones como terapia para espantar la depresi\u00f3n. De su desventura y agobio sin embargo, surge la resiliencia que lo rescata de los demonios que lo persiguen y termina convirti\u00e9ndolo en un conmiserado social. Steve sobrelleva su nueva vida conociendo de primera mano el abandono de los invisibles sociales desde la pobreza y no desde el trono de la opulencia como sol\u00eda percibirla antes de su fracaso. La novela de Casta\u00f1o-Bedoya recrea la vida de quienes sobrellevan su existencia bajo el desamparo de la Constituci\u00f3n y de quienes claman por su derecho universal a vivir sin miedo.<\/p>\n<h4 class=\"product_meta_title\">Info:<\/h4>\n<div>Paperback (Tapa Blanda) \u00b7 ISBN 9798987734940<br \/>\nHardCover (Tapa dura) \u00b7 ISBN 9798987734957<br \/>\ne-Book \u00b7 ISBN 9798988867104<br \/>\nG\u00e9nero: Ficci\u00f3n Literaria \u00b7 Social Contempor\u00e1nea<\/div>\n<div>Idioma: Espa\u00f1ol<br \/>\nEditorial: Book&amp;Bilias<\/div>\n","protected":false},"featured_media":7919,"template":"","meta":[],"product_brand":[],"product_cat":[199,212,204,80,203,200,201,78,197,198],"product_tag":[],"class_list":{"0":"post-8007","1":"product","2":"type-product","3":"status-publish","4":"has-post-thumbnail","6":"product_cat-ebook","7":"product_cat-english-languaje","8":"product_cat-ficcion-historica","9":"product_cat-hardcover","10":"product_cat-historical-fiction","11":"product_cat-literature-fiction","12":"product_cat-literature-fiction-literature-fiction","13":"product_cat-paperback","14":"product_cat-tapa-blanda","15":"product_cat-tapa-dura","17":"first","18":"instock","19":"product-type-simple"},"yoast_head":"<!-- This site is optimized with the Yoast SEO plugin v24.4 - https:\/\/yoast.com\/wordpress\/plugins\/seo\/ -->\n<title>Los Mendigos de la Luz de Mercurio \u2014We the other People\u2014 - Book&amp;Bilias<\/title>\n<meta name=\"robots\" content=\"index, follow, max-snippet:-1, max-image-preview:large, max-video-preview:-1\" \/>\n<link rel=\"canonical\" href=\"https:\/\/bookandbilias.us\/es\/product\/los-mendigos-de-la-luz-de-mercurio-we-the-other-people-spanish-edition\/\" \/>\n<meta property=\"og:locale\" content=\"es_ES\" \/>\n<meta property=\"og:type\" content=\"article\" \/>\n<meta property=\"og:title\" content=\"Los Mendigos de la Luz de Mercurio \u2014We the other People\u2014 - Book&amp;Bilias\" \/>\n<meta property=\"og:description\" content=\"Los mendigos de la luz de mercurio \u2014We the other people\u2014 hace su debut como novela social dentro de la literatura norteamericana. Narra la fusi\u00f3n del poder pol\u00edtico y la pobreza invisible en medio de la crisis de los valores conservadores de la sociedad, la injusticia social, los excesos de los extremismos y la politizaci\u00f3n del sufrimiento como herramienta de poder. La historia se enfoca en una familia, los Newman, ca\u00eddos en una desgracia econ\u00f3mica que sume a su patriarca en estado depresivo en los a\u00f1os previos a la crisis de salud global, que, a la postre, termina siendo el tel\u00f3n de fondo de la novela. Steve Newman representa al patriarca que lucha por superarse, creando juegos imaginarios en los que mezcla vivencias y ficciones como terapia para espantar la depresi\u00f3n. De su desventura y agobio sin embargo, surge la resiliencia que lo rescata de los demonios que lo persiguen y termina convirti\u00e9ndolo en un conmiserado social. Steve sobrelleva su nueva vida conociendo de primera mano el abandono de los invisibles sociales desde la pobreza y no desde el trono de la opulencia como sol\u00eda percibirla antes de su fracaso. La novela de Casta\u00f1o-Bedoya recrea la vida de quienes sobrellevan su existencia bajo el desamparo de la Constituci\u00f3n y de quienes claman por su derecho universal a vivir sin miedo.  Info: Paperback (Tapa Blanda) \u00b7 ISBN 9798987734940 HardCover (Tapa dura) \u00b7 ISBN 9798987734957 e-Book \u00b7 ISBN 9798988867104 G\u00e9nero: Ficci\u00f3n Literaria \u00b7 Social Contempor\u00e1nea Idioma: Espa\u00f1ol Editorial: Book&amp;Bilias\" \/>\n<meta property=\"og:url\" content=\"https:\/\/bookandbilias.us\/es\/product\/los-mendigos-de-la-luz-de-mercurio-we-the-other-people-spanish-edition\/\" \/>\n<meta property=\"og:site_name\" content=\"Book&amp;Bilias\" \/>\n<meta property=\"article:modified_time\" content=\"2023-08-18T13:48:09+00:00\" \/>\n<meta property=\"og:image\" content=\"https:\/\/bookandbilias.us\/wp-content\/uploads\/2023\/02\/MendigosSpanishshop.png\" \/>\n\t<meta property=\"og:image:width\" content=\"720\" \/>\n\t<meta property=\"og:image:height\" content=\"800\" \/>\n\t<meta property=\"og:image:type\" content=\"image\/png\" \/>\n<meta name=\"twitter:card\" content=\"summary_large_image\" \/>\n<script type=\"application\/ld+json\" class=\"yoast-schema-graph\">{\"@context\":\"https:\/\/schema.org\",\"@graph\":[{\"@type\":\"WebPage\",\"@id\":\"https:\/\/bookandbilias.us\/es\/product\/los-mendigos-de-la-luz-de-mercurio-we-the-other-people-spanish-edition\/\",\"url\":\"https:\/\/bookandbilias.us\/es\/product\/los-mendigos-de-la-luz-de-mercurio-we-the-other-people-spanish-edition\/\",\"name\":\"Los Mendigos de la Luz de Mercurio \u2014We the other People\u2014 - Book&amp;Bilias\",\"isPartOf\":{\"@id\":\"https:\/\/bookandbilias.us\/es\/#website\"},\"primaryImageOfPage\":{\"@id\":\"https:\/\/bookandbilias.us\/es\/product\/los-mendigos-de-la-luz-de-mercurio-we-the-other-people-spanish-edition\/#primaryimage\"},\"image\":{\"@id\":\"https:\/\/bookandbilias.us\/es\/product\/los-mendigos-de-la-luz-de-mercurio-we-the-other-people-spanish-edition\/#primaryimage\"},\"thumbnailUrl\":\"https:\/\/bookandbilias.us\/wp-content\/uploads\/2023\/02\/MendigosSpanishshop.png\",\"datePublished\":\"2023-07-15T18:26:48+00:00\",\"dateModified\":\"2023-08-18T13:48:09+00:00\",\"breadcrumb\":{\"@id\":\"https:\/\/bookandbilias.us\/es\/product\/los-mendigos-de-la-luz-de-mercurio-we-the-other-people-spanish-edition\/#breadcrumb\"},\"inLanguage\":\"es\",\"potentialAction\":[{\"@type\":\"ReadAction\",\"target\":[\"https:\/\/bookandbilias.us\/es\/product\/los-mendigos-de-la-luz-de-mercurio-we-the-other-people-spanish-edition\/\"]}]},{\"@type\":\"ImageObject\",\"inLanguage\":\"es\",\"@id\":\"https:\/\/bookandbilias.us\/es\/product\/los-mendigos-de-la-luz-de-mercurio-we-the-other-people-spanish-edition\/#primaryimage\",\"url\":\"https:\/\/bookandbilias.us\/wp-content\/uploads\/2023\/02\/MendigosSpanishshop.png\",\"contentUrl\":\"https:\/\/bookandbilias.us\/wp-content\/uploads\/2023\/02\/MendigosSpanishshop.png\",\"width\":720,\"height\":800},{\"@type\":\"BreadcrumbList\",\"@id\":\"https:\/\/bookandbilias.us\/es\/product\/los-mendigos-de-la-luz-de-mercurio-we-the-other-people-spanish-edition\/#breadcrumb\",\"itemListElement\":[{\"@type\":\"ListItem\",\"position\":1,\"name\":\"Portada\",\"item\":\"https:\/\/bookandbilias.us\/es\/\"},{\"@type\":\"ListItem\",\"position\":2,\"name\":\"Novelas\",\"item\":\"https:\/\/bookandbilias.us\/novelas-2\/\"},{\"@type\":\"ListItem\",\"position\":3,\"name\":\"Los Mendigos de la Luz de Mercurio \u2014We the other People\u2014\"}]},{\"@type\":\"WebSite\",\"@id\":\"https:\/\/bookandbilias.us\/es\/#website\",\"url\":\"https:\/\/bookandbilias.us\/es\/\",\"name\":\"Book&Bilias\",\"description\":\"\",\"publisher\":{\"@id\":\"https:\/\/bookandbilias.us\/es\/#organization\"},\"potentialAction\":[{\"@type\":\"SearchAction\",\"target\":{\"@type\":\"EntryPoint\",\"urlTemplate\":\"https:\/\/bookandbilias.us\/es\/?s={search_term_string}\"},\"query-input\":{\"@type\":\"PropertyValueSpecification\",\"valueRequired\":true,\"valueName\":\"search_term_string\"}}],\"inLanguage\":\"es\"},{\"@type\":\"Organization\",\"@id\":\"https:\/\/bookandbilias.us\/es\/#organization\",\"name\":\"Book&Bilias\",\"url\":\"https:\/\/bookandbilias.us\/es\/\",\"logo\":{\"@type\":\"ImageObject\",\"inLanguage\":\"es\",\"@id\":\"https:\/\/bookandbilias.us\/es\/#\/schema\/logo\/image\/\",\"url\":\"https:\/\/bookandbilias.us\/wp-content\/uploads\/2021\/05\/logo-01-light-copy.png\",\"contentUrl\":\"https:\/\/bookandbilias.us\/wp-content\/uploads\/2021\/05\/logo-01-light-copy.png\",\"width\":346,\"height\":52,\"caption\":\"Book&Bilias\"},\"image\":{\"@id\":\"https:\/\/bookandbilias.us\/es\/#\/schema\/logo\/image\/\"}}]}<\/script>\n<!-- \/ Yoast SEO plugin. -->","yoast_head_json":{"title":"Los Mendigos de la Luz de Mercurio \u2014We the other People\u2014 - Book&amp;Bilias","robots":{"index":"index","follow":"follow","max-snippet":"max-snippet:-1","max-image-preview":"max-image-preview:large","max-video-preview":"max-video-preview:-1"},"canonical":"https:\/\/bookandbilias.us\/es\/product\/los-mendigos-de-la-luz-de-mercurio-we-the-other-people-spanish-edition\/","og_locale":"es_ES","og_type":"article","og_title":"Los Mendigos de la Luz de Mercurio \u2014We the other People\u2014 - Book&amp;Bilias","og_description":"Los mendigos de la luz de mercurio \u2014We the other people\u2014 hace su debut como novela social dentro de la literatura norteamericana. Narra la fusi\u00f3n del poder pol\u00edtico y la pobreza invisible en medio de la crisis de los valores conservadores de la sociedad, la injusticia social, los excesos de los extremismos y la politizaci\u00f3n del sufrimiento como herramienta de poder. La historia se enfoca en una familia, los Newman, ca\u00eddos en una desgracia econ\u00f3mica que sume a su patriarca en estado depresivo en los a\u00f1os previos a la crisis de salud global, que, a la postre, termina siendo el tel\u00f3n de fondo de la novela. Steve Newman representa al patriarca que lucha por superarse, creando juegos imaginarios en los que mezcla vivencias y ficciones como terapia para espantar la depresi\u00f3n. De su desventura y agobio sin embargo, surge la resiliencia que lo rescata de los demonios que lo persiguen y termina convirti\u00e9ndolo en un conmiserado social. Steve sobrelleva su nueva vida conociendo de primera mano el abandono de los invisibles sociales desde la pobreza y no desde el trono de la opulencia como sol\u00eda percibirla antes de su fracaso. La novela de Casta\u00f1o-Bedoya recrea la vida de quienes sobrellevan su existencia bajo el desamparo de la Constituci\u00f3n y de quienes claman por su derecho universal a vivir sin miedo.  Info: Paperback (Tapa Blanda) \u00b7 ISBN 9798987734940 HardCover (Tapa dura) \u00b7 ISBN 9798987734957 e-Book \u00b7 ISBN 9798988867104 G\u00e9nero: Ficci\u00f3n Literaria \u00b7 Social Contempor\u00e1nea Idioma: Espa\u00f1ol Editorial: Book&amp;Bilias","og_url":"https:\/\/bookandbilias.us\/es\/product\/los-mendigos-de-la-luz-de-mercurio-we-the-other-people-spanish-edition\/","og_site_name":"Book&amp;Bilias","article_modified_time":"2023-08-18T13:48:09+00:00","og_image":[{"width":720,"height":800,"url":"https:\/\/bookandbilias.us\/wp-content\/uploads\/2023\/02\/MendigosSpanishshop.png","type":"image\/png"}],"twitter_card":"summary_large_image","schema":{"@context":"https:\/\/schema.org","@graph":[{"@type":"WebPage","@id":"https:\/\/bookandbilias.us\/es\/product\/los-mendigos-de-la-luz-de-mercurio-we-the-other-people-spanish-edition\/","url":"https:\/\/bookandbilias.us\/es\/product\/los-mendigos-de-la-luz-de-mercurio-we-the-other-people-spanish-edition\/","name":"Los Mendigos de la Luz de Mercurio \u2014We the other People\u2014 - Book&amp;Bilias","isPartOf":{"@id":"https:\/\/bookandbilias.us\/es\/#website"},"primaryImageOfPage":{"@id":"https:\/\/bookandbilias.us\/es\/product\/los-mendigos-de-la-luz-de-mercurio-we-the-other-people-spanish-edition\/#primaryimage"},"image":{"@id":"https:\/\/bookandbilias.us\/es\/product\/los-mendigos-de-la-luz-de-mercurio-we-the-other-people-spanish-edition\/#primaryimage"},"thumbnailUrl":"https:\/\/bookandbilias.us\/wp-content\/uploads\/2023\/02\/MendigosSpanishshop.png","datePublished":"2023-07-15T18:26:48+00:00","dateModified":"2023-08-18T13:48:09+00:00","breadcrumb":{"@id":"https:\/\/bookandbilias.us\/es\/product\/los-mendigos-de-la-luz-de-mercurio-we-the-other-people-spanish-edition\/#breadcrumb"},"inLanguage":"es","potentialAction":[{"@type":"ReadAction","target":["https:\/\/bookandbilias.us\/es\/product\/los-mendigos-de-la-luz-de-mercurio-we-the-other-people-spanish-edition\/"]}]},{"@type":"ImageObject","inLanguage":"es","@id":"https:\/\/bookandbilias.us\/es\/product\/los-mendigos-de-la-luz-de-mercurio-we-the-other-people-spanish-edition\/#primaryimage","url":"https:\/\/bookandbilias.us\/wp-content\/uploads\/2023\/02\/MendigosSpanishshop.png","contentUrl":"https:\/\/bookandbilias.us\/wp-content\/uploads\/2023\/02\/MendigosSpanishshop.png","width":720,"height":800},{"@type":"BreadcrumbList","@id":"https:\/\/bookandbilias.us\/es\/product\/los-mendigos-de-la-luz-de-mercurio-we-the-other-people-spanish-edition\/#breadcrumb","itemListElement":[{"@type":"ListItem","position":1,"name":"Portada","item":"https:\/\/bookandbilias.us\/es\/"},{"@type":"ListItem","position":2,"name":"Novelas","item":"https:\/\/bookandbilias.us\/novelas-2\/"},{"@type":"ListItem","position":3,"name":"Los Mendigos de la Luz de Mercurio \u2014We the other People\u2014"}]},{"@type":"WebSite","@id":"https:\/\/bookandbilias.us\/es\/#website","url":"https:\/\/bookandbilias.us\/es\/","name":"Book&Bilias","description":"","publisher":{"@id":"https:\/\/bookandbilias.us\/es\/#organization"},"potentialAction":[{"@type":"SearchAction","target":{"@type":"EntryPoint","urlTemplate":"https:\/\/bookandbilias.us\/es\/?s={search_term_string}"},"query-input":{"@type":"PropertyValueSpecification","valueRequired":true,"valueName":"search_term_string"}}],"inLanguage":"es"},{"@type":"Organization","@id":"https:\/\/bookandbilias.us\/es\/#organization","name":"Book&Bilias","url":"https:\/\/bookandbilias.us\/es\/","logo":{"@type":"ImageObject","inLanguage":"es","@id":"https:\/\/bookandbilias.us\/es\/#\/schema\/logo\/image\/","url":"https:\/\/bookandbilias.us\/wp-content\/uploads\/2021\/05\/logo-01-light-copy.png","contentUrl":"https:\/\/bookandbilias.us\/wp-content\/uploads\/2021\/05\/logo-01-light-copy.png","width":346,"height":52,"caption":"Book&Bilias"},"image":{"@id":"https:\/\/bookandbilias.us\/es\/#\/schema\/logo\/image\/"}}]}},"_links":{"self":[{"href":"https:\/\/bookandbilias.us\/es\/wp-json\/wp\/v2\/product\/8007","targetHints":{"allow":["GET"]}}],"collection":[{"href":"https:\/\/bookandbilias.us\/es\/wp-json\/wp\/v2\/product"}],"about":[{"href":"https:\/\/bookandbilias.us\/es\/wp-json\/wp\/v2\/types\/product"}],"version-history":[{"count":0,"href":"https:\/\/bookandbilias.us\/es\/wp-json\/wp\/v2\/product\/8007\/revisions"}],"wp:featuredmedia":[{"embeddable":true,"href":"https:\/\/bookandbilias.us\/es\/wp-json\/wp\/v2\/media\/7919"}],"wp:attachment":[{"href":"https:\/\/bookandbilias.us\/es\/wp-json\/wp\/v2\/media?parent=8007"}],"wp:term":[{"taxonomy":"product_brand","embeddable":true,"href":"https:\/\/bookandbilias.us\/es\/wp-json\/wp\/v2\/product_brand?post=8007"},{"taxonomy":"product_cat","embeddable":true,"href":"https:\/\/bookandbilias.us\/es\/wp-json\/wp\/v2\/product_cat?post=8007"},{"taxonomy":"product_tag","embeddable":true,"href":"https:\/\/bookandbilias.us\/es\/wp-json\/wp\/v2\/product_tag?post=8007"}],"curies":[{"name":"wp","href":"https:\/\/api.w.org\/{rel}","templated":true}]}}