{"id":8001,"date":"2023-03-01T18:12:25","date_gmt":"2023-03-01T18:12:25","guid":{"rendered":"https:\/\/bookandbilias.us\/?post_type=product&#038;p=8001"},"modified":"2023-08-18T14:30:22","modified_gmt":"2023-08-18T14:30:22","slug":"the-galpon-english-edition","status":"publish","type":"product","link":"https:\/\/bookandbilias.us\/es\/product\/the-galpon-english-edition\/","title":{"rendered":"The Galpon \u2014English Edition\u2014"},"content":{"rendered":"","protected":false},"excerpt":{"rendered":"<p>Cuando la condici\u00f3n humana es la que induce directamente el \u00e9xito o el fracaso del quehacer del ser humano, quien no evoluciona retrocede&#8230; As\u00ed mismo, aunque la frivolidad es en la actualidad la que rige los mercados, sus resultados son finalmente consecuencia del influjo del hombre. Esa es la esencia del mundo corporativo seg\u00fan lo plantea William Casta\u00f1o-Bedoya en esta novela, que nos narra la existencia de HansennBox, una empresa que posee el potencial suficiente para ser una de las m\u00e1s importantes del mundo.<\/p>\n<p>Ethan, su gerente vitalicio, y Oliver, un asesor externo, protagonizan ese microcosmos en un rinc\u00f3n del sureste de los Estados Unidos. Los dos se desempe\u00f1an bajo el mando de un empresario de talante sombr\u00edo, que los sumerge en episodios de desconfianza mutua, egocentrismo e inseguridad. La vida de los personajes se ve afectada sistem\u00e1ticamente por el peso de ideolog\u00edas extremistas y por la omnipresencia de una solapada doble moral. HansennBox surfea al paso de las circunstancias que le impone el destino en una \u00e9poca hist\u00f3rica en la que el comercio electr\u00f3nico emprende un avance aplastante y sin retorno.<\/p>\n<p><span style=\"color: #000000; font-size: 20px;\">Info:<\/span><\/p>\n<div>\n<p>Paperback (Tapa blanda) ISBN: 9798987734971<br \/>\nHardcover (Tapa Dura) ISBN: 9798987734988<br \/>\ne-Book ISBN: 9798987734919<br \/>\nAutor: William Castano-Bedoya<br \/>\nG\u00e9nero: Ficci\u00f3n Hist\u00f3rica<br \/>\nEditor: Book&amp;Bilias<\/p>\n<\/div>\n","protected":false},"featured_media":7923,"template":"","meta":[],"product_brand":[],"product_cat":[199,79,204,80,203,200,78,196,197,198],"product_tag":[],"class_list":{"0":"post-8001","1":"product","2":"type-product","3":"status-publish","4":"has-post-thumbnail","6":"product_cat-ebook","7":"product_cat-espanol","8":"product_cat-ficcion-historica","9":"product_cat-hardcover","10":"product_cat-historical-fiction","11":"product_cat-literature-fiction","12":"product_cat-paperback","13":"product_cat-spanish","14":"product_cat-tapa-blanda","15":"product_cat-tapa-dura","17":"first","18":"instock","19":"product-type-simple"},"yoast_head":"<!-- This site is optimized with the Yoast SEO plugin v24.4 - https:\/\/yoast.com\/wordpress\/plugins\/seo\/ -->\n<title>The Galpon \u2014English Edition\u2014 - Book&amp;Bilias<\/title>\n<meta name=\"robots\" content=\"index, follow, max-snippet:-1, max-image-preview:large, max-video-preview:-1\" \/>\n<link rel=\"canonical\" href=\"https:\/\/bookandbilias.us\/es\/product\/the-galpon-english-edition\/\" \/>\n<meta property=\"og:locale\" content=\"es_ES\" \/>\n<meta property=\"og:type\" content=\"article\" \/>\n<meta property=\"og:title\" content=\"The Galpon \u2014English Edition\u2014 - Book&amp;Bilias\" \/>\n<meta property=\"og:description\" content=\"Cuando la condici\u00f3n humana es la que induce directamente el \u00e9xito o el fracaso del quehacer del ser humano, quien no evoluciona retrocede... As\u00ed mismo, aunque la frivolidad es en la actualidad la que rige los mercados, sus resultados son finalmente consecuencia del influjo del hombre. Esa es la esencia del mundo corporativo seg\u00fan lo plantea William Casta\u00f1o-Bedoya en esta novela, que nos narra la existencia de HansennBox, una empresa que posee el potencial suficiente para ser una de las m\u00e1s importantes del mundo.  Ethan, su gerente vitalicio, y Oliver, un asesor externo, protagonizan ese microcosmos en un rinc\u00f3n del sureste de los Estados Unidos. Los dos se desempe\u00f1an bajo el mando de un empresario de talante sombr\u00edo, que los sumerge en episodios de desconfianza mutua, egocentrismo e inseguridad. La vida de los personajes se ve afectada sistem\u00e1ticamente por el peso de ideolog\u00edas extremistas y por la omnipresencia de una solapada doble moral. HansennBox surfea al paso de las circunstancias que le impone el destino en una \u00e9poca hist\u00f3rica en la que el comercio electr\u00f3nico emprende un avance aplastante y sin retorno.  Info:   Paperback (Tapa blanda) ISBN: 9798987734971 Hardcover (Tapa Dura) ISBN: 9798987734988 e-Book ISBN: 9798987734919 Autor: William Castano-Bedoya G\u00e9nero: Ficci\u00f3n Hist\u00f3rica Editor: Book&amp;Bilias\" \/>\n<meta property=\"og:url\" content=\"https:\/\/bookandbilias.us\/es\/product\/the-galpon-english-edition\/\" \/>\n<meta property=\"og:site_name\" content=\"Book&amp;Bilias\" \/>\n<meta property=\"article:modified_time\" content=\"2023-08-18T14:30:22+00:00\" \/>\n<meta property=\"og:image\" content=\"https:\/\/bookandbilias.us\/wp-content\/uploads\/2023\/02\/Galpon-Englishshop-copy2.png\" \/>\n\t<meta property=\"og:image:width\" content=\"720\" \/>\n\t<meta property=\"og:image:height\" content=\"800\" \/>\n\t<meta property=\"og:image:type\" content=\"image\/png\" \/>\n<meta name=\"twitter:card\" content=\"summary_large_image\" \/>\n<script type=\"application\/ld+json\" class=\"yoast-schema-graph\">{\"@context\":\"https:\/\/schema.org\",\"@graph\":[{\"@type\":\"WebPage\",\"@id\":\"https:\/\/bookandbilias.us\/es\/product\/the-galpon-english-edition\/\",\"url\":\"https:\/\/bookandbilias.us\/es\/product\/the-galpon-english-edition\/\",\"name\":\"The Galpon \u2014English Edition\u2014 - Book&amp;Bilias\",\"isPartOf\":{\"@id\":\"https:\/\/bookandbilias.us\/es\/#website\"},\"primaryImageOfPage\":{\"@id\":\"https:\/\/bookandbilias.us\/es\/product\/the-galpon-english-edition\/#primaryimage\"},\"image\":{\"@id\":\"https:\/\/bookandbilias.us\/es\/product\/the-galpon-english-edition\/#primaryimage\"},\"thumbnailUrl\":\"https:\/\/bookandbilias.us\/wp-content\/uploads\/2023\/02\/Galpon-Englishshop-copy2.png\",\"datePublished\":\"2023-03-01T18:12:25+00:00\",\"dateModified\":\"2023-08-18T14:30:22+00:00\",\"breadcrumb\":{\"@id\":\"https:\/\/bookandbilias.us\/es\/product\/the-galpon-english-edition\/#breadcrumb\"},\"inLanguage\":\"es\",\"potentialAction\":[{\"@type\":\"ReadAction\",\"target\":[\"https:\/\/bookandbilias.us\/es\/product\/the-galpon-english-edition\/\"]}]},{\"@type\":\"ImageObject\",\"inLanguage\":\"es\",\"@id\":\"https:\/\/bookandbilias.us\/es\/product\/the-galpon-english-edition\/#primaryimage\",\"url\":\"https:\/\/bookandbilias.us\/wp-content\/uploads\/2023\/02\/Galpon-Englishshop-copy2.png\",\"contentUrl\":\"https:\/\/bookandbilias.us\/wp-content\/uploads\/2023\/02\/Galpon-Englishshop-copy2.png\",\"width\":720,\"height\":800},{\"@type\":\"BreadcrumbList\",\"@id\":\"https:\/\/bookandbilias.us\/es\/product\/the-galpon-english-edition\/#breadcrumb\",\"itemListElement\":[{\"@type\":\"ListItem\",\"position\":1,\"name\":\"Portada\",\"item\":\"https:\/\/bookandbilias.us\/es\/\"},{\"@type\":\"ListItem\",\"position\":2,\"name\":\"Novelas\",\"item\":\"https:\/\/bookandbilias.us\/novelas-2\/\"},{\"@type\":\"ListItem\",\"position\":3,\"name\":\"The Galpon \u2014English Edition\u2014\"}]},{\"@type\":\"WebSite\",\"@id\":\"https:\/\/bookandbilias.us\/es\/#website\",\"url\":\"https:\/\/bookandbilias.us\/es\/\",\"name\":\"Book&Bilias\",\"description\":\"\",\"publisher\":{\"@id\":\"https:\/\/bookandbilias.us\/es\/#organization\"},\"potentialAction\":[{\"@type\":\"SearchAction\",\"target\":{\"@type\":\"EntryPoint\",\"urlTemplate\":\"https:\/\/bookandbilias.us\/es\/?s={search_term_string}\"},\"query-input\":{\"@type\":\"PropertyValueSpecification\",\"valueRequired\":true,\"valueName\":\"search_term_string\"}}],\"inLanguage\":\"es\"},{\"@type\":\"Organization\",\"@id\":\"https:\/\/bookandbilias.us\/es\/#organization\",\"name\":\"Book&Bilias\",\"url\":\"https:\/\/bookandbilias.us\/es\/\",\"logo\":{\"@type\":\"ImageObject\",\"inLanguage\":\"es\",\"@id\":\"https:\/\/bookandbilias.us\/es\/#\/schema\/logo\/image\/\",\"url\":\"https:\/\/bookandbilias.us\/wp-content\/uploads\/2021\/05\/logo-01-light-copy.png\",\"contentUrl\":\"https:\/\/bookandbilias.us\/wp-content\/uploads\/2021\/05\/logo-01-light-copy.png\",\"width\":346,\"height\":52,\"caption\":\"Book&Bilias\"},\"image\":{\"@id\":\"https:\/\/bookandbilias.us\/es\/#\/schema\/logo\/image\/\"}}]}<\/script>\n<!-- \/ Yoast SEO plugin. -->","yoast_head_json":{"title":"The Galpon \u2014English Edition\u2014 - Book&amp;Bilias","robots":{"index":"index","follow":"follow","max-snippet":"max-snippet:-1","max-image-preview":"max-image-preview:large","max-video-preview":"max-video-preview:-1"},"canonical":"https:\/\/bookandbilias.us\/es\/product\/the-galpon-english-edition\/","og_locale":"es_ES","og_type":"article","og_title":"The Galpon \u2014English Edition\u2014 - Book&amp;Bilias","og_description":"Cuando la condici\u00f3n humana es la que induce directamente el \u00e9xito o el fracaso del quehacer del ser humano, quien no evoluciona retrocede... As\u00ed mismo, aunque la frivolidad es en la actualidad la que rige los mercados, sus resultados son finalmente consecuencia del influjo del hombre. Esa es la esencia del mundo corporativo seg\u00fan lo plantea William Casta\u00f1o-Bedoya en esta novela, que nos narra la existencia de HansennBox, una empresa que posee el potencial suficiente para ser una de las m\u00e1s importantes del mundo.  Ethan, su gerente vitalicio, y Oliver, un asesor externo, protagonizan ese microcosmos en un rinc\u00f3n del sureste de los Estados Unidos. Los dos se desempe\u00f1an bajo el mando de un empresario de talante sombr\u00edo, que los sumerge en episodios de desconfianza mutua, egocentrismo e inseguridad. La vida de los personajes se ve afectada sistem\u00e1ticamente por el peso de ideolog\u00edas extremistas y por la omnipresencia de una solapada doble moral. HansennBox surfea al paso de las circunstancias que le impone el destino en una \u00e9poca hist\u00f3rica en la que el comercio electr\u00f3nico emprende un avance aplastante y sin retorno.  Info:   Paperback (Tapa blanda) ISBN: 9798987734971 Hardcover (Tapa Dura) ISBN: 9798987734988 e-Book ISBN: 9798987734919 Autor: William Castano-Bedoya G\u00e9nero: Ficci\u00f3n Hist\u00f3rica Editor: Book&amp;Bilias","og_url":"https:\/\/bookandbilias.us\/es\/product\/the-galpon-english-edition\/","og_site_name":"Book&amp;Bilias","article_modified_time":"2023-08-18T14:30:22+00:00","og_image":[{"width":720,"height":800,"url":"https:\/\/bookandbilias.us\/wp-content\/uploads\/2023\/02\/Galpon-Englishshop-copy2.png","type":"image\/png"}],"twitter_card":"summary_large_image","schema":{"@context":"https:\/\/schema.org","@graph":[{"@type":"WebPage","@id":"https:\/\/bookandbilias.us\/es\/product\/the-galpon-english-edition\/","url":"https:\/\/bookandbilias.us\/es\/product\/the-galpon-english-edition\/","name":"The Galpon \u2014English Edition\u2014 - Book&amp;Bilias","isPartOf":{"@id":"https:\/\/bookandbilias.us\/es\/#website"},"primaryImageOfPage":{"@id":"https:\/\/bookandbilias.us\/es\/product\/the-galpon-english-edition\/#primaryimage"},"image":{"@id":"https:\/\/bookandbilias.us\/es\/product\/the-galpon-english-edition\/#primaryimage"},"thumbnailUrl":"https:\/\/bookandbilias.us\/wp-content\/uploads\/2023\/02\/Galpon-Englishshop-copy2.png","datePublished":"2023-03-01T18:12:25+00:00","dateModified":"2023-08-18T14:30:22+00:00","breadcrumb":{"@id":"https:\/\/bookandbilias.us\/es\/product\/the-galpon-english-edition\/#breadcrumb"},"inLanguage":"es","potentialAction":[{"@type":"ReadAction","target":["https:\/\/bookandbilias.us\/es\/product\/the-galpon-english-edition\/"]}]},{"@type":"ImageObject","inLanguage":"es","@id":"https:\/\/bookandbilias.us\/es\/product\/the-galpon-english-edition\/#primaryimage","url":"https:\/\/bookandbilias.us\/wp-content\/uploads\/2023\/02\/Galpon-Englishshop-copy2.png","contentUrl":"https:\/\/bookandbilias.us\/wp-content\/uploads\/2023\/02\/Galpon-Englishshop-copy2.png","width":720,"height":800},{"@type":"BreadcrumbList","@id":"https:\/\/bookandbilias.us\/es\/product\/the-galpon-english-edition\/#breadcrumb","itemListElement":[{"@type":"ListItem","position":1,"name":"Portada","item":"https:\/\/bookandbilias.us\/es\/"},{"@type":"ListItem","position":2,"name":"Novelas","item":"https:\/\/bookandbilias.us\/novelas-2\/"},{"@type":"ListItem","position":3,"name":"The Galpon \u2014English Edition\u2014"}]},{"@type":"WebSite","@id":"https:\/\/bookandbilias.us\/es\/#website","url":"https:\/\/bookandbilias.us\/es\/","name":"Book&Bilias","description":"","publisher":{"@id":"https:\/\/bookandbilias.us\/es\/#organization"},"potentialAction":[{"@type":"SearchAction","target":{"@type":"EntryPoint","urlTemplate":"https:\/\/bookandbilias.us\/es\/?s={search_term_string}"},"query-input":{"@type":"PropertyValueSpecification","valueRequired":true,"valueName":"search_term_string"}}],"inLanguage":"es"},{"@type":"Organization","@id":"https:\/\/bookandbilias.us\/es\/#organization","name":"Book&Bilias","url":"https:\/\/bookandbilias.us\/es\/","logo":{"@type":"ImageObject","inLanguage":"es","@id":"https:\/\/bookandbilias.us\/es\/#\/schema\/logo\/image\/","url":"https:\/\/bookandbilias.us\/wp-content\/uploads\/2021\/05\/logo-01-light-copy.png","contentUrl":"https:\/\/bookandbilias.us\/wp-content\/uploads\/2021\/05\/logo-01-light-copy.png","width":346,"height":52,"caption":"Book&Bilias"},"image":{"@id":"https:\/\/bookandbilias.us\/es\/#\/schema\/logo\/image\/"}}]}},"_links":{"self":[{"href":"https:\/\/bookandbilias.us\/es\/wp-json\/wp\/v2\/product\/8001","targetHints":{"allow":["GET"]}}],"collection":[{"href":"https:\/\/bookandbilias.us\/es\/wp-json\/wp\/v2\/product"}],"about":[{"href":"https:\/\/bookandbilias.us\/es\/wp-json\/wp\/v2\/types\/product"}],"version-history":[{"count":1,"href":"https:\/\/bookandbilias.us\/es\/wp-json\/wp\/v2\/product\/8001\/revisions"}],"predecessor-version":[{"id":8142,"href":"https:\/\/bookandbilias.us\/es\/wp-json\/wp\/v2\/product\/8001\/revisions\/8142"}],"wp:featuredmedia":[{"embeddable":true,"href":"https:\/\/bookandbilias.us\/es\/wp-json\/wp\/v2\/media\/7923"}],"wp:attachment":[{"href":"https:\/\/bookandbilias.us\/es\/wp-json\/wp\/v2\/media?parent=8001"}],"wp:term":[{"taxonomy":"product_brand","embeddable":true,"href":"https:\/\/bookandbilias.us\/es\/wp-json\/wp\/v2\/product_brand?post=8001"},{"taxonomy":"product_cat","embeddable":true,"href":"https:\/\/bookandbilias.us\/es\/wp-json\/wp\/v2\/product_cat?post=8001"},{"taxonomy":"product_tag","embeddable":true,"href":"https:\/\/bookandbilias.us\/es\/wp-json\/wp\/v2\/product_tag?post=8001"}],"curies":[{"name":"wp","href":"https:\/\/api.w.org\/{rel}","templated":true}]}}