{"id":8000,"date":"2022-05-09T18:57:03","date_gmt":"2022-05-09T18:57:03","guid":{"rendered":"https:\/\/bookandbilias.us\/novelas\/los-monologos-de-ludovico-spanish-edition\/"},"modified":"2023-08-18T14:25:40","modified_gmt":"2023-08-18T14:25:40","slug":"los-monologos-de-ludovico-spanish-edition","status":"publish","type":"product","link":"https:\/\/bookandbilias.us\/es\/product\/los-monologos-de-ludovico-spanish-edition\/","title":{"rendered":"Flores para Mar\u00eda Sucel"},"content":{"rendered":"","protected":false},"excerpt":{"rendered":"<p>EL EXILIO NO SIEMPRE ES F\u00cdSICO. En esta saga de amor, coraje y quebrantamiento, el autor reflexiona sobre el viaje de una familia repentinamente empobrecida que lucha por sobrevivir la migraci\u00f3n a una fr\u00eda e indiferente capital del tercer mundo. Sus miembros, tratan desesperadamente de mantener el cuerpo y el alma juntos, mientras son destrozados por sus exilios internos: una mujer que tiene un hijo tras otro en silenciosa sumisi\u00f3n a la tradici\u00f3n. Ni\u00f1os desconcertados y desapegados por la agitaci\u00f3n constante.<\/p>\n<p>&nbsp;<\/p>\n<p><a href=\"https:\/\/www.amazon.com\/Flores-para-Mar%C3%ADa-Sucel-Spanish\/dp\/1736916807\/ref=tmm_pap_swatch_0?_encoding=UTF8&amp;qid=1677541672&amp;sr=8-3\"><img decoding=\"async\" class=\"alignnone size-medium wp-image-7582\" src=\"https:\/\/bookandbilias.us\/wp-content\/uploads\/2020\/09\/amamzonbooksbutton-1-300x35.png\" alt=\"\" width=\"300\" height=\"35\" srcset=\"https:\/\/bookandbilias.us\/wp-content\/uploads\/2020\/09\/amamzonbooksbutton-1-300x35.png 300w, https:\/\/bookandbilias.us\/wp-content\/uploads\/2020\/09\/amamzonbooksbutton-1.png 400w\" sizes=\"(max-width: 300px) 100vw, 300px\" \/><\/a><\/p>\n<h4 class=\"product_meta_title\">Info:<\/h4>\n<div>Paperback ISBN: 9781736916803<br \/>\nHardcover ISBN: 9781736916810<br \/>\ne-Book ISBN: 9781736916827<br \/>\nAudioBook ISBN: 9781736916834<br \/>\nAutor: William Casta\u00f1o-Bedoya<br \/>\nG\u00e9nero: Ficci\u00f3n Hist\u00f3rica<br \/>\nIdioma: Espa\u00f1ol<br \/>\nEditorial: Book&amp;Bilias<\/div>\n<div><\/div>\n","protected":false},"featured_media":7925,"template":"","meta":[],"product_brand":[],"product_cat":[80,200,202,196],"product_tag":[],"class_list":{"0":"post-8000","1":"product","2":"type-product","3":"status-publish","4":"has-post-thumbnail","6":"product_cat-hardcover","7":"product_cat-literature-fiction","8":"product_cat-psychological-fiction","9":"product_cat-spanish","11":"first","12":"instock","13":"product-type-simple"},"yoast_head":"<!-- This site is optimized with the Yoast SEO plugin v24.4 - https:\/\/yoast.com\/wordpress\/plugins\/seo\/ -->\n<title>Flores para Mar\u00eda Sucel - Book&amp;Bilias<\/title>\n<meta name=\"robots\" content=\"index, follow, max-snippet:-1, max-image-preview:large, max-video-preview:-1\" \/>\n<link rel=\"canonical\" href=\"https:\/\/bookandbilias.us\/es\/product\/los-monologos-de-ludovico-spanish-edition\/\" \/>\n<meta property=\"og:locale\" content=\"es_ES\" \/>\n<meta property=\"og:type\" content=\"article\" \/>\n<meta property=\"og:title\" content=\"Flores para Mar\u00eda Sucel - Book&amp;Bilias\" \/>\n<meta property=\"og:description\" content=\"EL EXILIO NO SIEMPRE ES F\u00cdSICO. En esta saga de amor, coraje y quebrantamiento, el autor reflexiona sobre el viaje de una familia repentinamente empobrecida que lucha por sobrevivir la migraci\u00f3n a una fr\u00eda e indiferente capital del tercer mundo. Sus miembros, tratan desesperadamente de mantener el cuerpo y el alma juntos, mientras son destrozados por sus exilios internos: una mujer que tiene un hijo tras otro en silenciosa sumisi\u00f3n a la tradici\u00f3n. Ni\u00f1os desconcertados y desapegados por la agitaci\u00f3n constante.  &nbsp;   Info: Paperback ISBN: 9781736916803 Hardcover ISBN: 9781736916810 e-Book ISBN: 9781736916827 AudioBook ISBN: 9781736916834 Autor: William Casta\u00f1o-Bedoya G\u00e9nero: Ficci\u00f3n Hist\u00f3rica Idioma: Espa\u00f1ol Editorial: Book&amp;Bilias\" \/>\n<meta property=\"og:url\" content=\"https:\/\/bookandbilias.us\/es\/product\/los-monologos-de-ludovico-spanish-edition\/\" \/>\n<meta property=\"og:site_name\" content=\"Book&amp;Bilias\" \/>\n<meta property=\"article:modified_time\" content=\"2023-08-18T14:25:40+00:00\" \/>\n<meta property=\"og:image\" content=\"https:\/\/bookandbilias.us\/wp-content\/uploads\/2023\/02\/floresSoanishshop2.png\" \/>\n\t<meta property=\"og:image:width\" content=\"720\" \/>\n\t<meta property=\"og:image:height\" content=\"800\" \/>\n\t<meta property=\"og:image:type\" content=\"image\/png\" \/>\n<meta name=\"twitter:card\" content=\"summary_large_image\" \/>\n<script type=\"application\/ld+json\" class=\"yoast-schema-graph\">{\"@context\":\"https:\/\/schema.org\",\"@graph\":[{\"@type\":\"WebPage\",\"@id\":\"https:\/\/bookandbilias.us\/es\/product\/los-monologos-de-ludovico-spanish-edition\/\",\"url\":\"https:\/\/bookandbilias.us\/es\/product\/los-monologos-de-ludovico-spanish-edition\/\",\"name\":\"Flores para Mar\u00eda Sucel - Book&amp;Bilias\",\"isPartOf\":{\"@id\":\"https:\/\/bookandbilias.us\/es\/#website\"},\"primaryImageOfPage\":{\"@id\":\"https:\/\/bookandbilias.us\/es\/product\/los-monologos-de-ludovico-spanish-edition\/#primaryimage\"},\"image\":{\"@id\":\"https:\/\/bookandbilias.us\/es\/product\/los-monologos-de-ludovico-spanish-edition\/#primaryimage\"},\"thumbnailUrl\":\"https:\/\/bookandbilias.us\/wp-content\/uploads\/2023\/02\/floresSoanishshop2.png\",\"datePublished\":\"2022-05-09T18:57:03+00:00\",\"dateModified\":\"2023-08-18T14:25:40+00:00\",\"breadcrumb\":{\"@id\":\"https:\/\/bookandbilias.us\/es\/product\/los-monologos-de-ludovico-spanish-edition\/#breadcrumb\"},\"inLanguage\":\"es\",\"potentialAction\":[{\"@type\":\"ReadAction\",\"target\":[\"https:\/\/bookandbilias.us\/es\/product\/los-monologos-de-ludovico-spanish-edition\/\"]}]},{\"@type\":\"ImageObject\",\"inLanguage\":\"es\",\"@id\":\"https:\/\/bookandbilias.us\/es\/product\/los-monologos-de-ludovico-spanish-edition\/#primaryimage\",\"url\":\"https:\/\/bookandbilias.us\/wp-content\/uploads\/2023\/02\/floresSoanishshop2.png\",\"contentUrl\":\"https:\/\/bookandbilias.us\/wp-content\/uploads\/2023\/02\/floresSoanishshop2.png\",\"width\":720,\"height\":800},{\"@type\":\"BreadcrumbList\",\"@id\":\"https:\/\/bookandbilias.us\/es\/product\/los-monologos-de-ludovico-spanish-edition\/#breadcrumb\",\"itemListElement\":[{\"@type\":\"ListItem\",\"position\":1,\"name\":\"Portada\",\"item\":\"https:\/\/bookandbilias.us\/es\/\"},{\"@type\":\"ListItem\",\"position\":2,\"name\":\"Novelas\",\"item\":\"https:\/\/bookandbilias.us\/novelas-2\/\"},{\"@type\":\"ListItem\",\"position\":3,\"name\":\"Flores para Mar\u00eda Sucel\"}]},{\"@type\":\"WebSite\",\"@id\":\"https:\/\/bookandbilias.us\/es\/#website\",\"url\":\"https:\/\/bookandbilias.us\/es\/\",\"name\":\"Book&Bilias\",\"description\":\"\",\"publisher\":{\"@id\":\"https:\/\/bookandbilias.us\/es\/#organization\"},\"potentialAction\":[{\"@type\":\"SearchAction\",\"target\":{\"@type\":\"EntryPoint\",\"urlTemplate\":\"https:\/\/bookandbilias.us\/es\/?s={search_term_string}\"},\"query-input\":{\"@type\":\"PropertyValueSpecification\",\"valueRequired\":true,\"valueName\":\"search_term_string\"}}],\"inLanguage\":\"es\"},{\"@type\":\"Organization\",\"@id\":\"https:\/\/bookandbilias.us\/es\/#organization\",\"name\":\"Book&Bilias\",\"url\":\"https:\/\/bookandbilias.us\/es\/\",\"logo\":{\"@type\":\"ImageObject\",\"inLanguage\":\"es\",\"@id\":\"https:\/\/bookandbilias.us\/es\/#\/schema\/logo\/image\/\",\"url\":\"https:\/\/bookandbilias.us\/wp-content\/uploads\/2021\/05\/logo-01-light-copy.png\",\"contentUrl\":\"https:\/\/bookandbilias.us\/wp-content\/uploads\/2021\/05\/logo-01-light-copy.png\",\"width\":346,\"height\":52,\"caption\":\"Book&Bilias\"},\"image\":{\"@id\":\"https:\/\/bookandbilias.us\/es\/#\/schema\/logo\/image\/\"}}]}<\/script>\n<!-- \/ Yoast SEO plugin. -->","yoast_head_json":{"title":"Flores para Mar\u00eda Sucel - Book&amp;Bilias","robots":{"index":"index","follow":"follow","max-snippet":"max-snippet:-1","max-image-preview":"max-image-preview:large","max-video-preview":"max-video-preview:-1"},"canonical":"https:\/\/bookandbilias.us\/es\/product\/los-monologos-de-ludovico-spanish-edition\/","og_locale":"es_ES","og_type":"article","og_title":"Flores para Mar\u00eda Sucel - Book&amp;Bilias","og_description":"EL EXILIO NO SIEMPRE ES F\u00cdSICO. En esta saga de amor, coraje y quebrantamiento, el autor reflexiona sobre el viaje de una familia repentinamente empobrecida que lucha por sobrevivir la migraci\u00f3n a una fr\u00eda e indiferente capital del tercer mundo. Sus miembros, tratan desesperadamente de mantener el cuerpo y el alma juntos, mientras son destrozados por sus exilios internos: una mujer que tiene un hijo tras otro en silenciosa sumisi\u00f3n a la tradici\u00f3n. Ni\u00f1os desconcertados y desapegados por la agitaci\u00f3n constante.  &nbsp;   Info: Paperback ISBN: 9781736916803 Hardcover ISBN: 9781736916810 e-Book ISBN: 9781736916827 AudioBook ISBN: 9781736916834 Autor: William Casta\u00f1o-Bedoya G\u00e9nero: Ficci\u00f3n Hist\u00f3rica Idioma: Espa\u00f1ol Editorial: Book&amp;Bilias","og_url":"https:\/\/bookandbilias.us\/es\/product\/los-monologos-de-ludovico-spanish-edition\/","og_site_name":"Book&amp;Bilias","article_modified_time":"2023-08-18T14:25:40+00:00","og_image":[{"width":720,"height":800,"url":"https:\/\/bookandbilias.us\/wp-content\/uploads\/2023\/02\/floresSoanishshop2.png","type":"image\/png"}],"twitter_card":"summary_large_image","schema":{"@context":"https:\/\/schema.org","@graph":[{"@type":"WebPage","@id":"https:\/\/bookandbilias.us\/es\/product\/los-monologos-de-ludovico-spanish-edition\/","url":"https:\/\/bookandbilias.us\/es\/product\/los-monologos-de-ludovico-spanish-edition\/","name":"Flores para Mar\u00eda Sucel - Book&amp;Bilias","isPartOf":{"@id":"https:\/\/bookandbilias.us\/es\/#website"},"primaryImageOfPage":{"@id":"https:\/\/bookandbilias.us\/es\/product\/los-monologos-de-ludovico-spanish-edition\/#primaryimage"},"image":{"@id":"https:\/\/bookandbilias.us\/es\/product\/los-monologos-de-ludovico-spanish-edition\/#primaryimage"},"thumbnailUrl":"https:\/\/bookandbilias.us\/wp-content\/uploads\/2023\/02\/floresSoanishshop2.png","datePublished":"2022-05-09T18:57:03+00:00","dateModified":"2023-08-18T14:25:40+00:00","breadcrumb":{"@id":"https:\/\/bookandbilias.us\/es\/product\/los-monologos-de-ludovico-spanish-edition\/#breadcrumb"},"inLanguage":"es","potentialAction":[{"@type":"ReadAction","target":["https:\/\/bookandbilias.us\/es\/product\/los-monologos-de-ludovico-spanish-edition\/"]}]},{"@type":"ImageObject","inLanguage":"es","@id":"https:\/\/bookandbilias.us\/es\/product\/los-monologos-de-ludovico-spanish-edition\/#primaryimage","url":"https:\/\/bookandbilias.us\/wp-content\/uploads\/2023\/02\/floresSoanishshop2.png","contentUrl":"https:\/\/bookandbilias.us\/wp-content\/uploads\/2023\/02\/floresSoanishshop2.png","width":720,"height":800},{"@type":"BreadcrumbList","@id":"https:\/\/bookandbilias.us\/es\/product\/los-monologos-de-ludovico-spanish-edition\/#breadcrumb","itemListElement":[{"@type":"ListItem","position":1,"name":"Portada","item":"https:\/\/bookandbilias.us\/es\/"},{"@type":"ListItem","position":2,"name":"Novelas","item":"https:\/\/bookandbilias.us\/novelas-2\/"},{"@type":"ListItem","position":3,"name":"Flores para Mar\u00eda Sucel"}]},{"@type":"WebSite","@id":"https:\/\/bookandbilias.us\/es\/#website","url":"https:\/\/bookandbilias.us\/es\/","name":"Book&Bilias","description":"","publisher":{"@id":"https:\/\/bookandbilias.us\/es\/#organization"},"potentialAction":[{"@type":"SearchAction","target":{"@type":"EntryPoint","urlTemplate":"https:\/\/bookandbilias.us\/es\/?s={search_term_string}"},"query-input":{"@type":"PropertyValueSpecification","valueRequired":true,"valueName":"search_term_string"}}],"inLanguage":"es"},{"@type":"Organization","@id":"https:\/\/bookandbilias.us\/es\/#organization","name":"Book&Bilias","url":"https:\/\/bookandbilias.us\/es\/","logo":{"@type":"ImageObject","inLanguage":"es","@id":"https:\/\/bookandbilias.us\/es\/#\/schema\/logo\/image\/","url":"https:\/\/bookandbilias.us\/wp-content\/uploads\/2021\/05\/logo-01-light-copy.png","contentUrl":"https:\/\/bookandbilias.us\/wp-content\/uploads\/2021\/05\/logo-01-light-copy.png","width":346,"height":52,"caption":"Book&Bilias"},"image":{"@id":"https:\/\/bookandbilias.us\/es\/#\/schema\/logo\/image\/"}}]}},"_links":{"self":[{"href":"https:\/\/bookandbilias.us\/es\/wp-json\/wp\/v2\/product\/8000","targetHints":{"allow":["GET"]}}],"collection":[{"href":"https:\/\/bookandbilias.us\/es\/wp-json\/wp\/v2\/product"}],"about":[{"href":"https:\/\/bookandbilias.us\/es\/wp-json\/wp\/v2\/types\/product"}],"version-history":[{"count":1,"href":"https:\/\/bookandbilias.us\/es\/wp-json\/wp\/v2\/product\/8000\/revisions"}],"predecessor-version":[{"id":8236,"href":"https:\/\/bookandbilias.us\/es\/wp-json\/wp\/v2\/product\/8000\/revisions\/8236"}],"wp:featuredmedia":[{"embeddable":true,"href":"https:\/\/bookandbilias.us\/es\/wp-json\/wp\/v2\/media\/7925"}],"wp:attachment":[{"href":"https:\/\/bookandbilias.us\/es\/wp-json\/wp\/v2\/media?parent=8000"}],"wp:term":[{"taxonomy":"product_brand","embeddable":true,"href":"https:\/\/bookandbilias.us\/es\/wp-json\/wp\/v2\/product_brand?post=8000"},{"taxonomy":"product_cat","embeddable":true,"href":"https:\/\/bookandbilias.us\/es\/wp-json\/wp\/v2\/product_cat?post=8000"},{"taxonomy":"product_tag","embeddable":true,"href":"https:\/\/bookandbilias.us\/es\/wp-json\/wp\/v2\/product_tag?post=8000"}],"curies":[{"name":"wp","href":"https:\/\/api.w.org\/{rel}","templated":true}]}}