{"id":7786,"date":"2022-05-09T17:32:05","date_gmt":"2022-05-09T17:32:05","guid":{"rendered":"https:\/\/bookandbilias.us\/?post_type=product&#038;p=7786"},"modified":"2023-02-28T00:14:00","modified_gmt":"2023-02-28T00:14:00","slug":"el-galpon-en-espanol","status":"publish","type":"product","link":"https:\/\/bookandbilias.us\/es\/product\/el-galpon-en-espanol\/","title":{"rendered":"El Galp\u00f3n"},"content":{"rendered":"","protected":false},"excerpt":{"rendered":"<p class=\"p1\">\u00abCuando la condici\u00f3n humana es la que induce directamente el \u00e9xito o el fracaso del quehacer del ser humano, quien no evoluciona retrocede\u2026 As\u00ed mismo, aunque la frivolidad es en la actualidad la que rige los mercados, sus resultados son finalmente consecuencia del influjo del hombre.\u00bb<span class=\"Apple-converted-space\">\u00a0 <\/span>Esa es la esencia del mundo corporativo seg\u00fan lo plantea William Casta\u00f1o-Bedoya en esta novela, que nos narra la existencia de HansennBox, una empresa que posee el potencial suficiente para ser una de las m\u00e1s importantes del mundo.<\/p>\n<p class=\"p1\">Ethan, su gerente vitalicio, y Oliver, un asesor externo, protagonizan ese microcosmos en un rinc\u00f3n del sureste de los Estados Unidos. Los dos se desempe\u00f1an bajo el mando de un empresario de talante sombr\u00edo, que los sumerge en episodios de desconfianza mutua, egocentrismo e inseguridad. La vida de los personajes se ve afectada sistem\u00e1ticamente por el peso de ideolog\u00edas extremistas y por la omnipresencia de una solapada doble moral. HansennBox surfea al paso de las circunstancias que le impone el destino en una \u00e9poca hist\u00f3rica en la que el comercio electr\u00f3nico emprende un avance aplastante y sin retorno.<\/p>\n<h4><img decoding=\"async\" class=\"alignnone size-medium wp-image-7581\" src=\"https:\/\/bookandbilias.us\/wp-content\/uploads\/2020\/09\/amamzonbooksbutton-1-300x35.png\" alt=\"\" width=\"300\" height=\"35\" srcset=\"https:\/\/bookandbilias.us\/wp-content\/uploads\/2020\/09\/amamzonbooksbutton-1-300x35.png 300w, https:\/\/bookandbilias.us\/wp-content\/uploads\/2020\/09\/amamzonbooksbutton-1.png 400w\" sizes=\"(max-width: 300px) 100vw, 300px\" \/><\/h4>\n<h4 class=\"product_meta_title\">Info:<\/h4>\n<div>Tapa Dura ISBN: 9798987734964<\/div>\n<div>Tapa Banda ISBN: 9798987734995<\/div>\n<div>e-Book ISBN: 9798987734902<br \/>\nGenero: Ficci\u00f3n Hist\u00f3rica<\/div>\n<div>Editorial: Book&amp;Bilias LLC<br \/>\nFecha de lanzamiento (Segunda Edici\u00f3n): Marzo 1, 2023<\/div>\n","protected":false},"featured_media":7917,"template":"","meta":[],"product_brand":[],"product_cat":[79,205,80,200],"product_tag":[],"class_list":{"0":"post-7786","1":"product","2":"type-product","3":"status-publish","4":"has-post-thumbnail","6":"product_cat-espanol","7":"product_cat-ficcion-psicologica","8":"product_cat-hardcover","9":"product_cat-literature-fiction","11":"first","12":"instock","13":"product-type-simple"},"yoast_head":"<!-- This site is optimized with the Yoast SEO plugin v24.4 - https:\/\/yoast.com\/wordpress\/plugins\/seo\/ -->\n<title>El Galp\u00f3n - Book&amp;Bilias<\/title>\n<meta name=\"robots\" content=\"index, follow, max-snippet:-1, max-image-preview:large, max-video-preview:-1\" \/>\n<link rel=\"canonical\" href=\"https:\/\/bookandbilias.us\/es\/product\/el-galpon-en-espanol\/\" \/>\n<meta property=\"og:locale\" content=\"es_ES\" \/>\n<meta property=\"og:type\" content=\"article\" \/>\n<meta property=\"og:title\" content=\"El Galp\u00f3n - Book&amp;Bilias\" \/>\n<meta property=\"og:description\" content=\"\u00abCuando la condici\u00f3n humana es la que induce directamente el \u00e9xito o el fracaso del quehacer del ser humano, quien no evoluciona retrocede\u2026 As\u00ed mismo, aunque la frivolidad es en la actualidad la que rige los mercados, sus resultados son finalmente consecuencia del influjo del hombre.\u00bb\u00a0 Esa es la esencia del mundo corporativo seg\u00fan lo plantea William Casta\u00f1o-Bedoya en esta novela, que nos narra la existencia de HansennBox, una empresa que posee el potencial suficiente para ser una de las m\u00e1s importantes del mundo. Ethan, su gerente vitalicio, y Oliver, un asesor externo, protagonizan ese microcosmos en un rinc\u00f3n del sureste de los Estados Unidos. Los dos se desempe\u00f1an bajo el mando de un empresario de talante sombr\u00edo, que los sumerge en episodios de desconfianza mutua, egocentrismo e inseguridad. La vida de los personajes se ve afectada sistem\u00e1ticamente por el peso de ideolog\u00edas extremistas y por la omnipresencia de una solapada doble moral. HansennBox surfea al paso de las circunstancias que le impone el destino en una \u00e9poca hist\u00f3rica en la que el comercio electr\u00f3nico emprende un avance aplastante y sin retorno.   Info: Tapa Dura ISBN: 9798987734964 Tapa Banda ISBN: 9798987734995 e-Book ISBN: 9798987734902 Genero: Ficci\u00f3n Hist\u00f3rica Editorial: Book&amp;Bilias LLC Fecha de lanzamiento (Segunda Edici\u00f3n): Marzo 1, 2023\" \/>\n<meta property=\"og:url\" content=\"https:\/\/bookandbilias.us\/es\/product\/el-galpon-en-espanol\/\" \/>\n<meta property=\"og:site_name\" content=\"Book&amp;Bilias\" \/>\n<meta property=\"article:modified_time\" content=\"2023-02-28T00:14:00+00:00\" \/>\n<meta property=\"og:image\" content=\"https:\/\/bookandbilias.us\/wp-content\/uploads\/2023\/02\/Galpon-Spanishshop.png\" \/>\n\t<meta property=\"og:image:width\" content=\"720\" \/>\n\t<meta property=\"og:image:height\" content=\"800\" \/>\n\t<meta property=\"og:image:type\" content=\"image\/png\" \/>\n<meta name=\"twitter:card\" content=\"summary_large_image\" \/>\n<script type=\"application\/ld+json\" class=\"yoast-schema-graph\">{\"@context\":\"https:\/\/schema.org\",\"@graph\":[{\"@type\":\"WebPage\",\"@id\":\"https:\/\/bookandbilias.us\/es\/product\/el-galpon-en-espanol\/\",\"url\":\"https:\/\/bookandbilias.us\/es\/product\/el-galpon-en-espanol\/\",\"name\":\"El Galp\u00f3n - Book&amp;Bilias\",\"isPartOf\":{\"@id\":\"https:\/\/bookandbilias.us\/es\/#website\"},\"primaryImageOfPage\":{\"@id\":\"https:\/\/bookandbilias.us\/es\/product\/el-galpon-en-espanol\/#primaryimage\"},\"image\":{\"@id\":\"https:\/\/bookandbilias.us\/es\/product\/el-galpon-en-espanol\/#primaryimage\"},\"thumbnailUrl\":\"https:\/\/bookandbilias.us\/wp-content\/uploads\/2023\/02\/Galpon-Spanishshop.png\",\"datePublished\":\"2022-05-09T17:32:05+00:00\",\"dateModified\":\"2023-02-28T00:14:00+00:00\",\"breadcrumb\":{\"@id\":\"https:\/\/bookandbilias.us\/es\/product\/el-galpon-en-espanol\/#breadcrumb\"},\"inLanguage\":\"es\",\"potentialAction\":[{\"@type\":\"ReadAction\",\"target\":[\"https:\/\/bookandbilias.us\/es\/product\/el-galpon-en-espanol\/\"]}]},{\"@type\":\"ImageObject\",\"inLanguage\":\"es\",\"@id\":\"https:\/\/bookandbilias.us\/es\/product\/el-galpon-en-espanol\/#primaryimage\",\"url\":\"https:\/\/bookandbilias.us\/wp-content\/uploads\/2023\/02\/Galpon-Spanishshop.png\",\"contentUrl\":\"https:\/\/bookandbilias.us\/wp-content\/uploads\/2023\/02\/Galpon-Spanishshop.png\",\"width\":720,\"height\":800},{\"@type\":\"BreadcrumbList\",\"@id\":\"https:\/\/bookandbilias.us\/es\/product\/el-galpon-en-espanol\/#breadcrumb\",\"itemListElement\":[{\"@type\":\"ListItem\",\"position\":1,\"name\":\"Portada\",\"item\":\"https:\/\/bookandbilias.us\/es\/\"},{\"@type\":\"ListItem\",\"position\":2,\"name\":\"Novelas\",\"item\":\"https:\/\/bookandbilias.us\/novelas-2\/\"},{\"@type\":\"ListItem\",\"position\":3,\"name\":\"El Galp\u00f3n\"}]},{\"@type\":\"WebSite\",\"@id\":\"https:\/\/bookandbilias.us\/es\/#website\",\"url\":\"https:\/\/bookandbilias.us\/es\/\",\"name\":\"Book&Bilias\",\"description\":\"\",\"publisher\":{\"@id\":\"https:\/\/bookandbilias.us\/es\/#organization\"},\"potentialAction\":[{\"@type\":\"SearchAction\",\"target\":{\"@type\":\"EntryPoint\",\"urlTemplate\":\"https:\/\/bookandbilias.us\/es\/?s={search_term_string}\"},\"query-input\":{\"@type\":\"PropertyValueSpecification\",\"valueRequired\":true,\"valueName\":\"search_term_string\"}}],\"inLanguage\":\"es\"},{\"@type\":\"Organization\",\"@id\":\"https:\/\/bookandbilias.us\/es\/#organization\",\"name\":\"Book&Bilias\",\"url\":\"https:\/\/bookandbilias.us\/es\/\",\"logo\":{\"@type\":\"ImageObject\",\"inLanguage\":\"es\",\"@id\":\"https:\/\/bookandbilias.us\/es\/#\/schema\/logo\/image\/\",\"url\":\"https:\/\/bookandbilias.us\/wp-content\/uploads\/2021\/05\/logo-01-light-copy.png\",\"contentUrl\":\"https:\/\/bookandbilias.us\/wp-content\/uploads\/2021\/05\/logo-01-light-copy.png\",\"width\":346,\"height\":52,\"caption\":\"Book&Bilias\"},\"image\":{\"@id\":\"https:\/\/bookandbilias.us\/es\/#\/schema\/logo\/image\/\"}}]}<\/script>\n<!-- \/ Yoast SEO plugin. -->","yoast_head_json":{"title":"El Galp\u00f3n - Book&amp;Bilias","robots":{"index":"index","follow":"follow","max-snippet":"max-snippet:-1","max-image-preview":"max-image-preview:large","max-video-preview":"max-video-preview:-1"},"canonical":"https:\/\/bookandbilias.us\/es\/product\/el-galpon-en-espanol\/","og_locale":"es_ES","og_type":"article","og_title":"El Galp\u00f3n - Book&amp;Bilias","og_description":"\u00abCuando la condici\u00f3n humana es la que induce directamente el \u00e9xito o el fracaso del quehacer del ser humano, quien no evoluciona retrocede\u2026 As\u00ed mismo, aunque la frivolidad es en la actualidad la que rige los mercados, sus resultados son finalmente consecuencia del influjo del hombre.\u00bb\u00a0 Esa es la esencia del mundo corporativo seg\u00fan lo plantea William Casta\u00f1o-Bedoya en esta novela, que nos narra la existencia de HansennBox, una empresa que posee el potencial suficiente para ser una de las m\u00e1s importantes del mundo. Ethan, su gerente vitalicio, y Oliver, un asesor externo, protagonizan ese microcosmos en un rinc\u00f3n del sureste de los Estados Unidos. Los dos se desempe\u00f1an bajo el mando de un empresario de talante sombr\u00edo, que los sumerge en episodios de desconfianza mutua, egocentrismo e inseguridad. La vida de los personajes se ve afectada sistem\u00e1ticamente por el peso de ideolog\u00edas extremistas y por la omnipresencia de una solapada doble moral. HansennBox surfea al paso de las circunstancias que le impone el destino en una \u00e9poca hist\u00f3rica en la que el comercio electr\u00f3nico emprende un avance aplastante y sin retorno.   Info: Tapa Dura ISBN: 9798987734964 Tapa Banda ISBN: 9798987734995 e-Book ISBN: 9798987734902 Genero: Ficci\u00f3n Hist\u00f3rica Editorial: Book&amp;Bilias LLC Fecha de lanzamiento (Segunda Edici\u00f3n): Marzo 1, 2023","og_url":"https:\/\/bookandbilias.us\/es\/product\/el-galpon-en-espanol\/","og_site_name":"Book&amp;Bilias","article_modified_time":"2023-02-28T00:14:00+00:00","og_image":[{"width":720,"height":800,"url":"https:\/\/bookandbilias.us\/wp-content\/uploads\/2023\/02\/Galpon-Spanishshop.png","type":"image\/png"}],"twitter_card":"summary_large_image","schema":{"@context":"https:\/\/schema.org","@graph":[{"@type":"WebPage","@id":"https:\/\/bookandbilias.us\/es\/product\/el-galpon-en-espanol\/","url":"https:\/\/bookandbilias.us\/es\/product\/el-galpon-en-espanol\/","name":"El Galp\u00f3n - Book&amp;Bilias","isPartOf":{"@id":"https:\/\/bookandbilias.us\/es\/#website"},"primaryImageOfPage":{"@id":"https:\/\/bookandbilias.us\/es\/product\/el-galpon-en-espanol\/#primaryimage"},"image":{"@id":"https:\/\/bookandbilias.us\/es\/product\/el-galpon-en-espanol\/#primaryimage"},"thumbnailUrl":"https:\/\/bookandbilias.us\/wp-content\/uploads\/2023\/02\/Galpon-Spanishshop.png","datePublished":"2022-05-09T17:32:05+00:00","dateModified":"2023-02-28T00:14:00+00:00","breadcrumb":{"@id":"https:\/\/bookandbilias.us\/es\/product\/el-galpon-en-espanol\/#breadcrumb"},"inLanguage":"es","potentialAction":[{"@type":"ReadAction","target":["https:\/\/bookandbilias.us\/es\/product\/el-galpon-en-espanol\/"]}]},{"@type":"ImageObject","inLanguage":"es","@id":"https:\/\/bookandbilias.us\/es\/product\/el-galpon-en-espanol\/#primaryimage","url":"https:\/\/bookandbilias.us\/wp-content\/uploads\/2023\/02\/Galpon-Spanishshop.png","contentUrl":"https:\/\/bookandbilias.us\/wp-content\/uploads\/2023\/02\/Galpon-Spanishshop.png","width":720,"height":800},{"@type":"BreadcrumbList","@id":"https:\/\/bookandbilias.us\/es\/product\/el-galpon-en-espanol\/#breadcrumb","itemListElement":[{"@type":"ListItem","position":1,"name":"Portada","item":"https:\/\/bookandbilias.us\/es\/"},{"@type":"ListItem","position":2,"name":"Novelas","item":"https:\/\/bookandbilias.us\/novelas-2\/"},{"@type":"ListItem","position":3,"name":"El Galp\u00f3n"}]},{"@type":"WebSite","@id":"https:\/\/bookandbilias.us\/es\/#website","url":"https:\/\/bookandbilias.us\/es\/","name":"Book&Bilias","description":"","publisher":{"@id":"https:\/\/bookandbilias.us\/es\/#organization"},"potentialAction":[{"@type":"SearchAction","target":{"@type":"EntryPoint","urlTemplate":"https:\/\/bookandbilias.us\/es\/?s={search_term_string}"},"query-input":{"@type":"PropertyValueSpecification","valueRequired":true,"valueName":"search_term_string"}}],"inLanguage":"es"},{"@type":"Organization","@id":"https:\/\/bookandbilias.us\/es\/#organization","name":"Book&Bilias","url":"https:\/\/bookandbilias.us\/es\/","logo":{"@type":"ImageObject","inLanguage":"es","@id":"https:\/\/bookandbilias.us\/es\/#\/schema\/logo\/image\/","url":"https:\/\/bookandbilias.us\/wp-content\/uploads\/2021\/05\/logo-01-light-copy.png","contentUrl":"https:\/\/bookandbilias.us\/wp-content\/uploads\/2021\/05\/logo-01-light-copy.png","width":346,"height":52,"caption":"Book&Bilias"},"image":{"@id":"https:\/\/bookandbilias.us\/es\/#\/schema\/logo\/image\/"}}]}},"_links":{"self":[{"href":"https:\/\/bookandbilias.us\/es\/wp-json\/wp\/v2\/product\/7786","targetHints":{"allow":["GET"]}}],"collection":[{"href":"https:\/\/bookandbilias.us\/es\/wp-json\/wp\/v2\/product"}],"about":[{"href":"https:\/\/bookandbilias.us\/es\/wp-json\/wp\/v2\/types\/product"}],"version-history":[{"count":0,"href":"https:\/\/bookandbilias.us\/es\/wp-json\/wp\/v2\/product\/7786\/revisions"}],"wp:featuredmedia":[{"embeddable":true,"href":"https:\/\/bookandbilias.us\/es\/wp-json\/wp\/v2\/media\/7917"}],"wp:attachment":[{"href":"https:\/\/bookandbilias.us\/es\/wp-json\/wp\/v2\/media?parent=7786"}],"wp:term":[{"taxonomy":"product_brand","embeddable":true,"href":"https:\/\/bookandbilias.us\/es\/wp-json\/wp\/v2\/product_brand?post=7786"},{"taxonomy":"product_cat","embeddable":true,"href":"https:\/\/bookandbilias.us\/es\/wp-json\/wp\/v2\/product_cat?post=7786"},{"taxonomy":"product_tag","embeddable":true,"href":"https:\/\/bookandbilias.us\/es\/wp-json\/wp\/v2\/product_tag?post=7786"}],"curies":[{"name":"wp","href":"https:\/\/api.w.org\/{rel}","templated":true}]}}