{"id":11625,"date":"2026-03-05T16:58:26","date_gmt":"2026-03-05T16:58:26","guid":{"rendered":"https:\/\/bookandbilias.us\/?post_type=product&#038;p=11625"},"modified":"2026-03-19T19:02:36","modified_gmt":"2026-03-19T19:02:36","slug":"los-monologos-de-ludovico","status":"publish","type":"product","link":"https:\/\/bookandbilias.us\/es\/product\/los-monologos-de-ludovico\/","title":{"rendered":"Los Monologos de Ludovico"},"content":{"rendered":"","protected":false},"excerpt":{"rendered":"<p class=\"p1\">\u00bfQu\u00e9 ocurre cuando el mundo es percibido desde una conciencia incapaz de interpretarlo por completo?<b><\/b><\/p>\n<p class=\"p3\"><i>Una novela sobre la inocencia, la percepci\u00f3n y las fr\u00e1giles fronteras entre la limitaci\u00f3n y la humanidad.<\/i><i><\/i><\/p>\n<p class=\"p3\"><i>Ludovico<\/i> es una novela psicol\u00f3gica narrada a trav\u00e9s de los mon\u00f3logos de un hombre cuya mente ha sido moldeada por una condici\u00f3n neurol\u00f3gica hereditaria. Desde su comprensi\u00f3n restringida, Ludovico intenta interpretar un mundo que constantemente excede su capacidad de entenderlo.<\/p>\n<p class=\"p3\">Lejos de convertir la limitaci\u00f3n en espect\u00e1culo, la narraci\u00f3n se dirige hacia el interior. A trav\u00e9s de una voz simple, fragmentada y sorprendentemente l\u00facida, Ludovico describe su entorno, sus emociones y los misterios que no logra descifrar del todo. Su percepci\u00f3n se convierte en el lente narrativo a trav\u00e9s del cual la realidad se filtra, se distorsiona y se reimagina.<\/p>\n<p class=\"p3\">A medida que la historia avanza, lo que al principio parece un mundo estrecho y mon\u00f3tono revela una profundidad emocional inesperada.<\/p>\n<p>&nbsp;<\/p>\n<p class=\"stores\">EMPIEZA A LEER<\/p>\n<p class=\"p2\"><i>Disponible en tapa blanda, tapa dura y ebook<\/i><\/p>\n<p>&nbsp;<\/p>\n<ul>\n<li><a href=\"https:\/\/www.amazon.com\/Mon%C3%B3logos-Ludovico-Spanish-William-Casta%C3%B1o-Bedoya\/dp\/1736916858\/ref=tmm_hrd_swatch_0?_encoding=UTF8&amp;dib_tag=AUTHOR&amp;dib=eyJ2IjoiMSJ9.3O9vY1xXy0w5PG3L1gYsokpcqzNERYhfUudbsWY0hj9toZBEAWrwvjdRN2eWVfndFrCaSmRR3RDiZgaPSIr4XPHGQymKOkTOgSJ0fiuZEGfll85_gEGKmfy7TpHXw5OePfZxPLR6hKe-j-AR44WUypQU8JENcW-P4FRhXXzClfzz0nI97Dxbz5BS0wcdMlnZ.A9XmPEq-TZYMEb4CBRJ1i-Za5R0MJo3PfXLuGFrj9-I\" target=\"_blank\" rel=\"noopener\">AMAZON<\/a><\/li>\n<li><a href=\"https:\/\/www.barnesandnoble.com\/w\/los-mon-logos-de-ludovico-william-castano-bedoya\/1144632572?ean=9781736916865\" target=\"_blank\" rel=\"noopener\">BARNES &amp; NOBLE<\/a><\/li>\n<li><a href=\"https:\/\/shop.ingramspark.com\/b\/084?params=2kVHX1zS7qyGvt1MW66vVb4pARvNP68B5sqzq6jClee\" target=\"_blank\" rel=\"noopener\">ORDER FROM PUBLISHER<\/a><\/li>\n<li class=\"goodreads\"><a href=\"https:\/\/www.goodreads.com\/book\/show\/71325193-los-mon-logos-de-ludovico\" target=\"_blank\" rel=\"noopener\">LA NOVELA EN GOODREADS<\/a><\/li>\n<\/ul>\n<p class=\"reading_list\">A\u00f1\u00e1dela a tu lista de lectura<\/p>\n","protected":false},"featured_media":10264,"template":"","meta":[],"product_brand":[],"product_cat":[199,212,204,80,203,200,201,78,197,198],"product_tag":[],"class_list":{"0":"post-11625","1":"product","2":"type-product","3":"status-publish","4":"has-post-thumbnail","6":"product_cat-ebook","7":"product_cat-english-languaje","8":"product_cat-ficcion-historica","9":"product_cat-hardcover","10":"product_cat-historical-fiction","11":"product_cat-literature-fiction","12":"product_cat-literature-fiction-literature-fiction","13":"product_cat-paperback","14":"product_cat-tapa-blanda","15":"product_cat-tapa-dura","17":"first","18":"instock","19":"product-type-simple"},"yoast_head":"<!-- This site is optimized with the Yoast SEO plugin v24.4 - https:\/\/yoast.com\/wordpress\/plugins\/seo\/ -->\n<title>Los Monologos de Ludovico - Book&amp;Bilias<\/title>\n<meta name=\"robots\" content=\"index, follow, max-snippet:-1, max-image-preview:large, max-video-preview:-1\" \/>\n<link rel=\"canonical\" href=\"https:\/\/bookandbilias.us\/es\/product\/los-monologos-de-ludovico\/\" \/>\n<meta property=\"og:locale\" content=\"es_ES\" \/>\n<meta property=\"og:type\" content=\"article\" \/>\n<meta property=\"og:title\" content=\"Los Monologos de Ludovico - Book&amp;Bilias\" \/>\n<meta property=\"og:description\" content=\"\u00bfQu\u00e9 ocurre cuando el mundo es percibido desde una conciencia incapaz de interpretarlo por completo? Una novela sobre la inocencia, la percepci\u00f3n y las fr\u00e1giles fronteras entre la limitaci\u00f3n y la humanidad. Ludovico es una novela psicol\u00f3gica narrada a trav\u00e9s de los mon\u00f3logos de un hombre cuya mente ha sido moldeada por una condici\u00f3n neurol\u00f3gica hereditaria. Desde su comprensi\u00f3n restringida, Ludovico intenta interpretar un mundo que constantemente excede su capacidad de entenderlo. Lejos de convertir la limitaci\u00f3n en espect\u00e1culo, la narraci\u00f3n se dirige hacia el interior. A trav\u00e9s de una voz simple, fragmentada y sorprendentemente l\u00facida, Ludovico describe su entorno, sus emociones y los misterios que no logra descifrar del todo. Su percepci\u00f3n se convierte en el lente narrativo a trav\u00e9s del cual la realidad se filtra, se distorsiona y se reimagina. A medida que la historia avanza, lo que al principio parece un mundo estrecho y mon\u00f3tono revela una profundidad emocional inesperada. &nbsp; EMPIEZA A LEER Disponible en tapa blanda, tapa dura y ebook &nbsp;   AMAZON  BARNES &amp; NOBLE  ORDER FROM PUBLISHER  LA NOVELA EN GOODREADS  A\u00f1\u00e1dela a tu lista de lectura\" \/>\n<meta property=\"og:url\" content=\"https:\/\/bookandbilias.us\/es\/product\/los-monologos-de-ludovico\/\" \/>\n<meta property=\"og:site_name\" content=\"Book&amp;Bilias\" \/>\n<meta property=\"article:modified_time\" content=\"2026-03-19T19:02:36+00:00\" \/>\n<meta property=\"og:image\" content=\"https:\/\/bookandbilias.us\/wp-content\/uploads\/2026\/02\/Ludovico.png\" \/>\n\t<meta property=\"og:image:width\" content=\"333\" \/>\n\t<meta property=\"og:image:height\" content=\"514\" \/>\n\t<meta property=\"og:image:type\" content=\"image\/png\" \/>\n<meta name=\"twitter:card\" content=\"summary_large_image\" \/>\n<meta name=\"twitter:label1\" content=\"Tiempo de lectura\" \/>\n\t<meta name=\"twitter:data1\" content=\"1 minuto\" \/>\n<script type=\"application\/ld+json\" class=\"yoast-schema-graph\">{\"@context\":\"https:\/\/schema.org\",\"@graph\":[{\"@type\":\"WebPage\",\"@id\":\"https:\/\/bookandbilias.us\/es\/product\/los-monologos-de-ludovico\/\",\"url\":\"https:\/\/bookandbilias.us\/es\/product\/los-monologos-de-ludovico\/\",\"name\":\"Los Monologos de Ludovico - Book&amp;Bilias\",\"isPartOf\":{\"@id\":\"https:\/\/bookandbilias.us\/es\/#website\"},\"primaryImageOfPage\":{\"@id\":\"https:\/\/bookandbilias.us\/es\/product\/los-monologos-de-ludovico\/#primaryimage\"},\"image\":{\"@id\":\"https:\/\/bookandbilias.us\/es\/product\/los-monologos-de-ludovico\/#primaryimage\"},\"thumbnailUrl\":\"https:\/\/bookandbilias.us\/wp-content\/uploads\/2026\/02\/Ludovico.png\",\"datePublished\":\"2026-03-05T16:58:26+00:00\",\"dateModified\":\"2026-03-19T19:02:36+00:00\",\"breadcrumb\":{\"@id\":\"https:\/\/bookandbilias.us\/es\/product\/los-monologos-de-ludovico\/#breadcrumb\"},\"inLanguage\":\"es\",\"potentialAction\":[{\"@type\":\"ReadAction\",\"target\":[\"https:\/\/bookandbilias.us\/es\/product\/los-monologos-de-ludovico\/\"]}]},{\"@type\":\"ImageObject\",\"inLanguage\":\"es\",\"@id\":\"https:\/\/bookandbilias.us\/es\/product\/los-monologos-de-ludovico\/#primaryimage\",\"url\":\"https:\/\/bookandbilias.us\/wp-content\/uploads\/2026\/02\/Ludovico.png\",\"contentUrl\":\"https:\/\/bookandbilias.us\/wp-content\/uploads\/2026\/02\/Ludovico.png\",\"width\":333,\"height\":514},{\"@type\":\"BreadcrumbList\",\"@id\":\"https:\/\/bookandbilias.us\/es\/product\/los-monologos-de-ludovico\/#breadcrumb\",\"itemListElement\":[{\"@type\":\"ListItem\",\"position\":1,\"name\":\"Portada\",\"item\":\"https:\/\/bookandbilias.us\/es\/\"},{\"@type\":\"ListItem\",\"position\":2,\"name\":\"Novelas\",\"item\":\"https:\/\/bookandbilias.us\/novelas-2\/\"},{\"@type\":\"ListItem\",\"position\":3,\"name\":\"Los Monologos de Ludovico\"}]},{\"@type\":\"WebSite\",\"@id\":\"https:\/\/bookandbilias.us\/es\/#website\",\"url\":\"https:\/\/bookandbilias.us\/es\/\",\"name\":\"Book&Bilias\",\"description\":\"\",\"publisher\":{\"@id\":\"https:\/\/bookandbilias.us\/es\/#organization\"},\"potentialAction\":[{\"@type\":\"SearchAction\",\"target\":{\"@type\":\"EntryPoint\",\"urlTemplate\":\"https:\/\/bookandbilias.us\/es\/?s={search_term_string}\"},\"query-input\":{\"@type\":\"PropertyValueSpecification\",\"valueRequired\":true,\"valueName\":\"search_term_string\"}}],\"inLanguage\":\"es\"},{\"@type\":\"Organization\",\"@id\":\"https:\/\/bookandbilias.us\/es\/#organization\",\"name\":\"Book&Bilias\",\"url\":\"https:\/\/bookandbilias.us\/es\/\",\"logo\":{\"@type\":\"ImageObject\",\"inLanguage\":\"es\",\"@id\":\"https:\/\/bookandbilias.us\/es\/#\/schema\/logo\/image\/\",\"url\":\"https:\/\/bookandbilias.us\/wp-content\/uploads\/2021\/05\/logo-01-light-copy.png\",\"contentUrl\":\"https:\/\/bookandbilias.us\/wp-content\/uploads\/2021\/05\/logo-01-light-copy.png\",\"width\":346,\"height\":52,\"caption\":\"Book&Bilias\"},\"image\":{\"@id\":\"https:\/\/bookandbilias.us\/es\/#\/schema\/logo\/image\/\"}}]}<\/script>\n<!-- \/ Yoast SEO plugin. -->","yoast_head_json":{"title":"Los Monologos de Ludovico - Book&amp;Bilias","robots":{"index":"index","follow":"follow","max-snippet":"max-snippet:-1","max-image-preview":"max-image-preview:large","max-video-preview":"max-video-preview:-1"},"canonical":"https:\/\/bookandbilias.us\/es\/product\/los-monologos-de-ludovico\/","og_locale":"es_ES","og_type":"article","og_title":"Los Monologos de Ludovico - Book&amp;Bilias","og_description":"\u00bfQu\u00e9 ocurre cuando el mundo es percibido desde una conciencia incapaz de interpretarlo por completo? Una novela sobre la inocencia, la percepci\u00f3n y las fr\u00e1giles fronteras entre la limitaci\u00f3n y la humanidad. Ludovico es una novela psicol\u00f3gica narrada a trav\u00e9s de los mon\u00f3logos de un hombre cuya mente ha sido moldeada por una condici\u00f3n neurol\u00f3gica hereditaria. Desde su comprensi\u00f3n restringida, Ludovico intenta interpretar un mundo que constantemente excede su capacidad de entenderlo. Lejos de convertir la limitaci\u00f3n en espect\u00e1culo, la narraci\u00f3n se dirige hacia el interior. A trav\u00e9s de una voz simple, fragmentada y sorprendentemente l\u00facida, Ludovico describe su entorno, sus emociones y los misterios que no logra descifrar del todo. Su percepci\u00f3n se convierte en el lente narrativo a trav\u00e9s del cual la realidad se filtra, se distorsiona y se reimagina. A medida que la historia avanza, lo que al principio parece un mundo estrecho y mon\u00f3tono revela una profundidad emocional inesperada. &nbsp; EMPIEZA A LEER Disponible en tapa blanda, tapa dura y ebook &nbsp;   AMAZON  BARNES &amp; NOBLE  ORDER FROM PUBLISHER  LA NOVELA EN GOODREADS  A\u00f1\u00e1dela a tu lista de lectura","og_url":"https:\/\/bookandbilias.us\/es\/product\/los-monologos-de-ludovico\/","og_site_name":"Book&amp;Bilias","article_modified_time":"2026-03-19T19:02:36+00:00","og_image":[{"width":333,"height":514,"url":"https:\/\/bookandbilias.us\/wp-content\/uploads\/2026\/02\/Ludovico.png","type":"image\/png"}],"twitter_card":"summary_large_image","twitter_misc":{"Tiempo de lectura":"1 minuto"},"schema":{"@context":"https:\/\/schema.org","@graph":[{"@type":"WebPage","@id":"https:\/\/bookandbilias.us\/es\/product\/los-monologos-de-ludovico\/","url":"https:\/\/bookandbilias.us\/es\/product\/los-monologos-de-ludovico\/","name":"Los Monologos de Ludovico - Book&amp;Bilias","isPartOf":{"@id":"https:\/\/bookandbilias.us\/es\/#website"},"primaryImageOfPage":{"@id":"https:\/\/bookandbilias.us\/es\/product\/los-monologos-de-ludovico\/#primaryimage"},"image":{"@id":"https:\/\/bookandbilias.us\/es\/product\/los-monologos-de-ludovico\/#primaryimage"},"thumbnailUrl":"https:\/\/bookandbilias.us\/wp-content\/uploads\/2026\/02\/Ludovico.png","datePublished":"2026-03-05T16:58:26+00:00","dateModified":"2026-03-19T19:02:36+00:00","breadcrumb":{"@id":"https:\/\/bookandbilias.us\/es\/product\/los-monologos-de-ludovico\/#breadcrumb"},"inLanguage":"es","potentialAction":[{"@type":"ReadAction","target":["https:\/\/bookandbilias.us\/es\/product\/los-monologos-de-ludovico\/"]}]},{"@type":"ImageObject","inLanguage":"es","@id":"https:\/\/bookandbilias.us\/es\/product\/los-monologos-de-ludovico\/#primaryimage","url":"https:\/\/bookandbilias.us\/wp-content\/uploads\/2026\/02\/Ludovico.png","contentUrl":"https:\/\/bookandbilias.us\/wp-content\/uploads\/2026\/02\/Ludovico.png","width":333,"height":514},{"@type":"BreadcrumbList","@id":"https:\/\/bookandbilias.us\/es\/product\/los-monologos-de-ludovico\/#breadcrumb","itemListElement":[{"@type":"ListItem","position":1,"name":"Portada","item":"https:\/\/bookandbilias.us\/es\/"},{"@type":"ListItem","position":2,"name":"Novelas","item":"https:\/\/bookandbilias.us\/novelas-2\/"},{"@type":"ListItem","position":3,"name":"Los Monologos de Ludovico"}]},{"@type":"WebSite","@id":"https:\/\/bookandbilias.us\/es\/#website","url":"https:\/\/bookandbilias.us\/es\/","name":"Book&Bilias","description":"","publisher":{"@id":"https:\/\/bookandbilias.us\/es\/#organization"},"potentialAction":[{"@type":"SearchAction","target":{"@type":"EntryPoint","urlTemplate":"https:\/\/bookandbilias.us\/es\/?s={search_term_string}"},"query-input":{"@type":"PropertyValueSpecification","valueRequired":true,"valueName":"search_term_string"}}],"inLanguage":"es"},{"@type":"Organization","@id":"https:\/\/bookandbilias.us\/es\/#organization","name":"Book&Bilias","url":"https:\/\/bookandbilias.us\/es\/","logo":{"@type":"ImageObject","inLanguage":"es","@id":"https:\/\/bookandbilias.us\/es\/#\/schema\/logo\/image\/","url":"https:\/\/bookandbilias.us\/wp-content\/uploads\/2021\/05\/logo-01-light-copy.png","contentUrl":"https:\/\/bookandbilias.us\/wp-content\/uploads\/2021\/05\/logo-01-light-copy.png","width":346,"height":52,"caption":"Book&Bilias"},"image":{"@id":"https:\/\/bookandbilias.us\/es\/#\/schema\/logo\/image\/"}}]}},"_links":{"self":[{"href":"https:\/\/bookandbilias.us\/es\/wp-json\/wp\/v2\/product\/11625","targetHints":{"allow":["GET"]}}],"collection":[{"href":"https:\/\/bookandbilias.us\/es\/wp-json\/wp\/v2\/product"}],"about":[{"href":"https:\/\/bookandbilias.us\/es\/wp-json\/wp\/v2\/types\/product"}],"version-history":[{"count":3,"href":"https:\/\/bookandbilias.us\/es\/wp-json\/wp\/v2\/product\/11625\/revisions"}],"predecessor-version":[{"id":12036,"href":"https:\/\/bookandbilias.us\/es\/wp-json\/wp\/v2\/product\/11625\/revisions\/12036"}],"wp:featuredmedia":[{"embeddable":true,"href":"https:\/\/bookandbilias.us\/es\/wp-json\/wp\/v2\/media\/10264"}],"wp:attachment":[{"href":"https:\/\/bookandbilias.us\/es\/wp-json\/wp\/v2\/media?parent=11625"}],"wp:term":[{"taxonomy":"product_brand","embeddable":true,"href":"https:\/\/bookandbilias.us\/es\/wp-json\/wp\/v2\/product_brand?post=11625"},{"taxonomy":"product_cat","embeddable":true,"href":"https:\/\/bookandbilias.us\/es\/wp-json\/wp\/v2\/product_cat?post=11625"},{"taxonomy":"product_tag","embeddable":true,"href":"https:\/\/bookandbilias.us\/es\/wp-json\/wp\/v2\/product_tag?post=11625"}],"curies":[{"name":"wp","href":"https:\/\/api.w.org\/{rel}","templated":true}]}}