{"id":10297,"date":"2026-02-14T21:03:21","date_gmt":"2026-02-14T21:03:21","guid":{"rendered":"https:\/\/bookandbilias.us\/?post_type=product&#038;p=10297"},"modified":"2026-03-09T18:20:18","modified_gmt":"2026-03-09T18:20:18","slug":"flores-para-maria-sucel","status":"publish","type":"product","link":"https:\/\/bookandbilias.us\/es\/product\/flores-para-maria-sucel\/","title":{"rendered":"Flores para Mar\u00eda Sucel"},"content":{"rendered":"","protected":false},"excerpt":{"rendered":"<p class=\"p1\">\u00bfQu\u00e9 sobrevive cuando el amor se ve obligado a crecer en las condiciones m\u00e1s hostiles?<b><\/b><\/p>\n<p class=\"p3\"><i>Una novela sobre el exilio interior, la migraci\u00f3n, la familia, el sacrificio y la silenciosa resistencia del amor.<\/i><i><\/i><\/p>\n<p class=\"p3\"><i>Flores para Mar\u00eda Sucel<\/i> sigue a una familia latinoamericana empujada a la pobreza repentina y al desplazamiento, obligada a reconstruir su vida en una capital fr\u00eda e indiferente, lejos de todo lo que alguna vez conoci\u00f3. Lo que comienza como una historia de supervivencia se transforma gradualmente en un retrato profundamente humano del amor bajo presi\u00f3n.<\/p>\n<p class=\"p3\">En la intimidad del hogar comienzan a aparecer las grietas:<\/p>\n<p class=\"p3\">una madre moldeada por la tradici\u00f3n y la resiliencia silenciosa,<\/p>\n<p class=\"p3\">hijos que intentan comprender una vida marcada por la inestabilidad constante,<\/p>\n<p class=\"p3\">y un padre cuyo mundo oculto lo convierte poco a poco en un extra\u00f1o dentro de su propia casa.<\/p>\n<p class=\"p3\">La novela evita el espect\u00e1culo y la gran tragedia. En su lugar, observa la lenta erosi\u00f3n emocional que acompa\u00f1a a la migraci\u00f3n, la precariedad econ\u00f3mica y el peso de los sacrificios no nombrados. A trav\u00e9s de gestos, silencios y fr\u00e1giles momentos de conexi\u00f3n, la narraci\u00f3n revela c\u00f3mo las familias resisten incluso mientras se transforman.<\/p>\n<p class=\"p3\">Anclada en los paisajes emocionales de las clases medias y trabajadoras latinoamericanas, la historia explora el exilio no solo como una condici\u00f3n f\u00edsica, sino como una experiencia interior: una distancia silenciosa que puede crecer dentro de las familias, las relaciones y la memoria misma.<\/p>\n<p class=\"p3\">En su n\u00facleo, <i>Flores para Mar\u00eda Sucel<\/i> es una novela sobre un amor que sobrevive sin garant\u00edas: una fuerza fr\u00e1gil y obstinada que florece precisamente donde la vida parece menos habitable.<\/p>\n<p>&nbsp;<\/p>\n<p class=\"stores\">EMPIEZA A LEER<\/p>\n<p class=\"p2\"><i>Disponible en tapa blanda, tapa dura y ebook<\/i><\/p>\n<p>&nbsp;<\/p>\n<ul>\n<li><a href=\"https:\/\/www.amazon.com\/Flores-para-Mar%C3%ADa-Sucel-Spanish\/dp\/1736916807\/ref=sr_1_1?crid=3NG0C5RBXP2FF&amp;dib=eyJ2IjoiMSJ9.mzAnZUkYcKd-Opf20TaUGQ.p9OYtV_T2fsQqBCQke3SDJ27i9dNTneZcOjJg6afsig&amp;dib_tag=se&amp;keywords=Flores+para+Mar%C3%ADa+Sucel&amp;qid=1771102787&amp;s=digital-text&amp;sprefix=flores+para+mar%C3%ADa+sucel+%2Cdigital-text%2C121&amp;sr=1-1-catcorr\" target=\"_blank\" rel=\"noopener\">AMAZON<\/a><\/li>\n<li><a href=\"https:\/\/www.barnesandnoble.com\/w\/flores-para-mar-a-sucel-william-castano-bedoya\/1144632573?ean=9781736916827\" target=\"_blank\" rel=\"noopener\">BARNES &amp; NOBLE<\/a><\/li>\n<li><a href=\"https:\/\/shop.ingramspark.com\/b\/084?EpT2FyJTrh2i3gAZGQBQ7JHNa9g9QdC6Fn4RZs254Jh\" target=\"_blank\" rel=\"noopener\">ORDER FROM PUBLISHER<\/a><\/li>\n<li class=\"goodreads\"><a href=\"https:\/\/www.goodreads.com\/book\/show\/62009600-flores-para-mar-a-sucel\" target=\"_blank\" rel=\"noopener\">LA NOVELA EN GOODREADS<\/a><\/li>\n<\/ul>\n<p class=\"reading_list\">A\u00f1\u00e1dela a tu lista de lectura<\/p>\n","protected":false},"featured_media":10262,"template":"","meta":[],"product_brand":[],"product_cat":[199,212,204,80,203,200,201,78,197,198],"product_tag":[],"class_list":{"0":"post-10297","1":"product","2":"type-product","3":"status-publish","4":"has-post-thumbnail","6":"product_cat-ebook","7":"product_cat-english-languaje","8":"product_cat-ficcion-historica","9":"product_cat-hardcover","10":"product_cat-historical-fiction","11":"product_cat-literature-fiction","12":"product_cat-literature-fiction-literature-fiction","13":"product_cat-paperback","14":"product_cat-tapa-blanda","15":"product_cat-tapa-dura","17":"first","18":"instock","19":"product-type-simple"},"yoast_head":"<!-- This site is optimized with the Yoast SEO plugin v24.4 - https:\/\/yoast.com\/wordpress\/plugins\/seo\/ -->\n<title>Flores para Mar\u00eda Sucel - Book&amp;Bilias<\/title>\n<meta name=\"robots\" content=\"index, follow, max-snippet:-1, max-image-preview:large, max-video-preview:-1\" \/>\n<link rel=\"canonical\" href=\"https:\/\/bookandbilias.us\/es\/product\/flores-para-maria-sucel\/\" \/>\n<meta property=\"og:locale\" content=\"es_ES\" \/>\n<meta property=\"og:type\" content=\"article\" \/>\n<meta property=\"og:title\" content=\"Flores para Mar\u00eda Sucel - Book&amp;Bilias\" \/>\n<meta property=\"og:description\" content=\"\u00bfQu\u00e9 sobrevive cuando el amor se ve obligado a crecer en las condiciones m\u00e1s hostiles? Una novela sobre el exilio interior, la migraci\u00f3n, la familia, el sacrificio y la silenciosa resistencia del amor. Flores para Mar\u00eda Sucel sigue a una familia latinoamericana empujada a la pobreza repentina y al desplazamiento, obligada a reconstruir su vida en una capital fr\u00eda e indiferente, lejos de todo lo que alguna vez conoci\u00f3. Lo que comienza como una historia de supervivencia se transforma gradualmente en un retrato profundamente humano del amor bajo presi\u00f3n. En la intimidad del hogar comienzan a aparecer las grietas: una madre moldeada por la tradici\u00f3n y la resiliencia silenciosa, hijos que intentan comprender una vida marcada por la inestabilidad constante, y un padre cuyo mundo oculto lo convierte poco a poco en un extra\u00f1o dentro de su propia casa. La novela evita el espect\u00e1culo y la gran tragedia. En su lugar, observa la lenta erosi\u00f3n emocional que acompa\u00f1a a la migraci\u00f3n, la precariedad econ\u00f3mica y el peso de los sacrificios no nombrados. A trav\u00e9s de gestos, silencios y fr\u00e1giles momentos de conexi\u00f3n, la narraci\u00f3n revela c\u00f3mo las familias resisten incluso mientras se transforman. Anclada en los paisajes emocionales de las clases medias y trabajadoras latinoamericanas, la historia explora el exilio no solo como una condici\u00f3n f\u00edsica, sino como una experiencia interior: una distancia silenciosa que puede crecer dentro de las familias, las relaciones y la memoria misma. En su n\u00facleo, Flores para Mar\u00eda Sucel es una novela sobre un amor que sobrevive sin garant\u00edas: una fuerza fr\u00e1gil y obstinada que florece precisamente donde la vida parece menos habitable. &nbsp; EMPIEZA A LEER Disponible en tapa blanda, tapa dura y ebook &nbsp;   AMAZON  BARNES &amp; NOBLE  ORDER FROM PUBLISHER  LA NOVELA EN GOODREADS  A\u00f1\u00e1dela a tu lista de lectura\" \/>\n<meta property=\"og:url\" content=\"https:\/\/bookandbilias.us\/es\/product\/flores-para-maria-sucel\/\" \/>\n<meta property=\"og:site_name\" content=\"Book&amp;Bilias\" \/>\n<meta property=\"article:modified_time\" content=\"2026-03-09T18:20:18+00:00\" \/>\n<meta property=\"og:image\" content=\"https:\/\/bookandbilias.us\/wp-content\/uploads\/2026\/02\/flores.png\" \/>\n\t<meta property=\"og:image:width\" content=\"333\" \/>\n\t<meta property=\"og:image:height\" content=\"514\" \/>\n\t<meta property=\"og:image:type\" content=\"image\/png\" \/>\n<meta name=\"twitter:card\" content=\"summary_large_image\" \/>\n<meta name=\"twitter:label1\" content=\"Tiempo de lectura\" \/>\n\t<meta name=\"twitter:data1\" content=\"1 minuto\" \/>\n<script type=\"application\/ld+json\" class=\"yoast-schema-graph\">{\"@context\":\"https:\/\/schema.org\",\"@graph\":[{\"@type\":\"WebPage\",\"@id\":\"https:\/\/bookandbilias.us\/es\/product\/flores-para-maria-sucel\/\",\"url\":\"https:\/\/bookandbilias.us\/es\/product\/flores-para-maria-sucel\/\",\"name\":\"Flores para Mar\u00eda Sucel - Book&amp;Bilias\",\"isPartOf\":{\"@id\":\"https:\/\/bookandbilias.us\/es\/#website\"},\"primaryImageOfPage\":{\"@id\":\"https:\/\/bookandbilias.us\/es\/product\/flores-para-maria-sucel\/#primaryimage\"},\"image\":{\"@id\":\"https:\/\/bookandbilias.us\/es\/product\/flores-para-maria-sucel\/#primaryimage\"},\"thumbnailUrl\":\"https:\/\/bookandbilias.us\/wp-content\/uploads\/2026\/02\/flores.png\",\"datePublished\":\"2026-02-14T21:03:21+00:00\",\"dateModified\":\"2026-03-09T18:20:18+00:00\",\"breadcrumb\":{\"@id\":\"https:\/\/bookandbilias.us\/es\/product\/flores-para-maria-sucel\/#breadcrumb\"},\"inLanguage\":\"es\",\"potentialAction\":[{\"@type\":\"ReadAction\",\"target\":[\"https:\/\/bookandbilias.us\/es\/product\/flores-para-maria-sucel\/\"]}]},{\"@type\":\"ImageObject\",\"inLanguage\":\"es\",\"@id\":\"https:\/\/bookandbilias.us\/es\/product\/flores-para-maria-sucel\/#primaryimage\",\"url\":\"https:\/\/bookandbilias.us\/wp-content\/uploads\/2026\/02\/flores.png\",\"contentUrl\":\"https:\/\/bookandbilias.us\/wp-content\/uploads\/2026\/02\/flores.png\",\"width\":333,\"height\":514},{\"@type\":\"BreadcrumbList\",\"@id\":\"https:\/\/bookandbilias.us\/es\/product\/flores-para-maria-sucel\/#breadcrumb\",\"itemListElement\":[{\"@type\":\"ListItem\",\"position\":1,\"name\":\"Portada\",\"item\":\"https:\/\/bookandbilias.us\/es\/\"},{\"@type\":\"ListItem\",\"position\":2,\"name\":\"Novelas\",\"item\":\"https:\/\/bookandbilias.us\/novelas-2\/\"},{\"@type\":\"ListItem\",\"position\":3,\"name\":\"Flores para Mar\u00eda Sucel\"}]},{\"@type\":\"WebSite\",\"@id\":\"https:\/\/bookandbilias.us\/es\/#website\",\"url\":\"https:\/\/bookandbilias.us\/es\/\",\"name\":\"Book&Bilias\",\"description\":\"\",\"publisher\":{\"@id\":\"https:\/\/bookandbilias.us\/es\/#organization\"},\"potentialAction\":[{\"@type\":\"SearchAction\",\"target\":{\"@type\":\"EntryPoint\",\"urlTemplate\":\"https:\/\/bookandbilias.us\/es\/?s={search_term_string}\"},\"query-input\":{\"@type\":\"PropertyValueSpecification\",\"valueRequired\":true,\"valueName\":\"search_term_string\"}}],\"inLanguage\":\"es\"},{\"@type\":\"Organization\",\"@id\":\"https:\/\/bookandbilias.us\/es\/#organization\",\"name\":\"Book&Bilias\",\"url\":\"https:\/\/bookandbilias.us\/es\/\",\"logo\":{\"@type\":\"ImageObject\",\"inLanguage\":\"es\",\"@id\":\"https:\/\/bookandbilias.us\/es\/#\/schema\/logo\/image\/\",\"url\":\"https:\/\/bookandbilias.us\/wp-content\/uploads\/2021\/05\/logo-01-light-copy.png\",\"contentUrl\":\"https:\/\/bookandbilias.us\/wp-content\/uploads\/2021\/05\/logo-01-light-copy.png\",\"width\":346,\"height\":52,\"caption\":\"Book&Bilias\"},\"image\":{\"@id\":\"https:\/\/bookandbilias.us\/es\/#\/schema\/logo\/image\/\"}}]}<\/script>\n<!-- \/ Yoast SEO plugin. -->","yoast_head_json":{"title":"Flores para Mar\u00eda Sucel - Book&amp;Bilias","robots":{"index":"index","follow":"follow","max-snippet":"max-snippet:-1","max-image-preview":"max-image-preview:large","max-video-preview":"max-video-preview:-1"},"canonical":"https:\/\/bookandbilias.us\/es\/product\/flores-para-maria-sucel\/","og_locale":"es_ES","og_type":"article","og_title":"Flores para Mar\u00eda Sucel - Book&amp;Bilias","og_description":"\u00bfQu\u00e9 sobrevive cuando el amor se ve obligado a crecer en las condiciones m\u00e1s hostiles? Una novela sobre el exilio interior, la migraci\u00f3n, la familia, el sacrificio y la silenciosa resistencia del amor. Flores para Mar\u00eda Sucel sigue a una familia latinoamericana empujada a la pobreza repentina y al desplazamiento, obligada a reconstruir su vida en una capital fr\u00eda e indiferente, lejos de todo lo que alguna vez conoci\u00f3. Lo que comienza como una historia de supervivencia se transforma gradualmente en un retrato profundamente humano del amor bajo presi\u00f3n. En la intimidad del hogar comienzan a aparecer las grietas: una madre moldeada por la tradici\u00f3n y la resiliencia silenciosa, hijos que intentan comprender una vida marcada por la inestabilidad constante, y un padre cuyo mundo oculto lo convierte poco a poco en un extra\u00f1o dentro de su propia casa. La novela evita el espect\u00e1culo y la gran tragedia. En su lugar, observa la lenta erosi\u00f3n emocional que acompa\u00f1a a la migraci\u00f3n, la precariedad econ\u00f3mica y el peso de los sacrificios no nombrados. A trav\u00e9s de gestos, silencios y fr\u00e1giles momentos de conexi\u00f3n, la narraci\u00f3n revela c\u00f3mo las familias resisten incluso mientras se transforman. Anclada en los paisajes emocionales de las clases medias y trabajadoras latinoamericanas, la historia explora el exilio no solo como una condici\u00f3n f\u00edsica, sino como una experiencia interior: una distancia silenciosa que puede crecer dentro de las familias, las relaciones y la memoria misma. En su n\u00facleo, Flores para Mar\u00eda Sucel es una novela sobre un amor que sobrevive sin garant\u00edas: una fuerza fr\u00e1gil y obstinada que florece precisamente donde la vida parece menos habitable. &nbsp; EMPIEZA A LEER Disponible en tapa blanda, tapa dura y ebook &nbsp;   AMAZON  BARNES &amp; NOBLE  ORDER FROM PUBLISHER  LA NOVELA EN GOODREADS  A\u00f1\u00e1dela a tu lista de lectura","og_url":"https:\/\/bookandbilias.us\/es\/product\/flores-para-maria-sucel\/","og_site_name":"Book&amp;Bilias","article_modified_time":"2026-03-09T18:20:18+00:00","og_image":[{"width":333,"height":514,"url":"https:\/\/bookandbilias.us\/wp-content\/uploads\/2026\/02\/flores.png","type":"image\/png"}],"twitter_card":"summary_large_image","twitter_misc":{"Tiempo de lectura":"1 minuto"},"schema":{"@context":"https:\/\/schema.org","@graph":[{"@type":"WebPage","@id":"https:\/\/bookandbilias.us\/es\/product\/flores-para-maria-sucel\/","url":"https:\/\/bookandbilias.us\/es\/product\/flores-para-maria-sucel\/","name":"Flores para Mar\u00eda Sucel - Book&amp;Bilias","isPartOf":{"@id":"https:\/\/bookandbilias.us\/es\/#website"},"primaryImageOfPage":{"@id":"https:\/\/bookandbilias.us\/es\/product\/flores-para-maria-sucel\/#primaryimage"},"image":{"@id":"https:\/\/bookandbilias.us\/es\/product\/flores-para-maria-sucel\/#primaryimage"},"thumbnailUrl":"https:\/\/bookandbilias.us\/wp-content\/uploads\/2026\/02\/flores.png","datePublished":"2026-02-14T21:03:21+00:00","dateModified":"2026-03-09T18:20:18+00:00","breadcrumb":{"@id":"https:\/\/bookandbilias.us\/es\/product\/flores-para-maria-sucel\/#breadcrumb"},"inLanguage":"es","potentialAction":[{"@type":"ReadAction","target":["https:\/\/bookandbilias.us\/es\/product\/flores-para-maria-sucel\/"]}]},{"@type":"ImageObject","inLanguage":"es","@id":"https:\/\/bookandbilias.us\/es\/product\/flores-para-maria-sucel\/#primaryimage","url":"https:\/\/bookandbilias.us\/wp-content\/uploads\/2026\/02\/flores.png","contentUrl":"https:\/\/bookandbilias.us\/wp-content\/uploads\/2026\/02\/flores.png","width":333,"height":514},{"@type":"BreadcrumbList","@id":"https:\/\/bookandbilias.us\/es\/product\/flores-para-maria-sucel\/#breadcrumb","itemListElement":[{"@type":"ListItem","position":1,"name":"Portada","item":"https:\/\/bookandbilias.us\/es\/"},{"@type":"ListItem","position":2,"name":"Novelas","item":"https:\/\/bookandbilias.us\/novelas-2\/"},{"@type":"ListItem","position":3,"name":"Flores para Mar\u00eda Sucel"}]},{"@type":"WebSite","@id":"https:\/\/bookandbilias.us\/es\/#website","url":"https:\/\/bookandbilias.us\/es\/","name":"Book&Bilias","description":"","publisher":{"@id":"https:\/\/bookandbilias.us\/es\/#organization"},"potentialAction":[{"@type":"SearchAction","target":{"@type":"EntryPoint","urlTemplate":"https:\/\/bookandbilias.us\/es\/?s={search_term_string}"},"query-input":{"@type":"PropertyValueSpecification","valueRequired":true,"valueName":"search_term_string"}}],"inLanguage":"es"},{"@type":"Organization","@id":"https:\/\/bookandbilias.us\/es\/#organization","name":"Book&Bilias","url":"https:\/\/bookandbilias.us\/es\/","logo":{"@type":"ImageObject","inLanguage":"es","@id":"https:\/\/bookandbilias.us\/es\/#\/schema\/logo\/image\/","url":"https:\/\/bookandbilias.us\/wp-content\/uploads\/2021\/05\/logo-01-light-copy.png","contentUrl":"https:\/\/bookandbilias.us\/wp-content\/uploads\/2021\/05\/logo-01-light-copy.png","width":346,"height":52,"caption":"Book&Bilias"},"image":{"@id":"https:\/\/bookandbilias.us\/es\/#\/schema\/logo\/image\/"}}]}},"_links":{"self":[{"href":"https:\/\/bookandbilias.us\/es\/wp-json\/wp\/v2\/product\/10297","targetHints":{"allow":["GET"]}}],"collection":[{"href":"https:\/\/bookandbilias.us\/es\/wp-json\/wp\/v2\/product"}],"about":[{"href":"https:\/\/bookandbilias.us\/es\/wp-json\/wp\/v2\/types\/product"}],"version-history":[{"count":1,"href":"https:\/\/bookandbilias.us\/es\/wp-json\/wp\/v2\/product\/10297\/revisions"}],"predecessor-version":[{"id":12037,"href":"https:\/\/bookandbilias.us\/es\/wp-json\/wp\/v2\/product\/10297\/revisions\/12037"}],"wp:featuredmedia":[{"embeddable":true,"href":"https:\/\/bookandbilias.us\/es\/wp-json\/wp\/v2\/media\/10262"}],"wp:attachment":[{"href":"https:\/\/bookandbilias.us\/es\/wp-json\/wp\/v2\/media?parent=10297"}],"wp:term":[{"taxonomy":"product_brand","embeddable":true,"href":"https:\/\/bookandbilias.us\/es\/wp-json\/wp\/v2\/product_brand?post=10297"},{"taxonomy":"product_cat","embeddable":true,"href":"https:\/\/bookandbilias.us\/es\/wp-json\/wp\/v2\/product_cat?post=10297"},{"taxonomy":"product_tag","embeddable":true,"href":"https:\/\/bookandbilias.us\/es\/wp-json\/wp\/v2\/product_tag?post=10297"}],"curies":[{"name":"wp","href":"https:\/\/api.w.org\/{rel}","templated":true}]}}