{"id":10295,"date":"2026-02-14T20:50:33","date_gmt":"2026-02-14T20:50:33","guid":{"rendered":"https:\/\/bookandbilias.us\/?post_type=product&#038;p=10295"},"modified":"2026-03-09T18:20:49","modified_gmt":"2026-03-09T18:20:49","slug":"el-galpon","status":"publish","type":"product","link":"https:\/\/bookandbilias.us\/es\/product\/el-galpon\/","title":{"rendered":"El Galp\u00f3n"},"content":{"rendered":"","protected":false},"excerpt":{"rendered":"<p class=\"p1\">\u00bfQu\u00e9 ocurre cuando el \u00e9xito empresarial deja de ser una cuesti\u00f3n de eficiencia y se convierte en una cuesti\u00f3n moral?<b><\/b><\/p>\n<p class=\"p3\"><i>Una novela sobre la ambici\u00f3n, la contradicci\u00f3n y el costo humano del mundo corporativo.<\/i><i><\/i><\/p>\n<p class=\"p3\"><i>El Galp\u00f3n<\/i> se desarrolla a lo largo de cuatro d\u00e9cadas dentro del microcosmos de HanssenBox, una compa\u00f1\u00eda ubicada en el sureste de Estados Unidos que crece al ritmo del auge de internet y del comercio electr\u00f3nico.<\/p>\n<p class=\"p3\">Ethan, gerente de toda la vida, y Oliver, asesor externo, trabajan bajo la direcci\u00f3n de un empresario de temperamento sombr\u00edo que los arrastra a episodios de desconfianza, egocentrismo e inseguridad. En este entorno competitivo, las vidas de los personajes quedan progresivamente moldeadas por ideolog\u00edas extremas, ambiciones personales y la presi\u00f3n constante del \u00e9xito.<\/p>\n<p class=\"p3\">M\u00e1s que narrar la evoluci\u00f3n de una empresa, la novela examina la psicolog\u00eda de quienes la sostienen. Las decisiones empresariales revelan contradicciones \u00edntimas: valores proclamados que chocan con acciones necesarias para sobrevivir en un mercado sin pausa.<\/p>\n<p class=\"p3\">El t\u00edtulo alude al galp\u00f3n como s\u00edmbolo: el espacio donde se almacenan mercanc\u00edas, pero tambi\u00e9n donde se acumulan silencios, tensiones \u00e9ticas y consecuencias invisibles. All\u00ed, la frontera entre convicci\u00f3n y conveniencia se vuelve cada vez m\u00e1s difusa.<\/p>\n<p class=\"p3\">A trav\u00e9s de dilemas morales, dobles est\u00e1ndares y tensiones entre crecimiento y responsabilidad, <i>El Galp\u00f3n<\/i> explora el costo humano del \u00e9xito corporativo y cuestiona qu\u00e9 sucede cuando el progreso econ\u00f3mico avanza m\u00e1s r\u00e1pido que la evoluci\u00f3n \u00e9tica.<\/p>\n<p class=\"p3\">Anclada en la condici\u00f3n humana, la ambici\u00f3n y la fragilidad moral, <i>El Galp\u00f3n<\/i> es una obra de ficci\u00f3n literaria sobre el poder, la coherencia y las contradicciones del mundo empresarial contempor\u00e1neo.<\/p>\n<p>&nbsp;<\/p>\n<p class=\"stores\">EMPIEZA A LEER<\/p>\n<p class=\"p2\"><i>Disponible en tapa blanda, tapa dura y ebook<\/i><\/p>\n<p>&nbsp;<\/p>\n<ul>\n<li><a href=\"https:\/\/www.amazon.com\/El-Galp%C3%B3n-Spanish-William-Casta%C3%B1o-Bedoya-ebook\/dp\/B0BX41KW4T?ref_=ast_author_dp_rw&amp;th=1&amp;psc=1&amp;dib=eyJ2IjoiMSJ9.3O9vY1xXy0w5PG3L1gYsokpcqzNERYhfUudbsWY0hj9toZBEAWrwvjdRN2eWVfndFrCaSmRR3RDiZgaPSIr4XPHGQymKOkTOgSJ0fiuZEGfll85_gEGKmfy7TpHXw5OePfZxPLR6hKe-j-AR44WUypQU8JENcW-P4FRhXXzClfzz0nI97Dxbz5BS0wcdMlnZ.A9XmPEq-TZYMEb4CBRJ1i-Za5R0MJo3PfXLuGFrj9-I&amp;dib_tag=AUTHOR\" target=\"_blank\" rel=\"noopener\">AMAZON<\/a><\/li>\n<li><a href=\"https:\/\/www.barnesandnoble.com\/w\/el-galp-n-william-castano-bedoya\/1145180220?ean=9798987734902\" target=\"_blank\" rel=\"noopener\">BARNES &amp; NOBLE<\/a><\/li>\n<li><a href=\"https:\/\/shop.ingramspark.com\/b\/084?7wLhp9W6LwewMKcK90Y21zZs5CAzC8qruc23OMhhd9B\" target=\"_blank\" rel=\"noopener\">ORDER FROM PUBLISHER<\/a><\/li>\n<li class=\"goodreads\"><a href=\"https:\/\/www.goodreads.com\/book\/show\/123046167-el-galp-n\" target=\"_blank\" rel=\"noopener\">LA NOVELA EN GOODREADS<\/a><\/li>\n<\/ul>\n<p class=\"reading_list\">A\u00f1\u00e1dela a tu lista de lectura<\/p>\n","protected":false},"featured_media":10258,"template":"","meta":[],"product_brand":[],"product_cat":[199,212,204,80,203,200,201,78,197,198],"product_tag":[],"class_list":{"0":"post-10295","1":"product","2":"type-product","3":"status-publish","4":"has-post-thumbnail","6":"product_cat-ebook","7":"product_cat-english-languaje","8":"product_cat-ficcion-historica","9":"product_cat-hardcover","10":"product_cat-historical-fiction","11":"product_cat-literature-fiction","12":"product_cat-literature-fiction-literature-fiction","13":"product_cat-paperback","14":"product_cat-tapa-blanda","15":"product_cat-tapa-dura","17":"first","18":"instock","19":"product-type-simple"},"yoast_head":"<!-- This site is optimized with the Yoast SEO plugin v24.4 - https:\/\/yoast.com\/wordpress\/plugins\/seo\/ -->\n<title>El Galp\u00f3n - Book&amp;Bilias<\/title>\n<meta name=\"robots\" content=\"index, follow, max-snippet:-1, max-image-preview:large, max-video-preview:-1\" \/>\n<link rel=\"canonical\" href=\"https:\/\/bookandbilias.us\/es\/product\/el-galpon\/\" \/>\n<meta property=\"og:locale\" content=\"es_ES\" \/>\n<meta property=\"og:type\" content=\"article\" \/>\n<meta property=\"og:title\" content=\"El Galp\u00f3n - Book&amp;Bilias\" \/>\n<meta property=\"og:description\" content=\"\u00bfQu\u00e9 ocurre cuando el \u00e9xito empresarial deja de ser una cuesti\u00f3n de eficiencia y se convierte en una cuesti\u00f3n moral? Una novela sobre la ambici\u00f3n, la contradicci\u00f3n y el costo humano del mundo corporativo. El Galp\u00f3n se desarrolla a lo largo de cuatro d\u00e9cadas dentro del microcosmos de HanssenBox, una compa\u00f1\u00eda ubicada en el sureste de Estados Unidos que crece al ritmo del auge de internet y del comercio electr\u00f3nico. Ethan, gerente de toda la vida, y Oliver, asesor externo, trabajan bajo la direcci\u00f3n de un empresario de temperamento sombr\u00edo que los arrastra a episodios de desconfianza, egocentrismo e inseguridad. En este entorno competitivo, las vidas de los personajes quedan progresivamente moldeadas por ideolog\u00edas extremas, ambiciones personales y la presi\u00f3n constante del \u00e9xito. M\u00e1s que narrar la evoluci\u00f3n de una empresa, la novela examina la psicolog\u00eda de quienes la sostienen. Las decisiones empresariales revelan contradicciones \u00edntimas: valores proclamados que chocan con acciones necesarias para sobrevivir en un mercado sin pausa. El t\u00edtulo alude al galp\u00f3n como s\u00edmbolo: el espacio donde se almacenan mercanc\u00edas, pero tambi\u00e9n donde se acumulan silencios, tensiones \u00e9ticas y consecuencias invisibles. All\u00ed, la frontera entre convicci\u00f3n y conveniencia se vuelve cada vez m\u00e1s difusa. A trav\u00e9s de dilemas morales, dobles est\u00e1ndares y tensiones entre crecimiento y responsabilidad, El Galp\u00f3n explora el costo humano del \u00e9xito corporativo y cuestiona qu\u00e9 sucede cuando el progreso econ\u00f3mico avanza m\u00e1s r\u00e1pido que la evoluci\u00f3n \u00e9tica. Anclada en la condici\u00f3n humana, la ambici\u00f3n y la fragilidad moral, El Galp\u00f3n es una obra de ficci\u00f3n literaria sobre el poder, la coherencia y las contradicciones del mundo empresarial contempor\u00e1neo. &nbsp; EMPIEZA A LEER Disponible en tapa blanda, tapa dura y ebook &nbsp;   AMAZON  BARNES &amp; NOBLE  ORDER FROM PUBLISHER  LA NOVELA EN GOODREADS  A\u00f1\u00e1dela a tu lista de lectura\" \/>\n<meta property=\"og:url\" content=\"https:\/\/bookandbilias.us\/es\/product\/el-galpon\/\" \/>\n<meta property=\"og:site_name\" content=\"Book&amp;Bilias\" \/>\n<meta property=\"article:modified_time\" content=\"2026-03-09T18:20:49+00:00\" \/>\n<meta property=\"og:image\" content=\"https:\/\/bookandbilias.us\/wp-content\/uploads\/2026\/02\/El-galpon.png\" \/>\n\t<meta property=\"og:image:width\" content=\"333\" \/>\n\t<meta property=\"og:image:height\" content=\"514\" \/>\n\t<meta property=\"og:image:type\" content=\"image\/png\" \/>\n<meta name=\"twitter:card\" content=\"summary_large_image\" \/>\n<meta name=\"twitter:label1\" content=\"Tiempo de lectura\" \/>\n\t<meta name=\"twitter:data1\" content=\"1 minuto\" \/>\n<script type=\"application\/ld+json\" class=\"yoast-schema-graph\">{\"@context\":\"https:\/\/schema.org\",\"@graph\":[{\"@type\":\"WebPage\",\"@id\":\"https:\/\/bookandbilias.us\/es\/product\/el-galpon\/\",\"url\":\"https:\/\/bookandbilias.us\/es\/product\/el-galpon\/\",\"name\":\"El Galp\u00f3n - Book&amp;Bilias\",\"isPartOf\":{\"@id\":\"https:\/\/bookandbilias.us\/es\/#website\"},\"primaryImageOfPage\":{\"@id\":\"https:\/\/bookandbilias.us\/es\/product\/el-galpon\/#primaryimage\"},\"image\":{\"@id\":\"https:\/\/bookandbilias.us\/es\/product\/el-galpon\/#primaryimage\"},\"thumbnailUrl\":\"https:\/\/bookandbilias.us\/wp-content\/uploads\/2026\/02\/El-galpon.png\",\"datePublished\":\"2026-02-14T20:50:33+00:00\",\"dateModified\":\"2026-03-09T18:20:49+00:00\",\"breadcrumb\":{\"@id\":\"https:\/\/bookandbilias.us\/es\/product\/el-galpon\/#breadcrumb\"},\"inLanguage\":\"es\",\"potentialAction\":[{\"@type\":\"ReadAction\",\"target\":[\"https:\/\/bookandbilias.us\/es\/product\/el-galpon\/\"]}]},{\"@type\":\"ImageObject\",\"inLanguage\":\"es\",\"@id\":\"https:\/\/bookandbilias.us\/es\/product\/el-galpon\/#primaryimage\",\"url\":\"https:\/\/bookandbilias.us\/wp-content\/uploads\/2026\/02\/El-galpon.png\",\"contentUrl\":\"https:\/\/bookandbilias.us\/wp-content\/uploads\/2026\/02\/El-galpon.png\",\"width\":333,\"height\":514},{\"@type\":\"BreadcrumbList\",\"@id\":\"https:\/\/bookandbilias.us\/es\/product\/el-galpon\/#breadcrumb\",\"itemListElement\":[{\"@type\":\"ListItem\",\"position\":1,\"name\":\"Portada\",\"item\":\"https:\/\/bookandbilias.us\/es\/\"},{\"@type\":\"ListItem\",\"position\":2,\"name\":\"Novelas\",\"item\":\"https:\/\/bookandbilias.us\/novelas-2\/\"},{\"@type\":\"ListItem\",\"position\":3,\"name\":\"El Galp\u00f3n\"}]},{\"@type\":\"WebSite\",\"@id\":\"https:\/\/bookandbilias.us\/es\/#website\",\"url\":\"https:\/\/bookandbilias.us\/es\/\",\"name\":\"Book&Bilias\",\"description\":\"\",\"publisher\":{\"@id\":\"https:\/\/bookandbilias.us\/es\/#organization\"},\"potentialAction\":[{\"@type\":\"SearchAction\",\"target\":{\"@type\":\"EntryPoint\",\"urlTemplate\":\"https:\/\/bookandbilias.us\/es\/?s={search_term_string}\"},\"query-input\":{\"@type\":\"PropertyValueSpecification\",\"valueRequired\":true,\"valueName\":\"search_term_string\"}}],\"inLanguage\":\"es\"},{\"@type\":\"Organization\",\"@id\":\"https:\/\/bookandbilias.us\/es\/#organization\",\"name\":\"Book&Bilias\",\"url\":\"https:\/\/bookandbilias.us\/es\/\",\"logo\":{\"@type\":\"ImageObject\",\"inLanguage\":\"es\",\"@id\":\"https:\/\/bookandbilias.us\/es\/#\/schema\/logo\/image\/\",\"url\":\"https:\/\/bookandbilias.us\/wp-content\/uploads\/2021\/05\/logo-01-light-copy.png\",\"contentUrl\":\"https:\/\/bookandbilias.us\/wp-content\/uploads\/2021\/05\/logo-01-light-copy.png\",\"width\":346,\"height\":52,\"caption\":\"Book&Bilias\"},\"image\":{\"@id\":\"https:\/\/bookandbilias.us\/es\/#\/schema\/logo\/image\/\"}}]}<\/script>\n<!-- \/ Yoast SEO plugin. -->","yoast_head_json":{"title":"El Galp\u00f3n - Book&amp;Bilias","robots":{"index":"index","follow":"follow","max-snippet":"max-snippet:-1","max-image-preview":"max-image-preview:large","max-video-preview":"max-video-preview:-1"},"canonical":"https:\/\/bookandbilias.us\/es\/product\/el-galpon\/","og_locale":"es_ES","og_type":"article","og_title":"El Galp\u00f3n - Book&amp;Bilias","og_description":"\u00bfQu\u00e9 ocurre cuando el \u00e9xito empresarial deja de ser una cuesti\u00f3n de eficiencia y se convierte en una cuesti\u00f3n moral? Una novela sobre la ambici\u00f3n, la contradicci\u00f3n y el costo humano del mundo corporativo. El Galp\u00f3n se desarrolla a lo largo de cuatro d\u00e9cadas dentro del microcosmos de HanssenBox, una compa\u00f1\u00eda ubicada en el sureste de Estados Unidos que crece al ritmo del auge de internet y del comercio electr\u00f3nico. Ethan, gerente de toda la vida, y Oliver, asesor externo, trabajan bajo la direcci\u00f3n de un empresario de temperamento sombr\u00edo que los arrastra a episodios de desconfianza, egocentrismo e inseguridad. En este entorno competitivo, las vidas de los personajes quedan progresivamente moldeadas por ideolog\u00edas extremas, ambiciones personales y la presi\u00f3n constante del \u00e9xito. M\u00e1s que narrar la evoluci\u00f3n de una empresa, la novela examina la psicolog\u00eda de quienes la sostienen. Las decisiones empresariales revelan contradicciones \u00edntimas: valores proclamados que chocan con acciones necesarias para sobrevivir en un mercado sin pausa. El t\u00edtulo alude al galp\u00f3n como s\u00edmbolo: el espacio donde se almacenan mercanc\u00edas, pero tambi\u00e9n donde se acumulan silencios, tensiones \u00e9ticas y consecuencias invisibles. All\u00ed, la frontera entre convicci\u00f3n y conveniencia se vuelve cada vez m\u00e1s difusa. A trav\u00e9s de dilemas morales, dobles est\u00e1ndares y tensiones entre crecimiento y responsabilidad, El Galp\u00f3n explora el costo humano del \u00e9xito corporativo y cuestiona qu\u00e9 sucede cuando el progreso econ\u00f3mico avanza m\u00e1s r\u00e1pido que la evoluci\u00f3n \u00e9tica. Anclada en la condici\u00f3n humana, la ambici\u00f3n y la fragilidad moral, El Galp\u00f3n es una obra de ficci\u00f3n literaria sobre el poder, la coherencia y las contradicciones del mundo empresarial contempor\u00e1neo. &nbsp; EMPIEZA A LEER Disponible en tapa blanda, tapa dura y ebook &nbsp;   AMAZON  BARNES &amp; NOBLE  ORDER FROM PUBLISHER  LA NOVELA EN GOODREADS  A\u00f1\u00e1dela a tu lista de lectura","og_url":"https:\/\/bookandbilias.us\/es\/product\/el-galpon\/","og_site_name":"Book&amp;Bilias","article_modified_time":"2026-03-09T18:20:49+00:00","og_image":[{"width":333,"height":514,"url":"https:\/\/bookandbilias.us\/wp-content\/uploads\/2026\/02\/El-galpon.png","type":"image\/png"}],"twitter_card":"summary_large_image","twitter_misc":{"Tiempo de lectura":"1 minuto"},"schema":{"@context":"https:\/\/schema.org","@graph":[{"@type":"WebPage","@id":"https:\/\/bookandbilias.us\/es\/product\/el-galpon\/","url":"https:\/\/bookandbilias.us\/es\/product\/el-galpon\/","name":"El Galp\u00f3n - Book&amp;Bilias","isPartOf":{"@id":"https:\/\/bookandbilias.us\/es\/#website"},"primaryImageOfPage":{"@id":"https:\/\/bookandbilias.us\/es\/product\/el-galpon\/#primaryimage"},"image":{"@id":"https:\/\/bookandbilias.us\/es\/product\/el-galpon\/#primaryimage"},"thumbnailUrl":"https:\/\/bookandbilias.us\/wp-content\/uploads\/2026\/02\/El-galpon.png","datePublished":"2026-02-14T20:50:33+00:00","dateModified":"2026-03-09T18:20:49+00:00","breadcrumb":{"@id":"https:\/\/bookandbilias.us\/es\/product\/el-galpon\/#breadcrumb"},"inLanguage":"es","potentialAction":[{"@type":"ReadAction","target":["https:\/\/bookandbilias.us\/es\/product\/el-galpon\/"]}]},{"@type":"ImageObject","inLanguage":"es","@id":"https:\/\/bookandbilias.us\/es\/product\/el-galpon\/#primaryimage","url":"https:\/\/bookandbilias.us\/wp-content\/uploads\/2026\/02\/El-galpon.png","contentUrl":"https:\/\/bookandbilias.us\/wp-content\/uploads\/2026\/02\/El-galpon.png","width":333,"height":514},{"@type":"BreadcrumbList","@id":"https:\/\/bookandbilias.us\/es\/product\/el-galpon\/#breadcrumb","itemListElement":[{"@type":"ListItem","position":1,"name":"Portada","item":"https:\/\/bookandbilias.us\/es\/"},{"@type":"ListItem","position":2,"name":"Novelas","item":"https:\/\/bookandbilias.us\/novelas-2\/"},{"@type":"ListItem","position":3,"name":"El Galp\u00f3n"}]},{"@type":"WebSite","@id":"https:\/\/bookandbilias.us\/es\/#website","url":"https:\/\/bookandbilias.us\/es\/","name":"Book&Bilias","description":"","publisher":{"@id":"https:\/\/bookandbilias.us\/es\/#organization"},"potentialAction":[{"@type":"SearchAction","target":{"@type":"EntryPoint","urlTemplate":"https:\/\/bookandbilias.us\/es\/?s={search_term_string}"},"query-input":{"@type":"PropertyValueSpecification","valueRequired":true,"valueName":"search_term_string"}}],"inLanguage":"es"},{"@type":"Organization","@id":"https:\/\/bookandbilias.us\/es\/#organization","name":"Book&Bilias","url":"https:\/\/bookandbilias.us\/es\/","logo":{"@type":"ImageObject","inLanguage":"es","@id":"https:\/\/bookandbilias.us\/es\/#\/schema\/logo\/image\/","url":"https:\/\/bookandbilias.us\/wp-content\/uploads\/2021\/05\/logo-01-light-copy.png","contentUrl":"https:\/\/bookandbilias.us\/wp-content\/uploads\/2021\/05\/logo-01-light-copy.png","width":346,"height":52,"caption":"Book&Bilias"},"image":{"@id":"https:\/\/bookandbilias.us\/es\/#\/schema\/logo\/image\/"}}]}},"_links":{"self":[{"href":"https:\/\/bookandbilias.us\/es\/wp-json\/wp\/v2\/product\/10295","targetHints":{"allow":["GET"]}}],"collection":[{"href":"https:\/\/bookandbilias.us\/es\/wp-json\/wp\/v2\/product"}],"about":[{"href":"https:\/\/bookandbilias.us\/es\/wp-json\/wp\/v2\/types\/product"}],"version-history":[{"count":1,"href":"https:\/\/bookandbilias.us\/es\/wp-json\/wp\/v2\/product\/10295\/revisions"}],"predecessor-version":[{"id":12038,"href":"https:\/\/bookandbilias.us\/es\/wp-json\/wp\/v2\/product\/10295\/revisions\/12038"}],"wp:featuredmedia":[{"embeddable":true,"href":"https:\/\/bookandbilias.us\/es\/wp-json\/wp\/v2\/media\/10258"}],"wp:attachment":[{"href":"https:\/\/bookandbilias.us\/es\/wp-json\/wp\/v2\/media?parent=10295"}],"wp:term":[{"taxonomy":"product_brand","embeddable":true,"href":"https:\/\/bookandbilias.us\/es\/wp-json\/wp\/v2\/product_brand?post=10295"},{"taxonomy":"product_cat","embeddable":true,"href":"https:\/\/bookandbilias.us\/es\/wp-json\/wp\/v2\/product_cat?post=10295"},{"taxonomy":"product_tag","embeddable":true,"href":"https:\/\/bookandbilias.us\/es\/wp-json\/wp\/v2\/product_tag?post=10295"}],"curies":[{"name":"wp","href":"https:\/\/api.w.org\/{rel}","templated":true}]}}