{"id":10197,"date":"2026-02-11T20:00:57","date_gmt":"2026-02-11T20:00:57","guid":{"rendered":"https:\/\/bookandbilias.us\/?post_type=product&#038;p=10197"},"modified":"2026-03-09T18:22:52","modified_gmt":"2026-03-09T18:22:52","slug":"la-intrigante-quietud-de-las-mareas","status":"publish","type":"product","link":"https:\/\/bookandbilias.us\/es\/product\/la-intrigante-quietud-de-las-mareas\/","title":{"rendered":"La Intrigante Quietud de las Mareas"},"content":{"rendered":"","protected":false},"excerpt":{"rendered":"<p class=\"p1\" style=\"text-align: left;\"><em>\u00bfQu\u00e9 permanece cuando la vida niega detenerse \u2014 incluso ante la inminencia de su final?<\/em><\/p>\n<p class=\"p1\" style=\"text-align: left;\"><em>Una meditaci\u00f3n sobre el amor, el silencio y la fr\u00e1gil persistencia del ser.<\/em><\/p>\n<p class=\"p1\" style=\"text-align: left;\"><em>La intrigante quietud de las mareas<\/em> es una novela sobre aquello que permanece sin decir cuando la vida se ve obligada a continuar bajo condiciones alteradas.<\/p>\n<p class=\"p1\" style=\"text-align: left;\">En lugar de centrarse en la cercan\u00eda de la muerte, la novela dirige su mirada hacia la silenciosa persistencia de la vida en su presencia \u2014 c\u00f3mo la intimidad, el pensamiento y el afecto se reorganizan cuando el lenguaje se vuelve insuficiente y la certeza se disuelve.<\/p>\n<p class=\"p1\" style=\"text-align: left;\">La narraci\u00f3n se despliega hacia el interior, privilegiando la contenci\u00f3n sobre el espect\u00e1culo y el silencio sobre la resoluci\u00f3n. El sentido no se revela mediante cl\u00edmax o revelaciones, sino a trav\u00e9s de la atenci\u00f3n: al gesto, a la espera, al peso moral de permanecer presentes cuando nada puede resolverse.<\/p>\n<p class=\"p1\" style=\"text-align: left;\">En su n\u00facleo, la novela explora el amor bajo presi\u00f3n \u00e9tica \u2014 ese tipo de amor que sobrevive no mediante grandes declaraciones, sino a trav\u00e9s de la resistencia, la compa\u00f1\u00eda y la inteligencia silenciosa de permanecer.<\/p>\n<p class=\"p1\" style=\"text-align: left;\">Anclada en la interioridad, la vulnerabilidad y la contenci\u00f3n emocional, <em>La intrigante quietud de las mareas<\/em> es una obra de ficci\u00f3n literaria sobre la contingencia, la aceptaci\u00f3n y las fr\u00e1giles arquitecturas de la conexi\u00f3n humana.<\/p>\n<p class=\"stores\" style=\"text-align: left;\">EMPIEZA A LEER<\/p>\n<p class=\"p1\" style=\"text-align: left;\"><i>Disponible en tapa blanda, tapa dura y ebook<\/i><\/p>\n<ul>\n<li><a href=\"https:\/\/www.amazon.com\/Intrigante-Quietud-las-Mareas-Spanish\/dp\/B0GGCSTSFJ\/ref=tmm_pap_swatch_0?_encoding=UTF8&amp;dib_tag=AUTHOR&amp;dib=eyJ2IjoiMSJ9.3O9vY1xXy0w5PG3L1gYsokpcqzNERYhfUudbsWY0hj9toZBEAWrwvjdRN2eWVfndFrCaSmRR3RDiZgaPSIr4XPHGQymKOkTOgSJ0fiuZEGfll85_gEGKmfy7TpHXw5OePfZxPLR6hKe-j-AR44WUypQU8JENcW-P4FRhXXzClfzz0nI97Dxbz5BS0wcdMlnZ.A9XmPEq-TZYMEb4CBRJ1i-Za5R0MJo3PfXLuGFrj9-I\" target=\"_blank\" rel=\"noopener\">AMAZON<\/a><\/li>\n<li><a href=\"https:\/\/www.barnesandnoble.com\/w\/la-intrigante-quietud-de-las-mareas-william-castano-bedoya\/1149080324?ean=9798994166932\" target=\"_blank\" rel=\"noopener\">BARNES &amp; NOBLE<\/a><\/li>\n<li><a href=\"https:\/\/shop.ingramspark.com\/b\/084?params=VhkH7su8r9lFkJmLStSSNM16IcElssVfP3LiMpnmvRY\" target=\"_blank\" rel=\"noopener\">ORDER FROM PUBLISHER<\/a><\/li>\n<li class=\"goodreads\" style=\"text-align: left;\"><a href=\"https:\/\/www.goodreads.com\/book\/show\/246011906-la-intrigante-quietud-de-las-mareas?ac=1&amp;from_search=true&amp;qid=9hk5yVa15J&amp;rank=1\" target=\"_blank\" rel=\"noopener\">LA NOVELA EN GOODREADS<\/a><\/li>\n<\/ul>\n<p class=\"reading_list\" style=\"text-align: left;\">A\u00f1\u00e1dela a tu lista de lectura<\/p>\n","protected":false},"featured_media":10266,"template":"","meta":[],"product_brand":[],"product_cat":[199,212,204,80,203,200,201,78,197,198],"product_tag":[],"class_list":{"0":"post-10197","1":"product","2":"type-product","3":"status-publish","4":"has-post-thumbnail","6":"product_cat-ebook","7":"product_cat-english-languaje","8":"product_cat-ficcion-historica","9":"product_cat-hardcover","10":"product_cat-historical-fiction","11":"product_cat-literature-fiction","12":"product_cat-literature-fiction-literature-fiction","13":"product_cat-paperback","14":"product_cat-tapa-blanda","15":"product_cat-tapa-dura","17":"first","18":"instock","19":"product-type-simple"},"yoast_head":"<!-- This site is optimized with the Yoast SEO plugin v24.4 - https:\/\/yoast.com\/wordpress\/plugins\/seo\/ -->\n<title>La Intrigante Quietud de las Mareas - Book&amp;Bilias<\/title>\n<meta name=\"robots\" content=\"index, follow, max-snippet:-1, max-image-preview:large, max-video-preview:-1\" \/>\n<link rel=\"canonical\" href=\"https:\/\/bookandbilias.us\/es\/product\/la-intrigante-quietud-de-las-mareas\/\" \/>\n<meta property=\"og:locale\" content=\"es_ES\" \/>\n<meta property=\"og:type\" content=\"article\" \/>\n<meta property=\"og:title\" content=\"La Intrigante Quietud de las Mareas - Book&amp;Bilias\" \/>\n<meta property=\"og:description\" content=\"\u00bfQu\u00e9 permanece cuando la vida niega detenerse \u2014 incluso ante la inminencia de su final? Una meditaci\u00f3n sobre el amor, el silencio y la fr\u00e1gil persistencia del ser. La intrigante quietud de las mareas es una novela sobre aquello que permanece sin decir cuando la vida se ve obligada a continuar bajo condiciones alteradas. En lugar de centrarse en la cercan\u00eda de la muerte, la novela dirige su mirada hacia la silenciosa persistencia de la vida en su presencia \u2014 c\u00f3mo la intimidad, el pensamiento y el afecto se reorganizan cuando el lenguaje se vuelve insuficiente y la certeza se disuelve. La narraci\u00f3n se despliega hacia el interior, privilegiando la contenci\u00f3n sobre el espect\u00e1culo y el silencio sobre la resoluci\u00f3n. El sentido no se revela mediante cl\u00edmax o revelaciones, sino a trav\u00e9s de la atenci\u00f3n: al gesto, a la espera, al peso moral de permanecer presentes cuando nada puede resolverse. En su n\u00facleo, la novela explora el amor bajo presi\u00f3n \u00e9tica \u2014 ese tipo de amor que sobrevive no mediante grandes declaraciones, sino a trav\u00e9s de la resistencia, la compa\u00f1\u00eda y la inteligencia silenciosa de permanecer. Anclada en la interioridad, la vulnerabilidad y la contenci\u00f3n emocional, La intrigante quietud de las mareas es una obra de ficci\u00f3n literaria sobre la contingencia, la aceptaci\u00f3n y las fr\u00e1giles arquitecturas de la conexi\u00f3n humana. EMPIEZA A LEER Disponible en tapa blanda, tapa dura y ebook    AMAZON  BARNES &amp; NOBLE  ORDER FROM PUBLISHER  LA NOVELA EN GOODREADS  A\u00f1\u00e1dela a tu lista de lectura\" \/>\n<meta property=\"og:url\" content=\"https:\/\/bookandbilias.us\/es\/product\/la-intrigante-quietud-de-las-mareas\/\" \/>\n<meta property=\"og:site_name\" content=\"Book&amp;Bilias\" \/>\n<meta property=\"article:modified_time\" content=\"2026-03-09T18:22:52+00:00\" \/>\n<meta property=\"og:image\" content=\"https:\/\/bookandbilias.us\/wp-content\/uploads\/2026\/02\/Mareas.png\" \/>\n\t<meta property=\"og:image:width\" content=\"333\" \/>\n\t<meta property=\"og:image:height\" content=\"514\" \/>\n\t<meta property=\"og:image:type\" content=\"image\/png\" \/>\n<meta name=\"twitter:card\" content=\"summary_large_image\" \/>\n<meta name=\"twitter:label1\" content=\"Tiempo de lectura\" \/>\n\t<meta name=\"twitter:data1\" content=\"1 minuto\" \/>\n<script type=\"application\/ld+json\" class=\"yoast-schema-graph\">{\"@context\":\"https:\/\/schema.org\",\"@graph\":[{\"@type\":\"WebPage\",\"@id\":\"https:\/\/bookandbilias.us\/es\/product\/la-intrigante-quietud-de-las-mareas\/\",\"url\":\"https:\/\/bookandbilias.us\/es\/product\/la-intrigante-quietud-de-las-mareas\/\",\"name\":\"La Intrigante Quietud de las Mareas - Book&amp;Bilias\",\"isPartOf\":{\"@id\":\"https:\/\/bookandbilias.us\/es\/#website\"},\"primaryImageOfPage\":{\"@id\":\"https:\/\/bookandbilias.us\/es\/product\/la-intrigante-quietud-de-las-mareas\/#primaryimage\"},\"image\":{\"@id\":\"https:\/\/bookandbilias.us\/es\/product\/la-intrigante-quietud-de-las-mareas\/#primaryimage\"},\"thumbnailUrl\":\"https:\/\/bookandbilias.us\/wp-content\/uploads\/2026\/02\/Mareas.png\",\"datePublished\":\"2026-02-11T20:00:57+00:00\",\"dateModified\":\"2026-03-09T18:22:52+00:00\",\"breadcrumb\":{\"@id\":\"https:\/\/bookandbilias.us\/es\/product\/la-intrigante-quietud-de-las-mareas\/#breadcrumb\"},\"inLanguage\":\"es\",\"potentialAction\":[{\"@type\":\"ReadAction\",\"target\":[\"https:\/\/bookandbilias.us\/es\/product\/la-intrigante-quietud-de-las-mareas\/\"]}]},{\"@type\":\"ImageObject\",\"inLanguage\":\"es\",\"@id\":\"https:\/\/bookandbilias.us\/es\/product\/la-intrigante-quietud-de-las-mareas\/#primaryimage\",\"url\":\"https:\/\/bookandbilias.us\/wp-content\/uploads\/2026\/02\/Mareas.png\",\"contentUrl\":\"https:\/\/bookandbilias.us\/wp-content\/uploads\/2026\/02\/Mareas.png\",\"width\":333,\"height\":514},{\"@type\":\"BreadcrumbList\",\"@id\":\"https:\/\/bookandbilias.us\/es\/product\/la-intrigante-quietud-de-las-mareas\/#breadcrumb\",\"itemListElement\":[{\"@type\":\"ListItem\",\"position\":1,\"name\":\"Portada\",\"item\":\"https:\/\/bookandbilias.us\/es\/\"},{\"@type\":\"ListItem\",\"position\":2,\"name\":\"Novelas\",\"item\":\"https:\/\/bookandbilias.us\/novelas-2\/\"},{\"@type\":\"ListItem\",\"position\":3,\"name\":\"La Intrigante Quietud de las Mareas\"}]},{\"@type\":\"WebSite\",\"@id\":\"https:\/\/bookandbilias.us\/es\/#website\",\"url\":\"https:\/\/bookandbilias.us\/es\/\",\"name\":\"Book&Bilias\",\"description\":\"\",\"publisher\":{\"@id\":\"https:\/\/bookandbilias.us\/es\/#organization\"},\"potentialAction\":[{\"@type\":\"SearchAction\",\"target\":{\"@type\":\"EntryPoint\",\"urlTemplate\":\"https:\/\/bookandbilias.us\/es\/?s={search_term_string}\"},\"query-input\":{\"@type\":\"PropertyValueSpecification\",\"valueRequired\":true,\"valueName\":\"search_term_string\"}}],\"inLanguage\":\"es\"},{\"@type\":\"Organization\",\"@id\":\"https:\/\/bookandbilias.us\/es\/#organization\",\"name\":\"Book&Bilias\",\"url\":\"https:\/\/bookandbilias.us\/es\/\",\"logo\":{\"@type\":\"ImageObject\",\"inLanguage\":\"es\",\"@id\":\"https:\/\/bookandbilias.us\/es\/#\/schema\/logo\/image\/\",\"url\":\"https:\/\/bookandbilias.us\/wp-content\/uploads\/2021\/05\/logo-01-light-copy.png\",\"contentUrl\":\"https:\/\/bookandbilias.us\/wp-content\/uploads\/2021\/05\/logo-01-light-copy.png\",\"width\":346,\"height\":52,\"caption\":\"Book&Bilias\"},\"image\":{\"@id\":\"https:\/\/bookandbilias.us\/es\/#\/schema\/logo\/image\/\"}}]}<\/script>\n<!-- \/ Yoast SEO plugin. -->","yoast_head_json":{"title":"La Intrigante Quietud de las Mareas - Book&amp;Bilias","robots":{"index":"index","follow":"follow","max-snippet":"max-snippet:-1","max-image-preview":"max-image-preview:large","max-video-preview":"max-video-preview:-1"},"canonical":"https:\/\/bookandbilias.us\/es\/product\/la-intrigante-quietud-de-las-mareas\/","og_locale":"es_ES","og_type":"article","og_title":"La Intrigante Quietud de las Mareas - Book&amp;Bilias","og_description":"\u00bfQu\u00e9 permanece cuando la vida niega detenerse \u2014 incluso ante la inminencia de su final? Una meditaci\u00f3n sobre el amor, el silencio y la fr\u00e1gil persistencia del ser. La intrigante quietud de las mareas es una novela sobre aquello que permanece sin decir cuando la vida se ve obligada a continuar bajo condiciones alteradas. En lugar de centrarse en la cercan\u00eda de la muerte, la novela dirige su mirada hacia la silenciosa persistencia de la vida en su presencia \u2014 c\u00f3mo la intimidad, el pensamiento y el afecto se reorganizan cuando el lenguaje se vuelve insuficiente y la certeza se disuelve. La narraci\u00f3n se despliega hacia el interior, privilegiando la contenci\u00f3n sobre el espect\u00e1culo y el silencio sobre la resoluci\u00f3n. El sentido no se revela mediante cl\u00edmax o revelaciones, sino a trav\u00e9s de la atenci\u00f3n: al gesto, a la espera, al peso moral de permanecer presentes cuando nada puede resolverse. En su n\u00facleo, la novela explora el amor bajo presi\u00f3n \u00e9tica \u2014 ese tipo de amor que sobrevive no mediante grandes declaraciones, sino a trav\u00e9s de la resistencia, la compa\u00f1\u00eda y la inteligencia silenciosa de permanecer. Anclada en la interioridad, la vulnerabilidad y la contenci\u00f3n emocional, La intrigante quietud de las mareas es una obra de ficci\u00f3n literaria sobre la contingencia, la aceptaci\u00f3n y las fr\u00e1giles arquitecturas de la conexi\u00f3n humana. EMPIEZA A LEER Disponible en tapa blanda, tapa dura y ebook    AMAZON  BARNES &amp; NOBLE  ORDER FROM PUBLISHER  LA NOVELA EN GOODREADS  A\u00f1\u00e1dela a tu lista de lectura","og_url":"https:\/\/bookandbilias.us\/es\/product\/la-intrigante-quietud-de-las-mareas\/","og_site_name":"Book&amp;Bilias","article_modified_time":"2026-03-09T18:22:52+00:00","og_image":[{"width":333,"height":514,"url":"https:\/\/bookandbilias.us\/wp-content\/uploads\/2026\/02\/Mareas.png","type":"image\/png"}],"twitter_card":"summary_large_image","twitter_misc":{"Tiempo de lectura":"1 minuto"},"schema":{"@context":"https:\/\/schema.org","@graph":[{"@type":"WebPage","@id":"https:\/\/bookandbilias.us\/es\/product\/la-intrigante-quietud-de-las-mareas\/","url":"https:\/\/bookandbilias.us\/es\/product\/la-intrigante-quietud-de-las-mareas\/","name":"La Intrigante Quietud de las Mareas - Book&amp;Bilias","isPartOf":{"@id":"https:\/\/bookandbilias.us\/es\/#website"},"primaryImageOfPage":{"@id":"https:\/\/bookandbilias.us\/es\/product\/la-intrigante-quietud-de-las-mareas\/#primaryimage"},"image":{"@id":"https:\/\/bookandbilias.us\/es\/product\/la-intrigante-quietud-de-las-mareas\/#primaryimage"},"thumbnailUrl":"https:\/\/bookandbilias.us\/wp-content\/uploads\/2026\/02\/Mareas.png","datePublished":"2026-02-11T20:00:57+00:00","dateModified":"2026-03-09T18:22:52+00:00","breadcrumb":{"@id":"https:\/\/bookandbilias.us\/es\/product\/la-intrigante-quietud-de-las-mareas\/#breadcrumb"},"inLanguage":"es","potentialAction":[{"@type":"ReadAction","target":["https:\/\/bookandbilias.us\/es\/product\/la-intrigante-quietud-de-las-mareas\/"]}]},{"@type":"ImageObject","inLanguage":"es","@id":"https:\/\/bookandbilias.us\/es\/product\/la-intrigante-quietud-de-las-mareas\/#primaryimage","url":"https:\/\/bookandbilias.us\/wp-content\/uploads\/2026\/02\/Mareas.png","contentUrl":"https:\/\/bookandbilias.us\/wp-content\/uploads\/2026\/02\/Mareas.png","width":333,"height":514},{"@type":"BreadcrumbList","@id":"https:\/\/bookandbilias.us\/es\/product\/la-intrigante-quietud-de-las-mareas\/#breadcrumb","itemListElement":[{"@type":"ListItem","position":1,"name":"Portada","item":"https:\/\/bookandbilias.us\/es\/"},{"@type":"ListItem","position":2,"name":"Novelas","item":"https:\/\/bookandbilias.us\/novelas-2\/"},{"@type":"ListItem","position":3,"name":"La Intrigante Quietud de las Mareas"}]},{"@type":"WebSite","@id":"https:\/\/bookandbilias.us\/es\/#website","url":"https:\/\/bookandbilias.us\/es\/","name":"Book&Bilias","description":"","publisher":{"@id":"https:\/\/bookandbilias.us\/es\/#organization"},"potentialAction":[{"@type":"SearchAction","target":{"@type":"EntryPoint","urlTemplate":"https:\/\/bookandbilias.us\/es\/?s={search_term_string}"},"query-input":{"@type":"PropertyValueSpecification","valueRequired":true,"valueName":"search_term_string"}}],"inLanguage":"es"},{"@type":"Organization","@id":"https:\/\/bookandbilias.us\/es\/#organization","name":"Book&Bilias","url":"https:\/\/bookandbilias.us\/es\/","logo":{"@type":"ImageObject","inLanguage":"es","@id":"https:\/\/bookandbilias.us\/es\/#\/schema\/logo\/image\/","url":"https:\/\/bookandbilias.us\/wp-content\/uploads\/2021\/05\/logo-01-light-copy.png","contentUrl":"https:\/\/bookandbilias.us\/wp-content\/uploads\/2021\/05\/logo-01-light-copy.png","width":346,"height":52,"caption":"Book&Bilias"},"image":{"@id":"https:\/\/bookandbilias.us\/es\/#\/schema\/logo\/image\/"}}]}},"_links":{"self":[{"href":"https:\/\/bookandbilias.us\/es\/wp-json\/wp\/v2\/product\/10197","targetHints":{"allow":["GET"]}}],"collection":[{"href":"https:\/\/bookandbilias.us\/es\/wp-json\/wp\/v2\/product"}],"about":[{"href":"https:\/\/bookandbilias.us\/es\/wp-json\/wp\/v2\/types\/product"}],"version-history":[{"count":6,"href":"https:\/\/bookandbilias.us\/es\/wp-json\/wp\/v2\/product\/10197\/revisions"}],"predecessor-version":[{"id":12041,"href":"https:\/\/bookandbilias.us\/es\/wp-json\/wp\/v2\/product\/10197\/revisions\/12041"}],"wp:featuredmedia":[{"embeddable":true,"href":"https:\/\/bookandbilias.us\/es\/wp-json\/wp\/v2\/media\/10266"}],"wp:attachment":[{"href":"https:\/\/bookandbilias.us\/es\/wp-json\/wp\/v2\/media?parent=10197"}],"wp:term":[{"taxonomy":"product_brand","embeddable":true,"href":"https:\/\/bookandbilias.us\/es\/wp-json\/wp\/v2\/product_brand?post=10197"},{"taxonomy":"product_cat","embeddable":true,"href":"https:\/\/bookandbilias.us\/es\/wp-json\/wp\/v2\/product_cat?post=10197"},{"taxonomy":"product_tag","embeddable":true,"href":"https:\/\/bookandbilias.us\/es\/wp-json\/wp\/v2\/product_tag?post=10197"}],"curies":[{"name":"wp","href":"https:\/\/api.w.org\/{rel}","templated":true}]}}