{"id":5620,"date":"2021-05-28T00:11:01","date_gmt":"2021-05-28T00:11:01","guid":{"rendered":"http:\/\/34.223.150.135\/?page_id=5620"},"modified":"2025-04-11T02:52:36","modified_gmt":"2025-04-11T02:52:36","slug":"inicio","status":"publish","type":"page","link":"https:\/\/bookandbilias.us\/es\/inicio\/","title":{"rendered":"Inicio"},"content":{"rendered":"<h1 style=\"color: #ffffff;\"><a href=\"\/author\/\" target=\"_self\" rel=\"noopener\"><br \/>William Casta\u00f1o-Bedoya <\/a><\/h1>\n<h2 style=\"color: #ffffff;\">Book&amp;Bilias<\/h2>\n<p>Sin haberse creado como una persona jur\u00eddica, en 2012, <a href=\"\/\">Book&amp;Bilias<\/a> fue fundada por William Casta\u00f1o-Bedoya, con el \u00e1nimo de apoyar a escritores latinoamericanos de Miami en cuanto a la optimizaci\u00f3n de sus obras y propender algunos pasos juglares de las mismas. Qued\u00f3 de Book&amp;Bilias una huella importante pues, adem\u00e1s de trabajar en profundidad la cosa literaria en encuentros semanales, William logr\u00f3 dise\u00f1ar y editar, por hobby, novelas como <i>La m\u00fasica del olvido<\/i>, <i>Fuga en sol menor para cuarteto imperfecto<\/i>, <i>Ni\u00f1o de agua y las mariposas<\/i> del escritor colombiano Janiel Humberto Pemberty; <i>La chica del Nogar\u00f3<\/i> y <i>Las alas del c\u00f3ndor<\/i> (segunda edici\u00f3n) del escritor chileno Hern\u00e1n Orrego; el poemario <i>Para\u00edso<\/i> de John Jairo Palomino; <i>Por el rev\u00e9s somos de mentiras<\/i>, homenaje en vida a la poeta Martha Sep\u00falveda G\u00f3ngora; El libro de cr\u00f3nicas de viajes: <i>Te espero en la frontera<\/i> de <a href=\"https:\/\/biblioteca-virtual.fandom.com\/es\/wiki\/Enrique_C%C3%B3rdoba_Rocha\" target=\"_blank\" rel=\"noopener nofollow\">Enrique C\u00f3rdoba Rocha<\/a>; los libros autobiogr\u00e1ficos: <i>Cr\u00f3nicas de un exilio voluntario<\/i> y <i>El talento no se jubila<\/i> de Eucario Berm\u00fadez; as\u00ed como el libro de cuentos <i>Isabela y el abuelo<\/i> de Manuel G\u00f3mez Sabogal.<\/p>\n<p>Luego de gratos y productivos momentos y luego de hacer ingentes esfuerzos por encontrar editores para sus novelas y las de sus amigos escritores, Book&amp;Bilias cay\u00f3 en el ostracismo en 2016. Sin embargo, en \u00e9pocas de pandemia, 2020-2021, William junto a su joven hija Camila, se propusieron rescatarla como una empresa que dar\u00eda visibilidad al trabajo literario de William que por a\u00f1os reposa en anaqueles sin ninguna actividad de tertulia y as\u00ed abrir espacios a su creaci\u00f3n literaria. As\u00ed pues, la nueva etapa de Book&amp;Bilias es liderada por Camila Casta\u00f1o.<\/p>\n<h2 style=\"color: #ffffff;\">Con\u00f3cenos<\/h2>\n<p><a href=\"\/author\/\"><br \/><img fetchpriority=\"high\" decoding=\"async\" src=\"https:\/\/bookandbilias.us\/wp-content\/uploads\/2021\/05\/Williamforteam.png\" sizes=\"(max-width: 333px) 100vw, 333px\" srcset=\"https:\/\/bookandbilias.us\/wp-content\/uploads\/2021\/05\/Williamforteam.png 333w, https:\/\/bookandbilias.us\/wp-content\/uploads\/2021\/05\/Williamforteam-300x300.png 300w, https:\/\/bookandbilias.us\/wp-content\/uploads\/2021\/05\/Williamforteam-150x150.png 150w\" alt=\"\" width=\"333\" height=\"333\" \/> <\/a><\/p>\n<h4><a href=\"\/author\/\">William<br \/>Castano-Bedoya<\/a><\/h4>\n<h6>Escritor<\/h6>\n<p>La experiencia corporativa y su visi\u00f3n de la nueva industria editorial en el mundo sirven de apoyo a Book&amp;bilias como empresa editorial.<\/p>\n<p><img decoding=\"async\" src=\"https:\/\/bookandbilias.us\/wp-content\/uploads\/2021\/05\/Camilaforteam.png\" sizes=\"(max-width: 333px) 100vw, 333px\" srcset=\"https:\/\/bookandbilias.us\/wp-content\/uploads\/2021\/05\/Camilaforteam.png 333w, https:\/\/bookandbilias.us\/wp-content\/uploads\/2021\/05\/Camilaforteam-300x300.png 300w, https:\/\/bookandbilias.us\/wp-content\/uploads\/2021\/05\/Camilaforteam-150x150.png 150w\" alt=\"\" width=\"333\" height=\"333\" \/><\/p>\n<h4>Camila<br \/>Castano<\/h4>\n<h6>PUBLISHER\/CEO<\/h6>\n<p>Graduada de la Universidad Internacional de Florida \u2014FIU\u2014 y habiendo completado una Licenciatura en Administraci\u00f3n de Empresas en Marketing con una certificaci\u00f3n en redes sociales y an\u00e1lisis de marketing digital, Camila comanda Book&amp;Bilias. A este reto empresarial se suma en paralelo su creciente experiencia laboral obtenida en importantes corporaciones.<\/p>\n<p>Camila est\u00e1 empe\u00f1ada en maximizar el potencial de la obra de su padre cre\u00e1ndole espacios para su creaci\u00f3n actual y futura, velando por su expansi\u00f3n en mercados internacionales y su aplicaci\u00f3n en \u00e1reas como la dramaturgia con evoluciones en cine y teatro.<\/p>\n<p><img decoding=\"async\" src=\"https:\/\/bookandbilias.us\/wp-content\/uploads\/2021\/05\/Gilbertoforteam.png\" sizes=\"(max-width: 333px) 100vw, 333px\" srcset=\"https:\/\/bookandbilias.us\/wp-content\/uploads\/2021\/05\/Gilbertoforteam.png 333w, https:\/\/bookandbilias.us\/wp-content\/uploads\/2021\/05\/Gilbertoforteam-300x300.png 300w, https:\/\/bookandbilias.us\/wp-content\/uploads\/2021\/05\/Gilbertoforteam-150x150.png 150w\" alt=\"\" width=\"333\" height=\"333\" \/><\/p>\n<h4>Gilberto<br \/>Castano-Bedoya<\/h4>\n<h6>PRODUCTOR<\/h6>\n<p>La llegada de Gilberto a la nueva Book&amp;Bilias ha significado un salto impresionante hacia la calidad del material que requiere la editorial para rodear la obra de William. Desde la masterizaci\u00f3n, sonorizaci\u00f3n y montaje de los audiolibros disponibles, hasta la direcci\u00f3n, edici\u00f3n y montaje del material audiovisual que producir\u00e1 la editorial en su futuro. Gilberto cuenta con una reconocida carrera profesional que lo llevo a ser m\u00e1ster control e ingeniero de sonido en cadenas tan importantes como RCN de Colombia, Colmundo Radio y Producciones JES, donde comand\u00f3, por d\u00e9cadas, la realizaci\u00f3n sonora de grandes debates, programas period\u00edsticos como <em>La Noche<\/em>, y transmisiones especiales de visitas presidenciales y del Santo Padre a Colombia. Gilberto tambi\u00e9n particip\u00f3 en el despliegue t\u00e9cnico que exig\u00edan las transmisiones de f\u00fatbol, los cert\u00e1menes de belleza, y eventos culturales como <em>Hay Festival<\/em> entre otros. \u00c9l\u00a0cuenta en su haber con la sonorizaci\u00f3n de la superproducci\u00f3n <em>Caf\u00e9 con Aroma de Mujer<\/em> en su versi\u00f3n original.<\/p>\n\n\n<p><\/p>\n","protected":false},"excerpt":{"rendered":"<p>William Casta\u00f1o-Bedoya Book&amp;Bilias Sin haberse creado como una persona jur\u00eddica, en 2012, Book&amp;Bilias fue fundada por William Casta\u00f1o-Bedoya, con el \u00e1nimo de apoyar a escritores latinoamericanos de Miami en cuanto a la optimizaci\u00f3n de sus obras y propender algunos pasos juglares de las mismas. Qued\u00f3 de Book&amp;Bilias una huella importante pues, adem\u00e1s de trabajar en [&hellip;]<\/p>\n","protected":false},"author":4,"featured_media":0,"parent":0,"menu_order":0,"comment_status":"closed","ping_status":"closed","template":"page-full-width.php","meta":{"footnotes":""},"class_list":["post-5620","page","type-page","status-publish","hentry"],"yoast_head":"<!-- This site is optimized with the Yoast SEO plugin v24.4 - https:\/\/yoast.com\/wordpress\/plugins\/seo\/ -->\n<title>Inicio - Book&amp;Bilias<\/title>\n<meta name=\"description\" content=\"Descubre Book&amp;Bilias, una editorial independiente fundada por William Casta\u00f1o-Bedoya. Explora nuestras novelas, art\u00edculos y reflexiones literarias en nuestro blog. Vis\u00edtanos en Coral Gables, Florida, o cont\u00e1ctanos para m\u00e1s informaci\u00f3n.\" \/>\n<meta name=\"robots\" content=\"index, follow, max-snippet:-1, max-image-preview:large, max-video-preview:-1\" \/>\n<link rel=\"canonical\" href=\"https:\/\/bookandbilias.us\/es\/inicio\/\" \/>\n<meta property=\"og:locale\" content=\"es_ES\" \/>\n<meta property=\"og:type\" content=\"article\" \/>\n<meta property=\"og:title\" content=\"Inicio - Book&amp;Bilias\" \/>\n<meta property=\"og:description\" content=\"Descubre Book&amp;Bilias, una editorial independiente fundada por William Casta\u00f1o-Bedoya. Explora nuestras novelas, art\u00edculos y reflexiones literarias en nuestro blog. Vis\u00edtanos en Coral Gables, Florida, o cont\u00e1ctanos para m\u00e1s informaci\u00f3n.\" \/>\n<meta property=\"og:url\" content=\"https:\/\/bookandbilias.us\/es\/inicio\/\" \/>\n<meta property=\"og:site_name\" content=\"Book&amp;Bilias\" \/>\n<meta property=\"article:modified_time\" content=\"2025-04-11T02:52:36+00:00\" \/>\n<meta property=\"og:image\" content=\"https:\/\/bookandbilias.us\/wp-content\/uploads\/2021\/05\/Williamforteam.png\" \/>\n<meta name=\"twitter:card\" content=\"summary_large_image\" \/>\n<meta name=\"twitter:label1\" content=\"Tiempo de lectura\" \/>\n\t<meta name=\"twitter:data1\" content=\"4 minutos\" \/>\n<script type=\"application\/ld+json\" class=\"yoast-schema-graph\">{\"@context\":\"https:\/\/schema.org\",\"@graph\":[{\"@type\":\"WebPage\",\"@id\":\"https:\/\/bookandbilias.us\/es\/inicio\/\",\"url\":\"https:\/\/bookandbilias.us\/es\/inicio\/\",\"name\":\"Inicio - Book&amp;Bilias\",\"isPartOf\":{\"@id\":\"https:\/\/bookandbilias.us\/es\/#website\"},\"primaryImageOfPage\":{\"@id\":\"https:\/\/bookandbilias.us\/es\/inicio\/#primaryimage\"},\"image\":{\"@id\":\"https:\/\/bookandbilias.us\/es\/inicio\/#primaryimage\"},\"thumbnailUrl\":\"https:\/\/bookandbilias.us\/wp-content\/uploads\/2021\/05\/Williamforteam.png\",\"datePublished\":\"2021-05-28T00:11:01+00:00\",\"dateModified\":\"2025-04-11T02:52:36+00:00\",\"description\":\"Descubre Book&Bilias, una editorial independiente fundada por William Casta\u00f1o-Bedoya. Explora nuestras novelas, art\u00edculos y reflexiones literarias en nuestro blog. Vis\u00edtanos en Coral Gables, Florida, o cont\u00e1ctanos para m\u00e1s informaci\u00f3n.\",\"breadcrumb\":{\"@id\":\"https:\/\/bookandbilias.us\/es\/inicio\/#breadcrumb\"},\"inLanguage\":\"es\",\"potentialAction\":[{\"@type\":\"ReadAction\",\"target\":[\"https:\/\/bookandbilias.us\/es\/inicio\/\"]}]},{\"@type\":\"ImageObject\",\"inLanguage\":\"es\",\"@id\":\"https:\/\/bookandbilias.us\/es\/inicio\/#primaryimage\",\"url\":\"https:\/\/bookandbilias.us\/wp-content\/uploads\/2021\/05\/Williamforteam.png\",\"contentUrl\":\"https:\/\/bookandbilias.us\/wp-content\/uploads\/2021\/05\/Williamforteam.png\"},{\"@type\":\"BreadcrumbList\",\"@id\":\"https:\/\/bookandbilias.us\/es\/inicio\/#breadcrumb\",\"itemListElement\":[{\"@type\":\"ListItem\",\"position\":1,\"name\":\"Portada\",\"item\":\"https:\/\/bookandbilias.us\/es\/\"},{\"@type\":\"ListItem\",\"position\":2,\"name\":\"Inicio\"}]},{\"@type\":\"WebSite\",\"@id\":\"https:\/\/bookandbilias.us\/es\/#website\",\"url\":\"https:\/\/bookandbilias.us\/es\/\",\"name\":\"Book&Bilias\",\"description\":\"\",\"publisher\":{\"@id\":\"https:\/\/bookandbilias.us\/es\/#organization\"},\"potentialAction\":[{\"@type\":\"SearchAction\",\"target\":{\"@type\":\"EntryPoint\",\"urlTemplate\":\"https:\/\/bookandbilias.us\/es\/?s={search_term_string}\"},\"query-input\":{\"@type\":\"PropertyValueSpecification\",\"valueRequired\":true,\"valueName\":\"search_term_string\"}}],\"inLanguage\":\"es\"},{\"@type\":\"Organization\",\"@id\":\"https:\/\/bookandbilias.us\/es\/#organization\",\"name\":\"Book&Bilias\",\"url\":\"https:\/\/bookandbilias.us\/es\/\",\"logo\":{\"@type\":\"ImageObject\",\"inLanguage\":\"es\",\"@id\":\"https:\/\/bookandbilias.us\/es\/#\/schema\/logo\/image\/\",\"url\":\"https:\/\/bookandbilias.us\/wp-content\/uploads\/2021\/05\/logo-01-light-copy.png\",\"contentUrl\":\"https:\/\/bookandbilias.us\/wp-content\/uploads\/2021\/05\/logo-01-light-copy.png\",\"width\":346,\"height\":52,\"caption\":\"Book&Bilias\"},\"image\":{\"@id\":\"https:\/\/bookandbilias.us\/es\/#\/schema\/logo\/image\/\"}}]}<\/script>\n<!-- \/ Yoast SEO plugin. -->","yoast_head_json":{"title":"Inicio - Book&amp;Bilias","description":"Descubre Book&Bilias, una editorial independiente fundada por William Casta\u00f1o-Bedoya. Explora nuestras novelas, art\u00edculos y reflexiones literarias en nuestro blog. Vis\u00edtanos en Coral Gables, Florida, o cont\u00e1ctanos para m\u00e1s informaci\u00f3n.","robots":{"index":"index","follow":"follow","max-snippet":"max-snippet:-1","max-image-preview":"max-image-preview:large","max-video-preview":"max-video-preview:-1"},"canonical":"https:\/\/bookandbilias.us\/es\/inicio\/","og_locale":"es_ES","og_type":"article","og_title":"Inicio - Book&amp;Bilias","og_description":"Descubre Book&Bilias, una editorial independiente fundada por William Casta\u00f1o-Bedoya. Explora nuestras novelas, art\u00edculos y reflexiones literarias en nuestro blog. Vis\u00edtanos en Coral Gables, Florida, o cont\u00e1ctanos para m\u00e1s informaci\u00f3n.","og_url":"https:\/\/bookandbilias.us\/es\/inicio\/","og_site_name":"Book&amp;Bilias","article_modified_time":"2025-04-11T02:52:36+00:00","og_image":[{"url":"https:\/\/bookandbilias.us\/wp-content\/uploads\/2021\/05\/Williamforteam.png","type":"","width":"","height":""}],"twitter_card":"summary_large_image","twitter_misc":{"Tiempo de lectura":"4 minutos"},"schema":{"@context":"https:\/\/schema.org","@graph":[{"@type":"WebPage","@id":"https:\/\/bookandbilias.us\/es\/inicio\/","url":"https:\/\/bookandbilias.us\/es\/inicio\/","name":"Inicio - Book&amp;Bilias","isPartOf":{"@id":"https:\/\/bookandbilias.us\/es\/#website"},"primaryImageOfPage":{"@id":"https:\/\/bookandbilias.us\/es\/inicio\/#primaryimage"},"image":{"@id":"https:\/\/bookandbilias.us\/es\/inicio\/#primaryimage"},"thumbnailUrl":"https:\/\/bookandbilias.us\/wp-content\/uploads\/2021\/05\/Williamforteam.png","datePublished":"2021-05-28T00:11:01+00:00","dateModified":"2025-04-11T02:52:36+00:00","description":"Descubre Book&Bilias, una editorial independiente fundada por William Casta\u00f1o-Bedoya. Explora nuestras novelas, art\u00edculos y reflexiones literarias en nuestro blog. Vis\u00edtanos en Coral Gables, Florida, o cont\u00e1ctanos para m\u00e1s informaci\u00f3n.","breadcrumb":{"@id":"https:\/\/bookandbilias.us\/es\/inicio\/#breadcrumb"},"inLanguage":"es","potentialAction":[{"@type":"ReadAction","target":["https:\/\/bookandbilias.us\/es\/inicio\/"]}]},{"@type":"ImageObject","inLanguage":"es","@id":"https:\/\/bookandbilias.us\/es\/inicio\/#primaryimage","url":"https:\/\/bookandbilias.us\/wp-content\/uploads\/2021\/05\/Williamforteam.png","contentUrl":"https:\/\/bookandbilias.us\/wp-content\/uploads\/2021\/05\/Williamforteam.png"},{"@type":"BreadcrumbList","@id":"https:\/\/bookandbilias.us\/es\/inicio\/#breadcrumb","itemListElement":[{"@type":"ListItem","position":1,"name":"Portada","item":"https:\/\/bookandbilias.us\/es\/"},{"@type":"ListItem","position":2,"name":"Inicio"}]},{"@type":"WebSite","@id":"https:\/\/bookandbilias.us\/es\/#website","url":"https:\/\/bookandbilias.us\/es\/","name":"Book&Bilias","description":"","publisher":{"@id":"https:\/\/bookandbilias.us\/es\/#organization"},"potentialAction":[{"@type":"SearchAction","target":{"@type":"EntryPoint","urlTemplate":"https:\/\/bookandbilias.us\/es\/?s={search_term_string}"},"query-input":{"@type":"PropertyValueSpecification","valueRequired":true,"valueName":"search_term_string"}}],"inLanguage":"es"},{"@type":"Organization","@id":"https:\/\/bookandbilias.us\/es\/#organization","name":"Book&Bilias","url":"https:\/\/bookandbilias.us\/es\/","logo":{"@type":"ImageObject","inLanguage":"es","@id":"https:\/\/bookandbilias.us\/es\/#\/schema\/logo\/image\/","url":"https:\/\/bookandbilias.us\/wp-content\/uploads\/2021\/05\/logo-01-light-copy.png","contentUrl":"https:\/\/bookandbilias.us\/wp-content\/uploads\/2021\/05\/logo-01-light-copy.png","width":346,"height":52,"caption":"Book&Bilias"},"image":{"@id":"https:\/\/bookandbilias.us\/es\/#\/schema\/logo\/image\/"}}]}},"_links":{"self":[{"href":"https:\/\/bookandbilias.us\/es\/wp-json\/wp\/v2\/pages\/5620","targetHints":{"allow":["GET"]}}],"collection":[{"href":"https:\/\/bookandbilias.us\/es\/wp-json\/wp\/v2\/pages"}],"about":[{"href":"https:\/\/bookandbilias.us\/es\/wp-json\/wp\/v2\/types\/page"}],"author":[{"embeddable":true,"href":"https:\/\/bookandbilias.us\/es\/wp-json\/wp\/v2\/users\/4"}],"replies":[{"embeddable":true,"href":"https:\/\/bookandbilias.us\/es\/wp-json\/wp\/v2\/comments?post=5620"}],"version-history":[{"count":2,"href":"https:\/\/bookandbilias.us\/es\/wp-json\/wp\/v2\/pages\/5620\/revisions"}],"predecessor-version":[{"id":9800,"href":"https:\/\/bookandbilias.us\/es\/wp-json\/wp\/v2\/pages\/5620\/revisions\/9800"}],"wp:attachment":[{"href":"https:\/\/bookandbilias.us\/es\/wp-json\/wp\/v2\/media?parent=5620"}],"curies":[{"name":"wp","href":"https:\/\/api.w.org\/{rel}","templated":true}]}}