{"id":5545,"date":"2021-05-25T05:04:10","date_gmt":"2021-05-25T05:04:10","guid":{"rendered":"http:\/\/34.223.150.135\/?page_id=5545"},"modified":"2025-04-11T02:48:41","modified_gmt":"2025-04-11T02:48:41","slug":"libros","status":"publish","type":"page","link":"https:\/\/bookandbilias.us\/es\/libros\/","title":{"rendered":"Books"},"content":{"rendered":"\t\t<div data-elementor-type=\"wp-page\" data-elementor-id=\"5545\" class=\"elementor elementor-5545\" data-elementor-post-type=\"page\">\n\t\t\t\t\t\t<section class=\"elementor-section elementor-top-section elementor-element elementor-element-f8ed230 elementor-section-boxed elementor-section-height-default elementor-section-height-default qodef-elementor-content-no\" data-id=\"f8ed230\" data-element_type=\"section\" data-e-type=\"section\" data-settings=\"{&quot;background_background&quot;:&quot;classic&quot;}\">\n\t\t\t\t\t\t<div class=\"elementor-container elementor-column-gap-default\">\n\t\t\t\t\t<div class=\"elementor-column elementor-col-50 elementor-top-column elementor-element elementor-element-db558af\" data-id=\"db558af\" data-element_type=\"column\" data-e-type=\"column\">\n\t\t\t<div class=\"elementor-widget-wrap elementor-element-populated\">\n\t\t\t\t\t\t<div class=\"elementor-element elementor-element-ff4cd7f elementor-widget elementor-widget-image\" data-id=\"ff4cd7f\" data-element_type=\"widget\" data-e-type=\"widget\" data-widget_type=\"image.default\">\n\t\t\t\t<div class=\"elementor-widget-container\">\n\t\t\t\t\t\t\t\t\t\t\t\t\t\t\t<img fetchpriority=\"high\" decoding=\"async\" width=\"800\" height=\"800\" src=\"https:\/\/bookandbilias.us\/wp-content\/uploads\/2020\/09\/hardcoverflores800x800.png\" class=\"attachment-full size-full wp-image-6267\" alt=\"\" srcset=\"https:\/\/bookandbilias.us\/wp-content\/uploads\/2020\/09\/hardcoverflores800x800.png 800w, https:\/\/bookandbilias.us\/wp-content\/uploads\/2020\/09\/hardcoverflores800x800-300x300.png 300w, https:\/\/bookandbilias.us\/wp-content\/uploads\/2020\/09\/hardcoverflores800x800-150x150.png 150w, https:\/\/bookandbilias.us\/wp-content\/uploads\/2020\/09\/hardcoverflores800x800-768x768.png 768w, https:\/\/bookandbilias.us\/wp-content\/uploads\/2020\/09\/hardcoverflores800x800-650x650.png 650w, https:\/\/bookandbilias.us\/wp-content\/uploads\/2020\/09\/hardcoverflores800x800-600x600.png 600w, https:\/\/bookandbilias.us\/wp-content\/uploads\/2020\/09\/hardcoverflores800x800-100x100.png 100w\" sizes=\"(max-width: 800px) 100vw, 800px\" \/>\t\t\t\t\t\t\t\t\t\t\t\t\t\t\t<\/div>\n\t\t\t\t<\/div>\n\t\t\t\t\t<\/div>\n\t\t<\/div>\n\t\t\t\t<div class=\"elementor-column elementor-col-50 elementor-top-column elementor-element elementor-element-64c3f5e\" data-id=\"64c3f5e\" data-element_type=\"column\" data-e-type=\"column\">\n\t\t\t<div class=\"elementor-widget-wrap elementor-element-populated\">\n\t\t\t\t\t\t<div class=\"elementor-element elementor-element-a8426fc elementor-widget elementor-widget-heading\" data-id=\"a8426fc\" data-element_type=\"widget\" data-e-type=\"widget\" data-widget_type=\"heading.default\">\n\t\t\t\t<div class=\"elementor-widget-container\">\n\t\t\t\t\t<h2 class=\"elementor-heading-title elementor-size-default\">Flores para Mar\u00eda Sucel  \u2013 En espa\u00f1ol<\/h2>\t\t\t\t<\/div>\n\t\t\t\t<\/div>\n\t\t\t\t<div class=\"elementor-element elementor-element-a69ef53 elementor-widget elementor-widget-text-editor\" data-id=\"a69ef53\" data-element_type=\"widget\" data-e-type=\"widget\" data-widget_type=\"text-editor.default\">\n\t\t\t\t<div class=\"elementor-widget-container\">\n\t\t\t\t\t\t\t\t\t<em style=\"background-color: #ffffff; color: #000000;\">Flores para Mar\u00eda Sucel<\/em><span style=\"color: #000000; background-color: #ffffff;\">\u00a0pone de manifiesto su riqueza dram\u00e1tica, en una novela, que evoca y sobrevalora los<a href=\"https:\/\/es.wikipedia.org\/wiki\/Exilio\" target=\"_blank\" rel=\"noopener nofollow\"> exilios<\/a> del ser en sus diferentes formas: El desplazamiento f\u00edsico en busca de un mundo mejor; el desapego y ruptura con el n\u00facleo familiar; el sometimiento silencioso de la mujer a las tradiciones sociales y religiosas; el existencialismo de los hijos; el ostracismo y el exilio moral del padre quien es relegado a un segundo plano convirti\u00e9ndolo en un extra\u00f1\u00f3 en medio de una soledad acompa\u00f1ada.<\/span>\n\n<span style=\"background-color: #ffffff; color: #000000; font-family: Cinzel, serif; font-size: 24px; letter-spacing: -0.02em; font-style: inherit; text-transform: inherit;\">Info:<\/span>\n<div style=\"background-color: #ffffff; color: #4d4d4d;\">\n<p style=\"margin-top: 0px; margin-bottom: 0px;\"><span style=\"color: #000000;\">ISBN Paperback: 9781736916803<\/span><\/p>\n\n<\/div>\n<div style=\"background-color: #ffffff; color: #4d4d4d;\"><span style=\"color: #000000;\">Autor: <a href=\"\/\">William Casta\u00f1o-Bedoya<\/a><\/span><\/div>\n<div style=\"background-color: #ffffff; color: #4d4d4d;\"><span style=\"color: #000000;\">Genero: Ficci\u00f3n Hist\u00f3rica<\/span><\/div>\n<div style=\"background-color: #ffffff; color: #4d4d4d;\"><span style=\"color: #000000;\">Idioma: Espa\u00f1ol<\/span><\/div>\n<div style=\"background-color: #ffffff; color: #4d4d4d;\"><span style=\"color: #000000;\">Paginas: 288<\/span>\n<span style=\"color: #000000;\">Peso del Art\u00edculo: 12.9 onzas<\/span>\n<span style=\"color: #000000;\">Dimensiones: 5.51 x 0.65 x 8.5 pulgadas<\/span>\n<span style=\"color: #000000;\">Editorial: Book &amp; Bilias LLC<\/span><\/div>\n<div style=\"background-color: #ffffff; color: #4d4d4d;\"><span style=\"color: #000000;\">Fecha de lanzamiento (Segunda Edici\u00f3n): Marzo 1, 2021<\/span><\/div>\t\t\t\t\t\t\t\t<\/div>\n\t\t\t\t<\/div>\n\t\t\t\t\t<\/div>\n\t\t<\/div>\n\t\t\t\t\t<\/div>\n\t\t<\/section>\n\t\t\t\t<section class=\"elementor-section elementor-top-section elementor-element elementor-element-afb226e elementor-section-boxed elementor-section-height-default elementor-section-height-default qodef-elementor-content-no\" data-id=\"afb226e\" data-element_type=\"section\" data-e-type=\"section\" data-settings=\"{&quot;background_background&quot;:&quot;classic&quot;}\">\n\t\t\t\t\t\t<div class=\"elementor-container elementor-column-gap-default\">\n\t\t\t\t\t<div class=\"elementor-column elementor-col-50 elementor-top-column elementor-element elementor-element-6c7b127\" data-id=\"6c7b127\" data-element_type=\"column\" data-e-type=\"column\">\n\t\t\t<div class=\"elementor-widget-wrap elementor-element-populated\">\n\t\t\t\t\t\t<div class=\"elementor-element elementor-element-2b75f67 elementor-widget elementor-widget-image\" data-id=\"2b75f67\" data-element_type=\"widget\" data-e-type=\"widget\" data-widget_type=\"image.default\">\n\t\t\t\t<div class=\"elementor-widget-container\">\n\t\t\t\t\t\t\t\t\t\t\t\t\t\t\t<img decoding=\"async\" width=\"396\" height=\"273\" src=\"https:\/\/bookandbilias.us\/wp-content\/uploads\/2021\/05\/home-1-rev-3.png\" class=\"attachment-full size-full wp-image-5963\" alt=\"\" srcset=\"https:\/\/bookandbilias.us\/wp-content\/uploads\/2021\/05\/home-1-rev-3.png 396w, https:\/\/bookandbilias.us\/wp-content\/uploads\/2021\/05\/home-1-rev-3-300x207.png 300w\" sizes=\"(max-width: 396px) 100vw, 396px\" \/>\t\t\t\t\t\t\t\t\t\t\t\t\t\t\t<\/div>\n\t\t\t\t<\/div>\n\t\t\t\t\t<\/div>\n\t\t<\/div>\n\t\t\t\t<div class=\"elementor-column elementor-col-50 elementor-top-column elementor-element elementor-element-f717458\" data-id=\"f717458\" data-element_type=\"column\" data-e-type=\"column\">\n\t\t\t<div class=\"elementor-widget-wrap elementor-element-populated\">\n\t\t\t\t\t\t<div class=\"elementor-element elementor-element-8aa04dd elementor-widget elementor-widget-heading\" data-id=\"8aa04dd\" data-element_type=\"widget\" data-e-type=\"widget\" data-widget_type=\"heading.default\">\n\t\t\t\t<div class=\"elementor-widget-container\">\n\t\t\t\t\t<h2 class=\"elementor-heading-title elementor-size-default\">Los Mon\u00f3logos de Ludovico<\/h2>\t\t\t\t<\/div>\n\t\t\t\t<\/div>\n\t\t\t\t<div class=\"elementor-element elementor-element-d110cbc elementor-widget elementor-widget-text-editor\" data-id=\"d110cbc\" data-element_type=\"widget\" data-e-type=\"widget\" data-widget_type=\"text-editor.default\">\n\t\t\t\t<div class=\"elementor-widget-container\">\n\t\t\t\t\t\t\t\t\t<p>Lorem ipsum dolor sit amet, consectetur adipiscing elit. Ut elit tellus, luctus nec ullamcorper mattis, pulvinar dapibus leo.Lorem ipsum dolor sit amet, consectetur adipiscing elit. Ut elit tellus, luctus nec ullamcorper mattis, pulvinar dapibus leo.Lorem ipsum dolor sit amet, consectetur adipiscing elit. Ut elit tellus, luctus nec ullamcorper mattis, pulvinar dapibus leo.Lorem ipsum dolor sit amet, consectetur adipiscing elit. Ut elit tellus, luctus nec ullamcorper mattis, pulvinar dapibus leo.Lorem ipsum dolor sit amet, consectetur adipiscing elit. Ut elit tellus, luctus nec ullamcorper mattis, pulvinar dapibus leo.Lorem ipsum dolor sit amet, consectetur adipiscing elit. Ut elit tellus, luctus nec ullamcorper mattis, pulvinar dapibus leo.Lorem ipsum dolor sit amet, consectetur adipiscing elit. Ut elit tellus, luctus nec ullamcorper mattis, pulvinar dapibus leo.Lorem ipsum dolor sit amet, consectetur adipiscing elit. Ut elit tellus, luctus nec ullamcorper mattis, pulvinar dapibus leo.<\/p>\t\t\t\t\t\t\t\t<\/div>\n\t\t\t\t<\/div>\n\t\t\t\t\t<\/div>\n\t\t<\/div>\n\t\t\t\t\t<\/div>\n\t\t<\/section>\n\t\t\t\t<\/div>\n\t\t","protected":false},"excerpt":{"rendered":"<p>Flores para Mar\u00eda Sucel \u2013 En espa\u00f1ol Flores para Mar\u00eda Sucel\u00a0pone de manifiesto su riqueza dram\u00e1tica, en una novela, que evoca y sobrevalora los exilios del ser en sus diferentes formas: El desplazamiento f\u00edsico en busca de un mundo mejor; el desapego y ruptura con el n\u00facleo familiar; el sometimiento silencioso de la mujer a [&hellip;]<\/p>\n","protected":false},"author":4,"featured_media":0,"parent":0,"menu_order":0,"comment_status":"closed","ping_status":"closed","template":"page-full-width.php","meta":{"footnotes":""},"class_list":["post-5545","page","type-page","status-publish","hentry"],"yoast_head":"<!-- This site is optimized with the Yoast SEO plugin v24.4 - https:\/\/yoast.com\/wordpress\/plugins\/seo\/ -->\n<title>Libros - Book&amp;Bilias<\/title>\n<meta name=\"description\" content=\"Descubre los libros de William Casta\u00f1o-Bedoya, como &quot;Flores para Mar\u00eda Sucel&quot; y &quot;Los Mon\u00f3logos de Ludovico&quot;.\" \/>\n<meta name=\"robots\" content=\"index, follow, max-snippet:-1, max-image-preview:large, max-video-preview:-1\" \/>\n<link rel=\"canonical\" href=\"https:\/\/bookandbilias.us\/es\/libros\/\" \/>\n<meta property=\"og:locale\" content=\"es_ES\" \/>\n<meta property=\"og:type\" content=\"article\" \/>\n<meta property=\"og:title\" content=\"Libros - Book&amp;Bilias\" \/>\n<meta property=\"og:description\" content=\"Descubre los libros de William Casta\u00f1o-Bedoya, como &quot;Flores para Mar\u00eda Sucel&quot; y &quot;Los Mon\u00f3logos de Ludovico&quot;.\" \/>\n<meta property=\"og:url\" content=\"https:\/\/bookandbilias.us\/es\/libros\/\" \/>\n<meta property=\"og:site_name\" content=\"Book&amp;Bilias\" \/>\n<meta property=\"article:modified_time\" content=\"2025-04-11T02:48:41+00:00\" \/>\n<meta property=\"og:image\" content=\"https:\/\/bookandbilias.us\/wp-content\/uploads\/2020\/09\/hardcoverflores800x800.png\" \/>\n<meta name=\"twitter:card\" content=\"summary_large_image\" \/>\n<meta name=\"twitter:label1\" content=\"Tiempo de lectura\" \/>\n\t<meta name=\"twitter:data1\" content=\"2 minutos\" \/>\n<script type=\"application\/ld+json\" class=\"yoast-schema-graph\">{\"@context\":\"https:\/\/schema.org\",\"@graph\":[{\"@type\":\"WebPage\",\"@id\":\"https:\/\/bookandbilias.us\/es\/libros\/\",\"url\":\"https:\/\/bookandbilias.us\/es\/libros\/\",\"name\":\"Libros - Book&amp;Bilias\",\"isPartOf\":{\"@id\":\"https:\/\/bookandbilias.us\/es\/#website\"},\"primaryImageOfPage\":{\"@id\":\"https:\/\/bookandbilias.us\/es\/libros\/#primaryimage\"},\"image\":{\"@id\":\"https:\/\/bookandbilias.us\/es\/libros\/#primaryimage\"},\"thumbnailUrl\":\"https:\/\/bookandbilias.us\/wp-content\/uploads\/2020\/09\/hardcoverflores800x800.png\",\"datePublished\":\"2021-05-25T05:04:10+00:00\",\"dateModified\":\"2025-04-11T02:48:41+00:00\",\"description\":\"Descubre los libros de William Casta\u00f1o-Bedoya, como \\\"Flores para Mar\u00eda Sucel\\\" y \\\"Los Mon\u00f3logos de Ludovico\\\".\",\"breadcrumb\":{\"@id\":\"https:\/\/bookandbilias.us\/es\/libros\/#breadcrumb\"},\"inLanguage\":\"es\",\"potentialAction\":[{\"@type\":\"ReadAction\",\"target\":[\"https:\/\/bookandbilias.us\/es\/libros\/\"]}]},{\"@type\":\"ImageObject\",\"inLanguage\":\"es\",\"@id\":\"https:\/\/bookandbilias.us\/es\/libros\/#primaryimage\",\"url\":\"https:\/\/bookandbilias.us\/wp-content\/uploads\/2020\/09\/hardcoverflores800x800.png\",\"contentUrl\":\"https:\/\/bookandbilias.us\/wp-content\/uploads\/2020\/09\/hardcoverflores800x800.png\"},{\"@type\":\"BreadcrumbList\",\"@id\":\"https:\/\/bookandbilias.us\/es\/libros\/#breadcrumb\",\"itemListElement\":[{\"@type\":\"ListItem\",\"position\":1,\"name\":\"Portada\",\"item\":\"https:\/\/bookandbilias.us\/es\/\"},{\"@type\":\"ListItem\",\"position\":2,\"name\":\"Books\"}]},{\"@type\":\"WebSite\",\"@id\":\"https:\/\/bookandbilias.us\/es\/#website\",\"url\":\"https:\/\/bookandbilias.us\/es\/\",\"name\":\"Book&Bilias\",\"description\":\"\",\"publisher\":{\"@id\":\"https:\/\/bookandbilias.us\/es\/#organization\"},\"potentialAction\":[{\"@type\":\"SearchAction\",\"target\":{\"@type\":\"EntryPoint\",\"urlTemplate\":\"https:\/\/bookandbilias.us\/es\/?s={search_term_string}\"},\"query-input\":{\"@type\":\"PropertyValueSpecification\",\"valueRequired\":true,\"valueName\":\"search_term_string\"}}],\"inLanguage\":\"es\"},{\"@type\":\"Organization\",\"@id\":\"https:\/\/bookandbilias.us\/es\/#organization\",\"name\":\"Book&Bilias\",\"url\":\"https:\/\/bookandbilias.us\/es\/\",\"logo\":{\"@type\":\"ImageObject\",\"inLanguage\":\"es\",\"@id\":\"https:\/\/bookandbilias.us\/es\/#\/schema\/logo\/image\/\",\"url\":\"https:\/\/bookandbilias.us\/wp-content\/uploads\/2021\/05\/logo-01-light-copy.png\",\"contentUrl\":\"https:\/\/bookandbilias.us\/wp-content\/uploads\/2021\/05\/logo-01-light-copy.png\",\"width\":346,\"height\":52,\"caption\":\"Book&Bilias\"},\"image\":{\"@id\":\"https:\/\/bookandbilias.us\/es\/#\/schema\/logo\/image\/\"}}]}<\/script>\n<!-- \/ Yoast SEO plugin. -->","yoast_head_json":{"title":"Libros - Book&amp;Bilias","description":"Descubre los libros de William Casta\u00f1o-Bedoya, como \"Flores para Mar\u00eda Sucel\" y \"Los Mon\u00f3logos de Ludovico\".","robots":{"index":"index","follow":"follow","max-snippet":"max-snippet:-1","max-image-preview":"max-image-preview:large","max-video-preview":"max-video-preview:-1"},"canonical":"https:\/\/bookandbilias.us\/es\/libros\/","og_locale":"es_ES","og_type":"article","og_title":"Libros - Book&amp;Bilias","og_description":"Descubre los libros de William Casta\u00f1o-Bedoya, como \"Flores para Mar\u00eda Sucel\" y \"Los Mon\u00f3logos de Ludovico\".","og_url":"https:\/\/bookandbilias.us\/es\/libros\/","og_site_name":"Book&amp;Bilias","article_modified_time":"2025-04-11T02:48:41+00:00","og_image":[{"url":"https:\/\/bookandbilias.us\/wp-content\/uploads\/2020\/09\/hardcoverflores800x800.png","type":"","width":"","height":""}],"twitter_card":"summary_large_image","twitter_misc":{"Tiempo de lectura":"2 minutos"},"schema":{"@context":"https:\/\/schema.org","@graph":[{"@type":"WebPage","@id":"https:\/\/bookandbilias.us\/es\/libros\/","url":"https:\/\/bookandbilias.us\/es\/libros\/","name":"Libros - Book&amp;Bilias","isPartOf":{"@id":"https:\/\/bookandbilias.us\/es\/#website"},"primaryImageOfPage":{"@id":"https:\/\/bookandbilias.us\/es\/libros\/#primaryimage"},"image":{"@id":"https:\/\/bookandbilias.us\/es\/libros\/#primaryimage"},"thumbnailUrl":"https:\/\/bookandbilias.us\/wp-content\/uploads\/2020\/09\/hardcoverflores800x800.png","datePublished":"2021-05-25T05:04:10+00:00","dateModified":"2025-04-11T02:48:41+00:00","description":"Descubre los libros de William Casta\u00f1o-Bedoya, como \"Flores para Mar\u00eda Sucel\" y \"Los Mon\u00f3logos de Ludovico\".","breadcrumb":{"@id":"https:\/\/bookandbilias.us\/es\/libros\/#breadcrumb"},"inLanguage":"es","potentialAction":[{"@type":"ReadAction","target":["https:\/\/bookandbilias.us\/es\/libros\/"]}]},{"@type":"ImageObject","inLanguage":"es","@id":"https:\/\/bookandbilias.us\/es\/libros\/#primaryimage","url":"https:\/\/bookandbilias.us\/wp-content\/uploads\/2020\/09\/hardcoverflores800x800.png","contentUrl":"https:\/\/bookandbilias.us\/wp-content\/uploads\/2020\/09\/hardcoverflores800x800.png"},{"@type":"BreadcrumbList","@id":"https:\/\/bookandbilias.us\/es\/libros\/#breadcrumb","itemListElement":[{"@type":"ListItem","position":1,"name":"Portada","item":"https:\/\/bookandbilias.us\/es\/"},{"@type":"ListItem","position":2,"name":"Books"}]},{"@type":"WebSite","@id":"https:\/\/bookandbilias.us\/es\/#website","url":"https:\/\/bookandbilias.us\/es\/","name":"Book&Bilias","description":"","publisher":{"@id":"https:\/\/bookandbilias.us\/es\/#organization"},"potentialAction":[{"@type":"SearchAction","target":{"@type":"EntryPoint","urlTemplate":"https:\/\/bookandbilias.us\/es\/?s={search_term_string}"},"query-input":{"@type":"PropertyValueSpecification","valueRequired":true,"valueName":"search_term_string"}}],"inLanguage":"es"},{"@type":"Organization","@id":"https:\/\/bookandbilias.us\/es\/#organization","name":"Book&Bilias","url":"https:\/\/bookandbilias.us\/es\/","logo":{"@type":"ImageObject","inLanguage":"es","@id":"https:\/\/bookandbilias.us\/es\/#\/schema\/logo\/image\/","url":"https:\/\/bookandbilias.us\/wp-content\/uploads\/2021\/05\/logo-01-light-copy.png","contentUrl":"https:\/\/bookandbilias.us\/wp-content\/uploads\/2021\/05\/logo-01-light-copy.png","width":346,"height":52,"caption":"Book&Bilias"},"image":{"@id":"https:\/\/bookandbilias.us\/es\/#\/schema\/logo\/image\/"}}]}},"_links":{"self":[{"href":"https:\/\/bookandbilias.us\/es\/wp-json\/wp\/v2\/pages\/5545","targetHints":{"allow":["GET"]}}],"collection":[{"href":"https:\/\/bookandbilias.us\/es\/wp-json\/wp\/v2\/pages"}],"about":[{"href":"https:\/\/bookandbilias.us\/es\/wp-json\/wp\/v2\/types\/page"}],"author":[{"embeddable":true,"href":"https:\/\/bookandbilias.us\/es\/wp-json\/wp\/v2\/users\/4"}],"replies":[{"embeddable":true,"href":"https:\/\/bookandbilias.us\/es\/wp-json\/wp\/v2\/comments?post=5545"}],"version-history":[{"count":4,"href":"https:\/\/bookandbilias.us\/es\/wp-json\/wp\/v2\/pages\/5545\/revisions"}],"predecessor-version":[{"id":9797,"href":"https:\/\/bookandbilias.us\/es\/wp-json\/wp\/v2\/pages\/5545\/revisions\/9797"}],"wp:attachment":[{"href":"https:\/\/bookandbilias.us\/es\/wp-json\/wp\/v2\/media?parent=5545"}],"curies":[{"name":"wp","href":"https:\/\/api.w.org\/{rel}","templated":true}]}}