{"id":10526,"date":"2026-02-19T16:15:39","date_gmt":"2026-02-19T16:15:39","guid":{"rendered":"https:\/\/bookandbilias.us\/?page_id=10526"},"modified":"2026-03-09T20:03:36","modified_gmt":"2026-03-09T20:03:36","slug":"autor","status":"publish","type":"page","link":"https:\/\/bookandbilias.us\/es\/autor\/","title":{"rendered":"Author"},"content":{"rendered":"\t\t<div data-elementor-type=\"wp-page\" data-elementor-id=\"10526\" class=\"elementor elementor-10526 elementor-10524\" data-elementor-post-type=\"page\">\n\t\t\t\t\t\t<section class=\"elementor-section elementor-top-section elementor-element elementor-element-a8a4da0 elementor-reverse-tablet elementor-reverse-mobile elementor-section-boxed elementor-section-height-default elementor-section-height-default qodef-elementor-content-no\" data-id=\"a8a4da0\" data-element_type=\"section\" data-e-type=\"section\">\n\t\t\t\t\t\t<div class=\"elementor-container elementor-column-gap-default\">\n\t\t\t\t\t<div class=\"elementor-column elementor-col-100 elementor-top-column elementor-element elementor-element-aef3069\" data-id=\"aef3069\" data-element_type=\"column\" data-e-type=\"column\">\n\t\t\t<div class=\"elementor-widget-wrap elementor-element-populated\">\n\t\t\t\t\t\t<div class=\"elementor-element elementor-element-c839612 elementor-widget elementor-widget-image\" data-id=\"c839612\" data-element_type=\"widget\" data-e-type=\"widget\" data-widget_type=\"image.default\">\n\t\t\t\t<div class=\"elementor-widget-container\">\n\t\t\t\t\t\t\t\t\t\t\t\t\t\t\t<img fetchpriority=\"high\" decoding=\"async\" width=\"1024\" height=\"1024\" src=\"https:\/\/bookandbilias.us\/wp-content\/uploads\/2026\/02\/goodreads-foto-squared-1024x1024.jpg\" class=\"attachment-large size-large wp-image-10459\" alt=\"\" srcset=\"https:\/\/bookandbilias.us\/wp-content\/uploads\/2026\/02\/goodreads-foto-squared-1024x1024.jpg 1024w, https:\/\/bookandbilias.us\/wp-content\/uploads\/2026\/02\/goodreads-foto-squared-300x300.jpg 300w, https:\/\/bookandbilias.us\/wp-content\/uploads\/2026\/02\/goodreads-foto-squared-150x150.jpg 150w, https:\/\/bookandbilias.us\/wp-content\/uploads\/2026\/02\/goodreads-foto-squared-768x768.jpg 768w, https:\/\/bookandbilias.us\/wp-content\/uploads\/2026\/02\/goodreads-foto-squared-650x650.jpg 650w, https:\/\/bookandbilias.us\/wp-content\/uploads\/2026\/02\/goodreads-foto-squared-1300x1300.jpg 1300w, https:\/\/bookandbilias.us\/wp-content\/uploads\/2026\/02\/goodreads-foto-squared-600x600.jpg 600w, https:\/\/bookandbilias.us\/wp-content\/uploads\/2026\/02\/goodreads-foto-squared-100x100.jpg 100w, https:\/\/bookandbilias.us\/wp-content\/uploads\/2026\/02\/goodreads-foto-squared.jpg 1497w\" sizes=\"(max-width: 1024px) 100vw, 1024px\" \/>\t\t\t\t\t\t\t\t\t\t\t\t\t\t\t<\/div>\n\t\t\t\t<\/div>\n\t\t\t\t<div class=\"elementor-element elementor-element-1b8c83e elementor-widget elementor-widget-heading\" data-id=\"1b8c83e\" data-element_type=\"widget\" data-e-type=\"widget\" data-widget_type=\"heading.default\">\n\t\t\t\t<div class=\"elementor-widget-container\">\n\t\t\t\t\t<h2 class=\"elementor-heading-title elementor-size-default\">WILLIAM CASTANO-BEDOYA<\/h2>\t\t\t\t<\/div>\n\t\t\t\t<\/div>\n\t\t\t\t<div class=\"elementor-element elementor-element-fba6090 elementor-widget elementor-widget-text-editor\" data-id=\"fba6090\" data-element_type=\"widget\" data-e-type=\"widget\" data-widget_type=\"text-editor.default\">\n\t\t\t\t<div class=\"elementor-widget-container\">\n\t\t\t\t\t\t\t\t\t<p class=\"p1\"><span style=\"color: #333333;\"><em>Nacido en Armenia, Colombia. Vive y escribe en Coral Gables, Florida.<\/em><\/span><\/p><p class=\"p1\"><span style=\"color: #333333;\">Novelista y ensayista narrativo estadounidense que explora la \u00e9tica de la empat\u00eda, el exilio interior y la vulnerabilidad humana.<\/span><\/p><p class=\"p1\"><span style=\"color: #333333;\">William Casta\u00f1o-Bedoya escribe ficci\u00f3n como una forma de indagaci\u00f3n moral secular, centrada en las arquitecturas interiores de la conciencia, la dignidad, el desarraigo y la empat\u00eda. Sus narrativas examinan la finitud, la enfermedad y la vulnerabilidad como condiciones definitorias de la vida contempor\u00e1nea, y exploran el amor bajo presi\u00f3n \u00e9tica como un espacio donde colisionan poder, libertad y responsabilidad.<\/span><\/p><p class=\"p1\"><span style=\"color: #333333;\">Su obra reflexiona sobre los contratos sociales y las poblaciones invisibles, revelando c\u00f3mo las sociedades modernas construyen exclusi\u00f3n, silencio y puntos ciegos morales. Asimismo, aborda la neurodiversidad y la inocencia moral como interrogantes filos\u00f3ficos que cuestionan las concepciones normativas de voluntad, culpa y responsabilidad.<\/span><\/p><p class=\"p1\"><span style=\"color: #333333;\">En \u00faltima instancia, su escritura concibe la empat\u00eda no solo como un sentimiento, sino como una arquitectura pol\u00edtica y \u00e9tica capaz de transformar la convivencia humana.<\/span><\/p><p class=\"p1\"><span style=\"color: #333333;\">UNIVERSO TEM\u00c1TICO Y L\u00cdNEAS DE INVESTIGACI\u00d3N<\/span><\/p><p class=\"p1\"><span style=\"color: #333333;\">Su obra examina las infraestructuras \u00e9ticas de la vida moderna, incluyendo la pol\u00edtica de la empat\u00eda, la \u00e9tica de la vulnerabilidad y las fr\u00e1giles arquitecturas de la conciencia contempor\u00e1nea.<\/span><\/p>\t\t\t\t\t\t\t\t<\/div>\n\t\t\t\t<\/div>\n\t\t\t\t\t<\/div>\n\t\t<\/div>\n\t\t\t\t\t<\/div>\n\t\t<\/section>\n\t\t\t\t<section class=\"elementor-section elementor-top-section elementor-element elementor-element-9c92fd1 elementor-section-boxed elementor-section-height-default elementor-section-height-default qodef-elementor-content-no\" data-id=\"9c92fd1\" data-element_type=\"section\" data-e-type=\"section\">\n\t\t\t\t\t\t<div class=\"elementor-container elementor-column-gap-default\">\n\t\t\t\t\t<div class=\"elementor-column elementor-col-100 elementor-top-column elementor-element elementor-element-14d94af\" data-id=\"14d94af\" data-element_type=\"column\" data-e-type=\"column\">\n\t\t\t<div class=\"elementor-widget-wrap elementor-element-populated\">\n\t\t\t\t\t\t<div class=\"elementor-element elementor-element-8042f01 elementor-widget elementor-widget-accordion\" data-id=\"8042f01\" data-element_type=\"widget\" data-e-type=\"widget\" data-widget_type=\"accordion.default\">\n\t\t\t\t<div class=\"elementor-widget-container\">\n\t\t\t\t\t\t\t<div class=\"elementor-accordion\">\n\t\t\t\t\t\t\t<div class=\"elementor-accordion-item\">\n\t\t\t\t\t<div id=\"elementor-tab-title-1341\" class=\"elementor-tab-title\" data-tab=\"1\" role=\"button\" aria-controls=\"elementor-tab-content-1341\" aria-expanded=\"false\">\n\t\t\t\t\t\t\t\t\t\t\t\t\t<span class=\"elementor-accordion-icon elementor-accordion-icon-left\" aria-hidden=\"true\">\n\t\t\t\t\t\t\t\t\t\t\t\t\t\t\t<span class=\"elementor-accordion-icon-closed\"><i class=\"fas fa-plus\"><\/i><\/span>\n\t\t\t\t\t\t\t\t<span class=\"elementor-accordion-icon-opened\"><i class=\"fas fa-minus\"><\/i><\/span>\n\t\t\t\t\t\t\t\t\t\t\t\t\t\t<\/span>\n\t\t\t\t\t\t\t\t\t\t\t\t<a class=\"elementor-accordion-title\" tabindex=\"0\">Universo tem\u00e1tico<\/a>\n\t\t\t\t\t<\/div>\n\t\t\t\t\t<div id=\"elementor-tab-content-1341\" class=\"elementor-tab-content elementor-clearfix\" data-tab=\"1\" role=\"region\" aria-labelledby=\"elementor-tab-title-1341\"><p class=\"p1\"><span style=\"color: #333333;\">Conciencia e interioridad<\/span><\/p><p class=\"p1\"><span style=\"color: #333333;\">Finitud, enfermedad y dignidad<\/span><\/p><p class=\"p1\"><span style=\"color: #333333;\">Amor bajo presion etica<\/span><\/p><p class=\"p1\"><span style=\"color: #333333;\">Neurodiversidad e inocencia moral<\/span><\/p><p class=\"p1\"><span style=\"color: #333333;\">Contratos sociales y poblaciones invisibles<\/span><\/p><p class=\"p1\"><span style=\"color: #333333;\">Empatia como arquitectura politica<\/span><\/p><\/div>\n\t\t\t\t<\/div>\n\t\t\t\t\t\t\t<div class=\"elementor-accordion-item\">\n\t\t\t\t\t<div id=\"elementor-tab-title-1342\" class=\"elementor-tab-title\" data-tab=\"2\" role=\"button\" aria-controls=\"elementor-tab-content-1342\" aria-expanded=\"false\">\n\t\t\t\t\t\t\t\t\t\t\t\t\t<span class=\"elementor-accordion-icon elementor-accordion-icon-left\" aria-hidden=\"true\">\n\t\t\t\t\t\t\t\t\t\t\t\t\t\t\t<span class=\"elementor-accordion-icon-closed\"><i class=\"fas fa-plus\"><\/i><\/span>\n\t\t\t\t\t\t\t\t<span class=\"elementor-accordion-icon-opened\"><i class=\"fas fa-minus\"><\/i><\/span>\n\t\t\t\t\t\t\t\t\t\t\t\t\t\t<\/span>\n\t\t\t\t\t\t\t\t\t\t\t\t<a class=\"elementor-accordion-title\" tabindex=\"0\">Trabajos literarios<\/a>\n\t\t\t\t\t<\/div>\n\t\t\t\t\t<div id=\"elementor-tab-content-1342\" class=\"elementor-tab-content elementor-clearfix\" data-tab=\"2\" role=\"region\" aria-labelledby=\"elementor-tab-title-1342\"><ul><li><span style=\"color: #333333;\"><em>La intrigante quietud de las mareas<\/em><\/span><\/li><li><span style=\"color: #333333;\"><em>Nos vemos en Estocolmo<\/em><\/span><\/li><li><span style=\"color: #333333;\"><em>Los mendigos de la luz de mercurio: We the Other People<\/em><\/span><\/li><li><span style=\"color: #333333;\"><em>Ludovico<\/em><\/span><\/li><li><span style=\"color: #333333;\"><em>El Galp\u00f3n<\/em><\/span><\/li><li><span style=\"color: #333333;\"><em>Flores para Mar\u00eda Sucel<\/em><\/span><\/li><\/ul><\/div>\n\t\t\t\t<\/div>\n\t\t\t\t\t\t\t<div class=\"elementor-accordion-item\">\n\t\t\t\t\t<div id=\"elementor-tab-title-1343\" class=\"elementor-tab-title\" data-tab=\"3\" role=\"button\" aria-controls=\"elementor-tab-content-1343\" aria-expanded=\"false\">\n\t\t\t\t\t\t\t\t\t\t\t\t\t<span class=\"elementor-accordion-icon elementor-accordion-icon-left\" aria-hidden=\"true\">\n\t\t\t\t\t\t\t\t\t\t\t\t\t\t\t<span class=\"elementor-accordion-icon-closed\"><i class=\"fas fa-plus\"><\/i><\/span>\n\t\t\t\t\t\t\t\t<span class=\"elementor-accordion-icon-opened\"><i class=\"fas fa-minus\"><\/i><\/span>\n\t\t\t\t\t\t\t\t\t\t\t\t\t\t<\/span>\n\t\t\t\t\t\t\t\t\t\t\t\t<a class=\"elementor-accordion-title\" tabindex=\"0\">Proyectos intelectuales en desarrollo<\/a>\n\t\t\t\t\t<\/div>\n\t\t\t\t\t<div id=\"elementor-tab-content-1343\" class=\"elementor-tab-content elementor-clearfix\" data-tab=\"3\" role=\"region\" aria-labelledby=\"elementor-tab-title-1343\"><p class=\"p1\"><span style=\"color: #333333;\"><b>Homo Sapiens Empatheticus: <\/b><b><\/b>Una novela especulativa que explora la empat\u00eda como arquitectura de gobierno en las sociedades del futuro.<\/span><\/p><p class=\"p1\"><span style=\"color: #333333;\"><b>The Life Amendment: <\/b><b><\/b>Un manifiesto narrativo-filos\u00f3fico sobre la \u00e9tica de la vida, el miedo y la responsabilidad constitucional.<\/span><\/p><p class=\"p1\"><span style=\"color: #333333;\"><b>Three Miles Chronicles: <\/b><b><\/b>Una serie de ensayos narrativos escritos durante caminatas diarias, que combinan filosof\u00eda, pol\u00edtica y reflexi\u00f3n literaria.<\/span><\/p><\/div>\n\t\t\t\t<\/div>\n\t\t\t\t\t\t\t<div class=\"elementor-accordion-item\">\n\t\t\t\t\t<div id=\"elementor-tab-title-1344\" class=\"elementor-tab-title\" data-tab=\"4\" role=\"button\" aria-controls=\"elementor-tab-content-1344\" aria-expanded=\"false\">\n\t\t\t\t\t\t\t\t\t\t\t\t\t<span class=\"elementor-accordion-icon elementor-accordion-icon-left\" aria-hidden=\"true\">\n\t\t\t\t\t\t\t\t\t\t\t\t\t\t\t<span class=\"elementor-accordion-icon-closed\"><i class=\"fas fa-plus\"><\/i><\/span>\n\t\t\t\t\t\t\t\t<span class=\"elementor-accordion-icon-opened\"><i class=\"fas fa-minus\"><\/i><\/span>\n\t\t\t\t\t\t\t\t\t\t\t\t\t\t<\/span>\n\t\t\t\t\t\t\t\t\t\t\t\t<a class=\"elementor-accordion-title\" tabindex=\"0\">Dialogo con lectores e instituciones<\/a>\n\t\t\t\t\t<\/div>\n\t\t\t\t\t<div id=\"elementor-tab-content-1344\" class=\"elementor-tab-content elementor-clearfix\" data-tab=\"4\" role=\"region\" aria-labelledby=\"elementor-tab-title-1344\"><p class=\"p1\"><span style=\"color: #333333;\">Su trayectoria literaria ha estado marcada por la exploraci\u00f3n interior y la publicaci\u00f3n independiente. Tras consolidar este cuerpo de obra, participa ahora de forma selectiva en di\u00e1logos intelectuales, encuentros literarios y conversaciones p\u00fablicas.<\/span><\/p><\/div>\n\t\t\t\t<\/div>\n\t\t\t\t\t\t\t\t<\/div>\n\t\t\t\t\t\t<\/div>\n\t\t\t\t<\/div>\n\t\t\t\t\t<\/div>\n\t\t<\/div>\n\t\t\t\t\t<\/div>\n\t\t<\/section>\n\t\t\t\t<\/div>\n\t\t","protected":false},"excerpt":{"rendered":"<p>WILLIAM CASTANO-BEDOYA Nacido en Armenia, Colombia. Vive y escribe en Coral Gables, Florida. Novelista y ensayista narrativo estadounidense que explora la \u00e9tica de la empat\u00eda, el exilio interior y la vulnerabilidad humana. William Casta\u00f1o-Bedoya escribe ficci\u00f3n como una forma de indagaci\u00f3n moral secular, centrada en las arquitecturas interiores de la conciencia, la dignidad, el desarraigo [&hellip;]<\/p>\n","protected":false},"author":3,"featured_media":0,"parent":0,"menu_order":0,"comment_status":"closed","ping_status":"closed","template":"page-full-width.php","meta":{"footnotes":""},"class_list":["post-10526","page","type-page","status-publish","hentry"],"yoast_head":"<!-- This site is optimized with the Yoast SEO plugin v24.4 - https:\/\/yoast.com\/wordpress\/plugins\/seo\/ -->\n<title>Author - Book&amp;Bilias<\/title>\n<meta name=\"robots\" content=\"index, follow, max-snippet:-1, max-image-preview:large, max-video-preview:-1\" \/>\n<link rel=\"canonical\" href=\"https:\/\/bookandbilias.us\/es\/autor\/\" \/>\n<meta property=\"og:locale\" content=\"es_ES\" \/>\n<meta property=\"og:type\" content=\"article\" \/>\n<meta property=\"og:title\" content=\"Author - Book&amp;Bilias\" \/>\n<meta property=\"og:description\" content=\"WILLIAM CASTANO-BEDOYA Nacido en Armenia, Colombia. Vive y escribe en Coral Gables, Florida. Novelista y ensayista narrativo estadounidense que explora la \u00e9tica de la empat\u00eda, el exilio interior y la vulnerabilidad humana. William Casta\u00f1o-Bedoya escribe ficci\u00f3n como una forma de indagaci\u00f3n moral secular, centrada en las arquitecturas interiores de la conciencia, la dignidad, el desarraigo [&hellip;]\" \/>\n<meta property=\"og:url\" content=\"https:\/\/bookandbilias.us\/es\/autor\/\" \/>\n<meta property=\"og:site_name\" content=\"Book&amp;Bilias\" \/>\n<meta property=\"article:modified_time\" content=\"2026-03-09T20:03:36+00:00\" \/>\n<meta property=\"og:image\" content=\"https:\/\/bookandbilias.us\/wp-content\/uploads\/2026\/02\/goodreads-foto-squared-1024x1024.jpg\" \/>\n<meta name=\"twitter:card\" content=\"summary_large_image\" \/>\n<meta name=\"twitter:label1\" content=\"Tiempo de lectura\" \/>\n\t<meta name=\"twitter:data1\" content=\"2 minutos\" \/>\n<script type=\"application\/ld+json\" class=\"yoast-schema-graph\">{\"@context\":\"https:\/\/schema.org\",\"@graph\":[{\"@type\":\"WebPage\",\"@id\":\"https:\/\/bookandbilias.us\/es\/autor\/\",\"url\":\"https:\/\/bookandbilias.us\/es\/autor\/\",\"name\":\"Author - Book&amp;Bilias\",\"isPartOf\":{\"@id\":\"https:\/\/bookandbilias.us\/es\/#website\"},\"primaryImageOfPage\":{\"@id\":\"https:\/\/bookandbilias.us\/es\/autor\/#primaryimage\"},\"image\":{\"@id\":\"https:\/\/bookandbilias.us\/es\/autor\/#primaryimage\"},\"thumbnailUrl\":\"https:\/\/bookandbilias.us\/wp-content\/uploads\/2026\/02\/goodreads-foto-squared-1024x1024.jpg\",\"datePublished\":\"2026-02-19T16:15:39+00:00\",\"dateModified\":\"2026-03-09T20:03:36+00:00\",\"breadcrumb\":{\"@id\":\"https:\/\/bookandbilias.us\/es\/autor\/#breadcrumb\"},\"inLanguage\":\"es\",\"potentialAction\":[{\"@type\":\"ReadAction\",\"target\":[\"https:\/\/bookandbilias.us\/es\/autor\/\"]}]},{\"@type\":\"ImageObject\",\"inLanguage\":\"es\",\"@id\":\"https:\/\/bookandbilias.us\/es\/autor\/#primaryimage\",\"url\":\"https:\/\/bookandbilias.us\/wp-content\/uploads\/2026\/02\/goodreads-foto-squared-1024x1024.jpg\",\"contentUrl\":\"https:\/\/bookandbilias.us\/wp-content\/uploads\/2026\/02\/goodreads-foto-squared-1024x1024.jpg\"},{\"@type\":\"BreadcrumbList\",\"@id\":\"https:\/\/bookandbilias.us\/es\/autor\/#breadcrumb\",\"itemListElement\":[{\"@type\":\"ListItem\",\"position\":1,\"name\":\"Portada\",\"item\":\"https:\/\/bookandbilias.us\/es\/\"},{\"@type\":\"ListItem\",\"position\":2,\"name\":\"Author\"}]},{\"@type\":\"WebSite\",\"@id\":\"https:\/\/bookandbilias.us\/es\/#website\",\"url\":\"https:\/\/bookandbilias.us\/es\/\",\"name\":\"Book&Bilias\",\"description\":\"\",\"publisher\":{\"@id\":\"https:\/\/bookandbilias.us\/es\/#organization\"},\"potentialAction\":[{\"@type\":\"SearchAction\",\"target\":{\"@type\":\"EntryPoint\",\"urlTemplate\":\"https:\/\/bookandbilias.us\/es\/?s={search_term_string}\"},\"query-input\":{\"@type\":\"PropertyValueSpecification\",\"valueRequired\":true,\"valueName\":\"search_term_string\"}}],\"inLanguage\":\"es\"},{\"@type\":\"Organization\",\"@id\":\"https:\/\/bookandbilias.us\/es\/#organization\",\"name\":\"Book&Bilias\",\"url\":\"https:\/\/bookandbilias.us\/es\/\",\"logo\":{\"@type\":\"ImageObject\",\"inLanguage\":\"es\",\"@id\":\"https:\/\/bookandbilias.us\/es\/#\/schema\/logo\/image\/\",\"url\":\"https:\/\/bookandbilias.us\/wp-content\/uploads\/2021\/05\/logo-01-light-copy.png\",\"contentUrl\":\"https:\/\/bookandbilias.us\/wp-content\/uploads\/2021\/05\/logo-01-light-copy.png\",\"width\":346,\"height\":52,\"caption\":\"Book&Bilias\"},\"image\":{\"@id\":\"https:\/\/bookandbilias.us\/es\/#\/schema\/logo\/image\/\"}}]}<\/script>\n<!-- \/ Yoast SEO plugin. -->","yoast_head_json":{"title":"Author - Book&amp;Bilias","robots":{"index":"index","follow":"follow","max-snippet":"max-snippet:-1","max-image-preview":"max-image-preview:large","max-video-preview":"max-video-preview:-1"},"canonical":"https:\/\/bookandbilias.us\/es\/autor\/","og_locale":"es_ES","og_type":"article","og_title":"Author - Book&amp;Bilias","og_description":"WILLIAM CASTANO-BEDOYA Nacido en Armenia, Colombia. Vive y escribe en Coral Gables, Florida. Novelista y ensayista narrativo estadounidense que explora la \u00e9tica de la empat\u00eda, el exilio interior y la vulnerabilidad humana. William Casta\u00f1o-Bedoya escribe ficci\u00f3n como una forma de indagaci\u00f3n moral secular, centrada en las arquitecturas interiores de la conciencia, la dignidad, el desarraigo [&hellip;]","og_url":"https:\/\/bookandbilias.us\/es\/autor\/","og_site_name":"Book&amp;Bilias","article_modified_time":"2026-03-09T20:03:36+00:00","og_image":[{"url":"https:\/\/bookandbilias.us\/wp-content\/uploads\/2026\/02\/goodreads-foto-squared-1024x1024.jpg","type":"","width":"","height":""}],"twitter_card":"summary_large_image","twitter_misc":{"Tiempo de lectura":"2 minutos"},"schema":{"@context":"https:\/\/schema.org","@graph":[{"@type":"WebPage","@id":"https:\/\/bookandbilias.us\/es\/autor\/","url":"https:\/\/bookandbilias.us\/es\/autor\/","name":"Author - Book&amp;Bilias","isPartOf":{"@id":"https:\/\/bookandbilias.us\/es\/#website"},"primaryImageOfPage":{"@id":"https:\/\/bookandbilias.us\/es\/autor\/#primaryimage"},"image":{"@id":"https:\/\/bookandbilias.us\/es\/autor\/#primaryimage"},"thumbnailUrl":"https:\/\/bookandbilias.us\/wp-content\/uploads\/2026\/02\/goodreads-foto-squared-1024x1024.jpg","datePublished":"2026-02-19T16:15:39+00:00","dateModified":"2026-03-09T20:03:36+00:00","breadcrumb":{"@id":"https:\/\/bookandbilias.us\/es\/autor\/#breadcrumb"},"inLanguage":"es","potentialAction":[{"@type":"ReadAction","target":["https:\/\/bookandbilias.us\/es\/autor\/"]}]},{"@type":"ImageObject","inLanguage":"es","@id":"https:\/\/bookandbilias.us\/es\/autor\/#primaryimage","url":"https:\/\/bookandbilias.us\/wp-content\/uploads\/2026\/02\/goodreads-foto-squared-1024x1024.jpg","contentUrl":"https:\/\/bookandbilias.us\/wp-content\/uploads\/2026\/02\/goodreads-foto-squared-1024x1024.jpg"},{"@type":"BreadcrumbList","@id":"https:\/\/bookandbilias.us\/es\/autor\/#breadcrumb","itemListElement":[{"@type":"ListItem","position":1,"name":"Portada","item":"https:\/\/bookandbilias.us\/es\/"},{"@type":"ListItem","position":2,"name":"Author"}]},{"@type":"WebSite","@id":"https:\/\/bookandbilias.us\/es\/#website","url":"https:\/\/bookandbilias.us\/es\/","name":"Book&Bilias","description":"","publisher":{"@id":"https:\/\/bookandbilias.us\/es\/#organization"},"potentialAction":[{"@type":"SearchAction","target":{"@type":"EntryPoint","urlTemplate":"https:\/\/bookandbilias.us\/es\/?s={search_term_string}"},"query-input":{"@type":"PropertyValueSpecification","valueRequired":true,"valueName":"search_term_string"}}],"inLanguage":"es"},{"@type":"Organization","@id":"https:\/\/bookandbilias.us\/es\/#organization","name":"Book&Bilias","url":"https:\/\/bookandbilias.us\/es\/","logo":{"@type":"ImageObject","inLanguage":"es","@id":"https:\/\/bookandbilias.us\/es\/#\/schema\/logo\/image\/","url":"https:\/\/bookandbilias.us\/wp-content\/uploads\/2021\/05\/logo-01-light-copy.png","contentUrl":"https:\/\/bookandbilias.us\/wp-content\/uploads\/2021\/05\/logo-01-light-copy.png","width":346,"height":52,"caption":"Book&Bilias"},"image":{"@id":"https:\/\/bookandbilias.us\/es\/#\/schema\/logo\/image\/"}}]}},"_links":{"self":[{"href":"https:\/\/bookandbilias.us\/es\/wp-json\/wp\/v2\/pages\/10526","targetHints":{"allow":["GET"]}}],"collection":[{"href":"https:\/\/bookandbilias.us\/es\/wp-json\/wp\/v2\/pages"}],"about":[{"href":"https:\/\/bookandbilias.us\/es\/wp-json\/wp\/v2\/types\/page"}],"author":[{"embeddable":true,"href":"https:\/\/bookandbilias.us\/es\/wp-json\/wp\/v2\/users\/3"}],"replies":[{"embeddable":true,"href":"https:\/\/bookandbilias.us\/es\/wp-json\/wp\/v2\/comments?post=10526"}],"version-history":[{"count":64,"href":"https:\/\/bookandbilias.us\/es\/wp-json\/wp\/v2\/pages\/10526\/revisions"}],"predecessor-version":[{"id":12074,"href":"https:\/\/bookandbilias.us\/es\/wp-json\/wp\/v2\/pages\/10526\/revisions\/12074"}],"wp:attachment":[{"href":"https:\/\/bookandbilias.us\/es\/wp-json\/wp\/v2\/media?parent=10526"}],"curies":[{"name":"wp","href":"https:\/\/api.w.org\/{rel}","templated":true}]}}